{"id":2000,"date":"2024-04-29T11:10:03","date_gmt":"2024-04-29T09:10:03","guid":{"rendered":"https:\/\/pruebasfit.xyz\/?page_id=2000"},"modified":"2024-08-01T12:25:55","modified_gmt":"2024-08-01T10:25:55","slug":"distribuidores","status":"publish","type":"page","link":"https:\/\/romarglobalcare.com\/pt\/distribuidores\/","title":{"rendered":"Distribuidores"},"content":{"rendered":"<div data-elementor-type=\"wp-page\" data-elementor-id=\"2000\" class=\"elementor elementor-2000\" data-elementor-post-type=\"page\">\n\t\t\t\t<div class=\"elementor-element elementor-element-cfe6084 e-flex e-con-boxed e-con e-parent\" data-id=\"cfe6084\" data-element_type=\"container\" data-e-type=\"container\" data-settings=\"{&quot;background_background&quot;:&quot;classic&quot;,&quot;jet_parallax_layout_list&quot;:[]}\">\n\t\t\t\t\t<div class=\"e-con-inner\">\n\t\t<div class=\"elementor-element elementor-element-06b979d e-con-full e-flex e-con e-child\" data-id=\"06b979d\" data-element_type=\"container\" data-e-type=\"container\" data-settings=\"{&quot;jet_parallax_layout_list&quot;:[]}\">\n\t\t\t\t<div class=\"elementor-element elementor-element-50f3be0 elementor-widget__width-initial elementor-widget-mobile__width-inherit elementor-widget elementor-widget-heading\" data-id=\"50f3be0\" data-element_type=\"widget\" data-e-type=\"widget\" data-widget_type=\"heading.default\">\n\t\t\t\t<div class=\"elementor-widget-container\">\n\t\t\t\t\t<h1 class=\"elementor-heading-title elementor-size-default\">Fabricando para marcas l\u00edderes<\/h1>\t\t\t\t<\/div>\n\t\t\t\t<\/div>\n\t\t\t\t<\/div>\n\t\t\t\t\t<\/div>\n\t\t\t\t<\/div>\n\t\t<div class=\"elementor-element elementor-element-d3ba2e4 e-flex e-con-boxed e-con e-parent\" data-id=\"d3ba2e4\" data-element_type=\"container\" data-e-type=\"container\" data-settings=\"{&quot;jet_parallax_layout_list&quot;:[]}\">\n\t\t\t\t\t<div class=\"e-con-inner\">\n\t\t<div class=\"elementor-element elementor-element-67abaa9 e-con-full e-flex e-con e-child\" data-id=\"67abaa9\" data-element_type=\"container\" data-e-type=\"container\" data-settings=\"{&quot;jet_parallax_layout_list&quot;:[]}\">\n\t\t<div class=\"elementor-element elementor-element-b8170a1 e-con-full e-flex e-con e-child\" data-id=\"b8170a1\" data-element_type=\"container\" data-e-type=\"container\" data-settings=\"{&quot;jet_parallax_layout_list&quot;:[]}\">\n\t\t<div class=\"elementor-element elementor-element-9327049 e-con-full e-flex e-con e-child\" data-id=\"9327049\" data-element_type=\"container\" data-e-type=\"container\" data-settings=\"{&quot;background_background&quot;:&quot;classic&quot;,&quot;jet_parallax_layout_list&quot;:[]}\">\n\t\t\t\t<\/div>\n\t\t\t\t<\/div>\n\t\t<div class=\"elementor-element elementor-element-9e82892 e-con-full e-flex e-con e-child\" data-id=\"9e82892\" data-element_type=\"container\" data-e-type=\"container\" data-settings=\"{&quot;jet_parallax_layout_list&quot;:[]}\">\n\t\t\t\t<div class=\"elementor-element elementor-element-1e67ba4 elementor-widget elementor-widget-heading\" data-id=\"1e67ba4\" data-element_type=\"widget\" data-e-type=\"widget\" data-widget_type=\"heading.default\">\n\t\t\t\t<div class=\"elementor-widget-container\">\n\t\t\t\t\t<h2 class=\"elementor-heading-title elementor-size-default\">Capacidade produtiva \u00fanica<\/h2>\t\t\t\t<\/div>\n\t\t\t\t<\/div>\n\t\t\t\t<div class=\"elementor-element elementor-element-840932a elementor-widget__width-inherit elementor-widget-mobile__width-inherit elementor-widget elementor-widget-text-editor\" data-id=\"840932a\" data-element_type=\"widget\" data-e-type=\"widget\" data-widget_type=\"text-editor.default\">\n\t\t\t\t<div class=\"elementor-widget-container\">\n\t\t\t\t\t\t\t\t\t<p class=\"translation-block\">Marcas de distribui\u00e7\u00e3o de renome confiam na nossa empresa gra\u00e7as \u00e0 <strong>nossa extraordin\u00e1ria capacidade de produ\u00e7\u00e3o<\/strong> e tecnologia avan\u00e7ada, que nos permitem oferecer produtos de alta qualidade a pre\u00e7os muito competitivos.<\/p><p class=\"translation-block\">A efici\u00eancia \u00e9 a nossa for\u00e7a. Esta efic\u00e1cia \u00e9 apoiada na normaliza\u00e7\u00e3o dos nossos processos de produ\u00e7\u00e3o e na dimens\u00e3o das nossas instala\u00e7\u00f5es, adquiridas a grandes empresas internacionais. No total, dispomos de 52.000m2 equipados com a mais recente tecnologia, o que<strong> nos permite satisfazer grandes volumes de produ\u00e7\u00e3o<\/strong> a pre\u00e7os mais competitivos, sem sacrificar a elevada qualidade dos produtos.<\/p>\t\t\t\t\t\t\t\t<\/div>\n\t\t\t\t<\/div>\n\t\t\t\t<\/div>\n\t\t\t\t<\/div>\n\t\t\t\t\t<\/div>\n\t\t\t\t<\/div>\n\t\t\t\t<\/div>","protected":false},"excerpt":{"rendered":"<p>Fabrica\u00e7\u00e3o para marcas l\u00edderes Capacidade de produ\u00e7\u00e3o \u00fanica Marcas de distribui\u00e7\u00e3o renomadas confiam em n\u00f3s gra\u00e7as \u00e0 nossa excelente capacidade [\u2026]<\/p>","protected":false},"author":1,"featured_media":421,"parent":0,"menu_order":0,"comment_status":"closed","ping_status":"closed","template":"","meta":{"_acf_changed":false,"_eb_attr":"","site-sidebar-layout":"no-sidebar","site-content-layout":"","ast-site-content-layout":"full-width-container","site-content-style":"default","site-sidebar-style":"default","ast-global-header-display":"","ast-banner-title-visibility":"","ast-main-header-display":"","ast-hfb-above-header-display":"","ast-hfb-below-header-display":"","ast-hfb-mobile-header-display":"","site-post-title":"disabled","ast-breadcrumbs-content":"","ast-featured-img":"disabled","footer-sml-layout":"","theme-transparent-header-meta":"","adv-header-id-meta":"","stick-header-meta":"","header-above-stick-meta":"","header-main-stick-meta":"","header-below-stick-meta":"","astra-migrate-meta-layouts":"default","ast-page-background-enabled":"default","ast-page-background-meta":{"desktop":{"background-color":"var(--ast-global-color-4)","background-image":"","background-repeat":"repeat","background-position":"center center","background-size":"auto","background-attachment":"scroll","background-type":"","background-media":"","overlay-type":"","overlay-color":"","overlay-opacity":"","overlay-gradient":""},"tablet":{"background-color":"","background-image":"","background-repeat":"repeat","background-position":"center center","background-size":"auto","background-attachment":"scroll","background-type":"","background-media":"","overlay-type":"","overlay-color":"","overlay-opacity":"","overlay-gradient":""},"mobile":{"background-color":"","background-image":"","background-repeat":"repeat","background-position":"center center","background-size":"auto","background-attachment":"scroll","background-type":"","background-media":"","overlay-type":"","overlay-color":"","overlay-opacity":"","overlay-gradient":""}},"ast-content-background-meta":{"desktop":{"background-color":"var(--ast-global-color-5)","background-image":"","background-repeat":"repeat","background-position":"center center","background-size":"auto","background-attachment":"scroll","background-type":"","background-media":"","overlay-type":"","overlay-color":"","overlay-opacity":"","overlay-gradient":""},"tablet":{"background-color":"var(--ast-global-color-5)","background-image":"","background-repeat":"repeat","background-position":"center center","background-size":"auto","background-attachment":"scroll","background-type":"","background-media":"","overlay-type":"","overlay-color":"","overlay-opacity":"","overlay-gradient":""},"mobile":{"background-color":"var(--ast-global-color-5)","background-image":"","background-repeat":"repeat","background-position":"center center","background-size":"auto","background-attachment":"scroll","background-type":"","background-media":"","overlay-type":"","overlay-color":"","overlay-opacity":"","overlay-gradient":""}},"footnotes":""},"class_list":["post-2000","page","type-page","status-publish","has-post-thumbnail","hentry"],"acf":[],"yoast_head":"<!-- This site is optimized with the Yoast SEO plugin v27.2 - https:\/\/yoast.com\/product\/yoast-seo-wordpress\/ -->\n<title>Distribuidores | Romar Global Care<\/title>\n<meta name=\"description\" content=\"Marcas reconocidas conf\u00edan en nosotros por nuestra alta capacidad productiva y tecnolog\u00eda avanzada. Ofrecemos productos de calidad a precios competitivos, con la \u00faltima tecnolog\u00eda.\" \/>\n<meta name=\"robots\" content=\"index, follow, max-snippet:-1, max-image-preview:large, max-video-preview:-1\" \/>\n<link rel=\"canonical\" href=\"https:\/\/romarglobalcare.com\/pt\/distribuidores\/\" \/>\n<meta property=\"og:locale\" content=\"pt_PT\" \/>\n<meta property=\"og:type\" content=\"article\" \/>\n<meta property=\"og:title\" content=\"Distribuidores | Romar Global Care\" \/>\n<meta property=\"og:description\" content=\"Marcas reconocidas conf\u00edan en nosotros por nuestra alta capacidad productiva y tecnolog\u00eda avanzada. Ofrecemos productos de calidad a precios competitivos, con la \u00faltima tecnolog\u00eda.\" \/>\n<meta property=\"og:url\" content=\"https:\/\/romarglobalcare.com\/pt\/distribuidores\/\" \/>\n<meta property=\"og:site_name\" content=\"Romar Global Care\" \/>\n<meta property=\"article:modified_time\" content=\"2024-08-01T10:25:55+00:00\" \/>\n<meta property=\"og:image\" content=\"https:\/\/romarglobalcare.com\/wp-content\/uploads\/2024\/04\/distribuidores-rgc.jpg\" \/>\n\t<meta property=\"og:image:width\" content=\"341\" \/>\n\t<meta property=\"og:image:height\" content=\"398\" \/>\n\t<meta property=\"og:image:type\" content=\"image\/jpeg\" \/>\n<meta name=\"twitter:card\" content=\"summary_large_image\" \/>\n<meta name=\"twitter:label1\" content=\"Tempo estimado de leitura\" \/>\n\t<meta name=\"twitter:data1\" content=\"1 minuto\" \/>\n<script type=\"application\/ld+json\" class=\"yoast-schema-graph\">{\"@context\":\"https:\/\/schema.org\",\"@graph\":[{\"@type\":\"WebPage\",\"@id\":\"https:\/\/romarglobalcare.com\/distribuidores\/\",\"url\":\"https:\/\/romarglobalcare.com\/distribuidores\/\",\"name\":\"Distribuidores | Romar Global Care\",\"isPartOf\":{\"@id\":\"https:\/\/romarglobalcare.com\/#website\"},\"primaryImageOfPage\":{\"@id\":\"https:\/\/romarglobalcare.com\/distribuidores\/#primaryimage\"},\"image\":{\"@id\":\"https:\/\/romarglobalcare.com\/distribuidores\/#primaryimage\"},\"thumbnailUrl\":\"https:\/\/romarglobalcare.com\/wp-content\/uploads\/2024\/04\/distribuidores-rgc.jpg\",\"datePublished\":\"2024-04-29T09:10:03+00:00\",\"dateModified\":\"2024-08-01T10:25:55+00:00\",\"description\":\"Marcas reconocidas conf\u00edan en nosotros por nuestra alta capacidad productiva y tecnolog\u00eda avanzada. Ofrecemos productos de calidad a precios competitivos, con la \u00faltima tecnolog\u00eda.\",\"breadcrumb\":{\"@id\":\"https:\/\/romarglobalcare.com\/distribuidores\/#breadcrumb\"},\"inLanguage\":\"pt-PT\",\"potentialAction\":[{\"@type\":\"ReadAction\",\"target\":[\"https:\/\/romarglobalcare.com\/distribuidores\/\"]}]},{\"@type\":\"ImageObject\",\"inLanguage\":\"pt-PT\",\"@id\":\"https:\/\/romarglobalcare.com\/distribuidores\/#primaryimage\",\"url\":\"https:\/\/romarglobalcare.com\/wp-content\/uploads\/2024\/04\/distribuidores-rgc.jpg\",\"contentUrl\":\"https:\/\/romarglobalcare.com\/wp-content\/uploads\/2024\/04\/distribuidores-rgc.jpg\",\"width\":341,\"height\":398,\"caption\":\"distribuidores rgc\"},{\"@type\":\"BreadcrumbList\",\"@id\":\"https:\/\/romarglobalcare.com\/distribuidores\/#breadcrumb\",\"itemListElement\":[{\"@type\":\"ListItem\",\"position\":1,\"name\":\"Portada\",\"item\":\"https:\/\/romarglobalcare.com\/\"},{\"@type\":\"ListItem\",\"position\":2,\"name\":\"Distribuidores\"}]},{\"@type\":\"WebSite\",\"@id\":\"https:\/\/romarglobalcare.com\/#website\",\"url\":\"https:\/\/romarglobalcare.com\/\",\"name\":\"Romar Global Care\",\"description\":\"\",\"publisher\":{\"@id\":\"https:\/\/romarglobalcare.com\/#organization\"},\"potentialAction\":[{\"@type\":\"SearchAction\",\"target\":{\"@type\":\"EntryPoint\",\"urlTemplate\":\"https:\/\/romarglobalcare.com\/?s={search_term_string}\"},\"query-input\":{\"@type\":\"PropertyValueSpecification\",\"valueRequired\":true,\"valueName\":\"search_term_string\"}}],\"inLanguage\":\"pt-PT\"},{\"@type\":\"Organization\",\"@id\":\"https:\/\/romarglobalcare.com\/#organization\",\"name\":\"Romar Global Care\",\"url\":\"https:\/\/romarglobalcare.com\/\",\"logo\":{\"@type\":\"ImageObject\",\"inLanguage\":\"pt-PT\",\"@id\":\"https:\/\/romarglobalcare.com\/#\/schema\/logo\/image\/\",\"url\":\"https:\/\/romarglobalcare.com\/wp-content\/uploads\/2024\/06\/cropped-logo-footer-1.png\",\"contentUrl\":\"https:\/\/romarglobalcare.com\/wp-content\/uploads\/2024\/06\/cropped-logo-footer-1.png\",\"width\":512,\"height\":512,\"caption\":\"Romar Global Care\"},\"image\":{\"@id\":\"https:\/\/romarglobalcare.com\/#\/schema\/logo\/image\/\"}}]}<\/script>\n<!-- \/ Yoast SEO plugin. -->","yoast_head_json":{"title":"Distribuidores | Romar Global Care","description":"Marcas renomadas confiam em n\u00f3s por nossa alta capacidade de produ\u00e7\u00e3o e tecnologia avan\u00e7ada. Oferecemos produtos de qualidade a pre\u00e7os competitivos, utilizando a mais recente tecnologia.","robots":{"index":"index","follow":"follow","max-snippet":"max-snippet:-1","max-image-preview":"max-image-preview:large","max-video-preview":"max-video-preview:-1"},"canonical":"https:\/\/romarglobalcare.com\/pt\/distribuidores\/","og_locale":"pt_PT","og_type":"article","og_title":"Distribuidores | Romar Global Care","og_description":"Marcas reconocidas conf\u00edan en nosotros por nuestra alta capacidad productiva y tecnolog\u00eda avanzada. Ofrecemos productos de calidad a precios competitivos, con la \u00faltima tecnolog\u00eda.","og_url":"https:\/\/romarglobalcare.com\/pt\/distribuidores\/","og_site_name":"Romar Global Care","article_modified_time":"2024-08-01T10:25:55+00:00","og_image":[{"width":341,"height":398,"url":"https:\/\/romarglobalcare.com\/wp-content\/uploads\/2024\/04\/distribuidores-rgc.jpg","type":"image\/jpeg"}],"twitter_card":"summary_large_image","twitter_misc":{"Tempo estimado de leitura":"1 minuto"},"schema":{"@context":"https:\/\/schema.org","@graph":[{"@type":"WebPage","@id":"https:\/\/romarglobalcare.com\/distribuidores\/","url":"https:\/\/romarglobalcare.com\/distribuidores\/","name":"Distribuidores | Romar Global Care","isPartOf":{"@id":"https:\/\/romarglobalcare.com\/#website"},"primaryImageOfPage":{"@id":"https:\/\/romarglobalcare.com\/distribuidores\/#primaryimage"},"image":{"@id":"https:\/\/romarglobalcare.com\/distribuidores\/#primaryimage"},"thumbnailUrl":"https:\/\/romarglobalcare.com\/wp-content\/uploads\/2024\/04\/distribuidores-rgc.jpg","datePublished":"2024-04-29T09:10:03+00:00","dateModified":"2024-08-01T10:25:55+00:00","description":"Marcas renomadas confiam em n\u00f3s por nossa alta capacidade de produ\u00e7\u00e3o e tecnologia avan\u00e7ada. Oferecemos produtos de qualidade a pre\u00e7os competitivos, utilizando a mais recente tecnologia.","breadcrumb":{"@id":"https:\/\/romarglobalcare.com\/distribuidores\/#breadcrumb"},"inLanguage":"pt-PT","potentialAction":[{"@type":"ReadAction","target":["https:\/\/romarglobalcare.com\/distribuidores\/"]}]},{"@type":"ImageObject","inLanguage":"pt-PT","@id":"https:\/\/romarglobalcare.com\/distribuidores\/#primaryimage","url":"https:\/\/romarglobalcare.com\/wp-content\/uploads\/2024\/04\/distribuidores-rgc.jpg","contentUrl":"https:\/\/romarglobalcare.com\/wp-content\/uploads\/2024\/04\/distribuidores-rgc.jpg","width":341,"height":398,"caption":"distribuidores rgc"},{"@type":"BreadcrumbList","@id":"https:\/\/romarglobalcare.com\/distribuidores\/#breadcrumb","itemListElement":[{"@type":"ListItem","position":1,"name":"Portada","item":"https:\/\/romarglobalcare.com\/"},{"@type":"ListItem","position":2,"name":"Distribuidores"}]},{"@type":"WebSite","@id":"https:\/\/romarglobalcare.com\/#website","url":"https:\/\/romarglobalcare.com\/","name":"Romar Global Care","description":"","publisher":{"@id":"https:\/\/romarglobalcare.com\/#organization"},"potentialAction":[{"@type":"SearchAction","target":{"@type":"EntryPoint","urlTemplate":"https:\/\/romarglobalcare.com\/?s={search_term_string}"},"query-input":{"@type":"PropertyValueSpecification","valueRequired":true,"valueName":"search_term_string"}}],"inLanguage":"pt-PT"},{"@type":"Organization","@id":"https:\/\/romarglobalcare.com\/#organization","name":"Romar Global Care","url":"https:\/\/romarglobalcare.com\/","logo":{"@type":"ImageObject","inLanguage":"pt-PT","@id":"https:\/\/romarglobalcare.com\/#\/schema\/logo\/image\/","url":"https:\/\/romarglobalcare.com\/wp-content\/uploads\/2024\/06\/cropped-logo-footer-1.png","contentUrl":"https:\/\/romarglobalcare.com\/wp-content\/uploads\/2024\/06\/cropped-logo-footer-1.png","width":512,"height":512,"caption":"Romar Global Care"},"image":{"@id":"https:\/\/romarglobalcare.com\/#\/schema\/logo\/image\/"}}]}},"_links":{"self":[{"href":"https:\/\/romarglobalcare.com\/pt\/wp-json\/wp\/v2\/pages\/2000","targetHints":{"allow":["GET"]}}],"collection":[{"href":"https:\/\/romarglobalcare.com\/pt\/wp-json\/wp\/v2\/pages"}],"about":[{"href":"https:\/\/romarglobalcare.com\/pt\/wp-json\/wp\/v2\/types\/page"}],"author":[{"embeddable":true,"href":"https:\/\/romarglobalcare.com\/pt\/wp-json\/wp\/v2\/users\/1"}],"replies":[{"embeddable":true,"href":"https:\/\/romarglobalcare.com\/pt\/wp-json\/wp\/v2\/comments?post=2000"}],"version-history":[{"count":5,"href":"https:\/\/romarglobalcare.com\/pt\/wp-json\/wp\/v2\/pages\/2000\/revisions"}],"predecessor-version":[{"id":2117,"href":"https:\/\/romarglobalcare.com\/pt\/wp-json\/wp\/v2\/pages\/2000\/revisions\/2117"}],"wp:featuredmedia":[{"embeddable":true,"href":"https:\/\/romarglobalcare.com\/pt\/wp-json\/wp\/v2\/media\/421"}],"wp:attachment":[{"href":"https:\/\/romarglobalcare.com\/pt\/wp-json\/wp\/v2\/media?parent=2000"}],"curies":[{"name":"wp","href":"https:\/\/api.w.org\/{rel}","templated":true}]}}