{"id":1291,"date":"2024-04-16T17:37:07","date_gmt":"2024-04-16T15:37:07","guid":{"rendered":"https:\/\/pruebasfit.xyz\/?page_id=1291"},"modified":"2024-06-24T16:47:19","modified_gmt":"2024-06-24T14:47:19","slug":"canal-de-denuncias","status":"publish","type":"page","link":"https:\/\/romarglobalcare.com\/pt\/canal-de-denuncias\/","title":{"rendered":"Canal de den\u00fancia"},"content":{"rendered":"<div data-elementor-type=\"wp-page\" data-elementor-id=\"1291\" class=\"elementor elementor-1291\" data-elementor-post-type=\"page\">\n\t\t\t\t<div class=\"elementor-element elementor-element-70828f7 e-flex e-con-boxed e-con e-parent\" data-id=\"70828f7\" data-element_type=\"container\" data-e-type=\"container\" data-settings=\"{&quot;jet_parallax_layout_list&quot;:[]}\">\n\t\t\t\t\t<div class=\"e-con-inner\">\n\t\t\t\t<div class=\"elementor-element elementor-element-cbddf05 elementor-widget__width-inherit elementor-widget elementor-widget-heading\" data-id=\"cbddf05\" data-element_type=\"widget\" data-e-type=\"widget\" data-widget_type=\"heading.default\">\n\t\t\t\t<div class=\"elementor-widget-container\">\n\t\t\t\t\t<h2 class=\"elementor-heading-title elementor-size-default\">Canal de den\u00fancia<\/h2>\t\t\t\t<\/div>\n\t\t\t\t<\/div>\n\t\t\t\t<div class=\"elementor-element elementor-element-94b6445 elementor-widget elementor-widget-text-editor\" data-id=\"94b6445\" data-element_type=\"widget\" data-e-type=\"widget\" data-widget_type=\"text-editor.default\">\n\t\t\t\t<div class=\"elementor-widget-container\">\n\t\t\t\t\t\t\t\t\t<div class=\"wp-block-group is-layout-constrained wp-block-group-is-layout-constrained\"><div class=\"wp-block-group__inner-container\"><p>Este procedimento tem por objetivo definir e implementar um\u00a0<strong>procedimento simples<\/strong>, Atrav\u00e9s do qual,<strong>\u00a0os funcion\u00e1rios, colaboradores ou terceiros da RGC\u00a0<\/strong>pode saber de forma eficaz,\u00a0<strong>expressar e comunicar<\/strong>\u00a0suas preocupa\u00e7\u00f5es, ou suspeitas, baseadas em raz\u00f5es coerentes, em instru\u00e7\u00f5es recebidas ou em qualquer situa\u00e7\u00e3o, de que tenha conhecimento, que considere representar uma\u00a0<strong>descumprimento de normas e regras\u00a0<\/strong>estabelecidos no C\u00f3digo de Conduta do RGC, outros regulamentos internos, ou viola\u00e7\u00f5es do nosso ordenamento jur\u00eddico ou do Direito da Uni\u00e3o Europeia, utilizando a ferramenta criada para o efeito:\u00a0<strong>CANAL DE RECLAMA\u00c7\u00d5ES.<\/strong><\/p><p>Leia atentamente as seguintes informa\u00e7\u00f5es sobre como utilizar o CANAL DE RECLAMA\u00c7\u00d5ES, bem como o procedimento para recebimento, processamento e registro das mesmas.<\/p><p>Lembrar:<\/p><p>O CANAL DE RECLAMA\u00c7\u00d5ES\u00a0<strong>n\u00e3o \u00e9 competente para\u00a0<\/strong><a href=\"\/pt\/contacto\/\" target=\"_blank\" rel=\"noreferrer noopener\"><strong>resolu\u00e7\u00e3o de reclama\u00e7\u00f5es e reclama\u00e7\u00f5es de clientes<\/strong>.<\/a><\/p><p>O CANAL DE RECLAMA\u00c7\u00d5ES tamb\u00e9m n\u00e3o tem compet\u00eancia para resolver reclama\u00e7\u00f5es e reclama\u00e7\u00f5es de clientes relacionadas com a Lei Org\u00e2nica 3\/2018, de 5 de dezembro, de Prote\u00e7\u00e3o de Dados Pessoais e garantia de direitos digitais.<\/p><p>O objetivo do CANAL DE RECLAMA\u00c7\u00d5ES \u00e9 a\u00a0<strong>recep\u00e7\u00e3o e tratamento de reclama\u00e7\u00f5es sobre irregularidades ou incumprimento da regulamenta\u00e7\u00e3o em vigor<\/strong>, cometidas por colaboradores ou terceiros vinculados, direta ou indiretamente, \u00e0 RGC.<\/p><p>Este \u00e9 um canal\u00a0<strong>comunica\u00e7\u00e3o confidencial<\/strong>\u00a0E no caso dele,\u00a0<strong>an\u00f4nimo<\/strong>e, portanto, o conte\u00fado da reclama\u00e7\u00e3o \u00e9<strong>\u00a0estritamente confidencial e reservado<\/strong>\u00a0e gerenciado terceirizado.<\/p><p>A obriga\u00e7\u00e3o de utiliza\u00e7\u00e3o deste CANAL DE RECLAMA\u00c7\u00c3O \u00e9 entendida\u00a0<strong>sem preju\u00edzo do dever geral\u00a0<\/strong>Cabe a qualquer pessoa denunciar qualquer ato criminoso de que tenha conhecimento \u00e0s autoridades competentes.<\/p><p>O objetivo do CANAL DE DEN\u00daNCIAS \u00e9 dispor de um sistema que permita, de acordo com os requisitos de boa-f\u00e9, aos funcion\u00e1rios, colaboradores e administradores da RGC comunicar as situa\u00e7\u00f5es irregulares de que tenham conhecimento, derivadas da pr\u00e1tica de um crime ou da viola\u00e7\u00e3o de qualquer um dos C\u00f3digos e\/ou Manuais existentes na empresa.<\/p><p>De forma absolutamente confidencial, voc\u00ea poder\u00e1 denunciar aquelas atividades e\/ou condutas que possam envolver uma irregularidade relacionada a um caso de ass\u00e9dio sexual e ass\u00e9dio baseado no sexo no emprego.<\/p><p>Se os requisitos acima forem atendidos e voc\u00ea desejar registrar uma reclama\u00e7\u00e3o\u00a0<a href=\"https:\/\/romar.canalconformalegal.es\/home\" target=\"_blank\" rel=\"noreferrer noopener\"><strong>Clique aqui<\/strong><\/a>.<\/p><\/div><\/div>\t\t\t\t\t\t\t\t<\/div>\n\t\t\t\t<\/div>\n\t\t\t\t\t<\/div>\n\t\t\t\t<\/div>\n\t\t\t\t<\/div>","protected":false},"excerpt":{"rendered":"<p>Canal de Den\u00fancias Este procedimento visa definir e implementar um processo simples por meio do qual os funcion\u00e1rios, [\u2026]<\/p>","protected":false},"author":1,"featured_media":3529,"parent":0,"menu_order":0,"comment_status":"closed","ping_status":"closed","template":"","meta":{"_acf_changed":false,"_eb_attr":"","site-sidebar-layout":"no-sidebar","site-content-layout":"","ast-site-content-layout":"full-width-container","site-content-style":"default","site-sidebar-style":"default","ast-global-header-display":"","ast-banner-title-visibility":"","ast-main-header-display":"","ast-hfb-above-header-display":"","ast-hfb-below-header-display":"","ast-hfb-mobile-header-display":"","site-post-title":"disabled","ast-breadcrumbs-content":"","ast-featured-img":"disabled","footer-sml-layout":"","ast-disable-related-posts":"","theme-transparent-header-meta":"","adv-header-id-meta":"","stick-header-meta":"","header-above-stick-meta":"","header-main-stick-meta":"","header-below-stick-meta":"","astra-migrate-meta-layouts":"default","ast-page-background-enabled":"default","ast-page-background-meta":{"desktop":{"background-color":"var(--ast-global-color-4)","background-image":"","background-repeat":"repeat","background-position":"center center","background-size":"auto","background-attachment":"scroll","background-type":"","background-media":"","overlay-type":"","overlay-color":"","overlay-opacity":"","overlay-gradient":""},"tablet":{"background-color":"","background-image":"","background-repeat":"repeat","background-position":"center center","background-size":"auto","background-attachment":"scroll","background-type":"","background-media":"","overlay-type":"","overlay-color":"","overlay-opacity":"","overlay-gradient":""},"mobile":{"background-color":"","background-image":"","background-repeat":"repeat","background-position":"center center","background-size":"auto","background-attachment":"scroll","background-type":"","background-media":"","overlay-type":"","overlay-color":"","overlay-opacity":"","overlay-gradient":""}},"ast-content-background-meta":{"desktop":{"background-color":"var(--ast-global-color-5)","background-image":"","background-repeat":"repeat","background-position":"center center","background-size":"auto","background-attachment":"scroll","background-type":"","background-media":"","overlay-type":"","overlay-color":"","overlay-opacity":"","overlay-gradient":""},"tablet":{"background-color":"var(--ast-global-color-5)","background-image":"","background-repeat":"repeat","background-position":"center center","background-size":"auto","background-attachment":"scroll","background-type":"","background-media":"","overlay-type":"","overlay-color":"","overlay-opacity":"","overlay-gradient":""},"mobile":{"background-color":"var(--ast-global-color-5)","background-image":"","background-repeat":"repeat","background-position":"center center","background-size":"auto","background-attachment":"scroll","background-type":"","background-media":"","overlay-type":"","overlay-color":"","overlay-opacity":"","overlay-gradient":""}},"footnotes":""},"class_list":["post-1291","page","type-page","status-publish","has-post-thumbnail","hentry"],"acf":[],"yoast_head":"<!-- This site is optimized with the Yoast SEO plugin v27.2 - https:\/\/yoast.com\/product\/yoast-seo-wordpress\/ -->\n<title>Canal de denuncias - Romar Global Care<\/title>\n<meta name=\"robots\" content=\"noindex, nofollow\" \/>\n<meta property=\"og:locale\" content=\"pt_PT\" \/>\n<meta property=\"og:type\" content=\"article\" \/>\n<meta property=\"og:title\" content=\"Canal de denuncias - Romar Global Care\" \/>\n<meta property=\"og:description\" content=\"Canal de denuncias El presente procedimiento tiene el objetivo de definir, e instrumentar, un\u00a0procedimiento sencillo, a trav\u00e9s del cual,\u00a0los empleados, [&hellip;]\" \/>\n<meta property=\"og:url\" content=\"https:\/\/romarglobalcare.com\/pt\/canal-de-denuncias\/\" \/>\n<meta property=\"og:site_name\" content=\"Romar Global Care\" \/>\n<meta property=\"article:modified_time\" content=\"2024-06-24T14:47:19+00:00\" \/>\n<meta property=\"og:image\" content=\"https:\/\/romarglobalcare.com\/wp-content\/uploads\/2024\/06\/RGC-RomarGlobalCare-pantone7470C.png\" \/>\n\t<meta property=\"og:image:width\" content=\"886\" \/>\n\t<meta property=\"og:image:height\" content=\"886\" \/>\n\t<meta property=\"og:image:type\" content=\"image\/png\" \/>\n<meta name=\"twitter:card\" content=\"summary_large_image\" \/>\n<meta name=\"twitter:label1\" content=\"Tempo estimado de leitura\" \/>\n\t<meta name=\"twitter:data1\" content=\"2 minutos\" \/>\n<script type=\"application\/ld+json\" class=\"yoast-schema-graph\">{\"@context\":\"https:\/\/schema.org\",\"@graph\":[{\"@type\":\"WebPage\",\"@id\":\"https:\/\/romarglobalcare.com\/canal-de-denuncias\/\",\"url\":\"https:\/\/romarglobalcare.com\/canal-de-denuncias\/\",\"name\":\"Canal de denuncias - Romar Global Care\",\"isPartOf\":{\"@id\":\"https:\/\/romarglobalcare.com\/#website\"},\"primaryImageOfPage\":{\"@id\":\"https:\/\/romarglobalcare.com\/canal-de-denuncias\/#primaryimage\"},\"image\":{\"@id\":\"https:\/\/romarglobalcare.com\/canal-de-denuncias\/#primaryimage\"},\"thumbnailUrl\":\"https:\/\/romarglobalcare.com\/wp-content\/uploads\/2024\/06\/RGC-RomarGlobalCare-pantone7470C.png\",\"datePublished\":\"2024-04-16T15:37:07+00:00\",\"dateModified\":\"2024-06-24T14:47:19+00:00\",\"breadcrumb\":{\"@id\":\"https:\/\/romarglobalcare.com\/canal-de-denuncias\/#breadcrumb\"},\"inLanguage\":\"pt-PT\",\"potentialAction\":[{\"@type\":\"ReadAction\",\"target\":[\"https:\/\/romarglobalcare.com\/canal-de-denuncias\/\"]}]},{\"@type\":\"ImageObject\",\"inLanguage\":\"pt-PT\",\"@id\":\"https:\/\/romarglobalcare.com\/canal-de-denuncias\/#primaryimage\",\"url\":\"https:\/\/romarglobalcare.com\/wp-content\/uploads\/2024\/06\/RGC-RomarGlobalCare-pantone7470C.png\",\"contentUrl\":\"https:\/\/romarglobalcare.com\/wp-content\/uploads\/2024\/06\/RGC-RomarGlobalCare-pantone7470C.png\",\"width\":886,\"height\":886},{\"@type\":\"BreadcrumbList\",\"@id\":\"https:\/\/romarglobalcare.com\/canal-de-denuncias\/#breadcrumb\",\"itemListElement\":[{\"@type\":\"ListItem\",\"position\":1,\"name\":\"Portada\",\"item\":\"https:\/\/romarglobalcare.com\/\"},{\"@type\":\"ListItem\",\"position\":2,\"name\":\"Canal de denuncias\"}]},{\"@type\":\"WebSite\",\"@id\":\"https:\/\/romarglobalcare.com\/#website\",\"url\":\"https:\/\/romarglobalcare.com\/\",\"name\":\"Romar Global Care\",\"description\":\"\",\"publisher\":{\"@id\":\"https:\/\/romarglobalcare.com\/#organization\"},\"potentialAction\":[{\"@type\":\"SearchAction\",\"target\":{\"@type\":\"EntryPoint\",\"urlTemplate\":\"https:\/\/romarglobalcare.com\/?s={search_term_string}\"},\"query-input\":{\"@type\":\"PropertyValueSpecification\",\"valueRequired\":true,\"valueName\":\"search_term_string\"}}],\"inLanguage\":\"pt-PT\"},{\"@type\":\"Organization\",\"@id\":\"https:\/\/romarglobalcare.com\/#organization\",\"name\":\"Romar Global Care\",\"url\":\"https:\/\/romarglobalcare.com\/\",\"logo\":{\"@type\":\"ImageObject\",\"inLanguage\":\"pt-PT\",\"@id\":\"https:\/\/romarglobalcare.com\/#\/schema\/logo\/image\/\",\"url\":\"https:\/\/romarglobalcare.com\/wp-content\/uploads\/2024\/06\/cropped-logo-footer-1.png\",\"contentUrl\":\"https:\/\/romarglobalcare.com\/wp-content\/uploads\/2024\/06\/cropped-logo-footer-1.png\",\"width\":512,\"height\":512,\"caption\":\"Romar Global Care\"},\"image\":{\"@id\":\"https:\/\/romarglobalcare.com\/#\/schema\/logo\/image\/\"}}]}<\/script>\n<!-- \/ Yoast SEO plugin. -->","yoast_head_json":{"title":"Canal de denuncias - Romar Global Care","robots":{"index":"noindex","follow":"nofollow"},"og_locale":"pt_PT","og_type":"article","og_title":"Canal de denuncias - Romar Global Care","og_description":"Canal de denuncias El presente procedimiento tiene el objetivo de definir, e instrumentar, un\u00a0procedimiento sencillo, a trav\u00e9s del cual,\u00a0los empleados, [&hellip;]","og_url":"https:\/\/romarglobalcare.com\/pt\/canal-de-denuncias\/","og_site_name":"Romar Global Care","article_modified_time":"2024-06-24T14:47:19+00:00","og_image":[{"width":886,"height":886,"url":"https:\/\/romarglobalcare.com\/wp-content\/uploads\/2024\/06\/RGC-RomarGlobalCare-pantone7470C.png","type":"image\/png"}],"twitter_card":"summary_large_image","twitter_misc":{"Tempo estimado de leitura":"2 minutos"},"schema":{"@context":"https:\/\/schema.org","@graph":[{"@type":"WebPage","@id":"https:\/\/romarglobalcare.com\/canal-de-denuncias\/","url":"https:\/\/romarglobalcare.com\/canal-de-denuncias\/","name":"Canal de denuncias - Romar Global Care","isPartOf":{"@id":"https:\/\/romarglobalcare.com\/#website"},"primaryImageOfPage":{"@id":"https:\/\/romarglobalcare.com\/canal-de-denuncias\/#primaryimage"},"image":{"@id":"https:\/\/romarglobalcare.com\/canal-de-denuncias\/#primaryimage"},"thumbnailUrl":"https:\/\/romarglobalcare.com\/wp-content\/uploads\/2024\/06\/RGC-RomarGlobalCare-pantone7470C.png","datePublished":"2024-04-16T15:37:07+00:00","dateModified":"2024-06-24T14:47:19+00:00","breadcrumb":{"@id":"https:\/\/romarglobalcare.com\/canal-de-denuncias\/#breadcrumb"},"inLanguage":"pt-PT","potentialAction":[{"@type":"ReadAction","target":["https:\/\/romarglobalcare.com\/canal-de-denuncias\/"]}]},{"@type":"ImageObject","inLanguage":"pt-PT","@id":"https:\/\/romarglobalcare.com\/canal-de-denuncias\/#primaryimage","url":"https:\/\/romarglobalcare.com\/wp-content\/uploads\/2024\/06\/RGC-RomarGlobalCare-pantone7470C.png","contentUrl":"https:\/\/romarglobalcare.com\/wp-content\/uploads\/2024\/06\/RGC-RomarGlobalCare-pantone7470C.png","width":886,"height":886},{"@type":"BreadcrumbList","@id":"https:\/\/romarglobalcare.com\/canal-de-denuncias\/#breadcrumb","itemListElement":[{"@type":"ListItem","position":1,"name":"Portada","item":"https:\/\/romarglobalcare.com\/"},{"@type":"ListItem","position":2,"name":"Canal de denuncias"}]},{"@type":"WebSite","@id":"https:\/\/romarglobalcare.com\/#website","url":"https:\/\/romarglobalcare.com\/","name":"Romar Global Care","description":"","publisher":{"@id":"https:\/\/romarglobalcare.com\/#organization"},"potentialAction":[{"@type":"SearchAction","target":{"@type":"EntryPoint","urlTemplate":"https:\/\/romarglobalcare.com\/?s={search_term_string}"},"query-input":{"@type":"PropertyValueSpecification","valueRequired":true,"valueName":"search_term_string"}}],"inLanguage":"pt-PT"},{"@type":"Organization","@id":"https:\/\/romarglobalcare.com\/#organization","name":"Romar Global Care","url":"https:\/\/romarglobalcare.com\/","logo":{"@type":"ImageObject","inLanguage":"pt-PT","@id":"https:\/\/romarglobalcare.com\/#\/schema\/logo\/image\/","url":"https:\/\/romarglobalcare.com\/wp-content\/uploads\/2024\/06\/cropped-logo-footer-1.png","contentUrl":"https:\/\/romarglobalcare.com\/wp-content\/uploads\/2024\/06\/cropped-logo-footer-1.png","width":512,"height":512,"caption":"Romar Global Care"},"image":{"@id":"https:\/\/romarglobalcare.com\/#\/schema\/logo\/image\/"}}]}},"_links":{"self":[{"href":"https:\/\/romarglobalcare.com\/pt\/wp-json\/wp\/v2\/pages\/1291","targetHints":{"allow":["GET"]}}],"collection":[{"href":"https:\/\/romarglobalcare.com\/pt\/wp-json\/wp\/v2\/pages"}],"about":[{"href":"https:\/\/romarglobalcare.com\/pt\/wp-json\/wp\/v2\/types\/page"}],"author":[{"embeddable":true,"href":"https:\/\/romarglobalcare.com\/pt\/wp-json\/wp\/v2\/users\/1"}],"replies":[{"embeddable":true,"href":"https:\/\/romarglobalcare.com\/pt\/wp-json\/wp\/v2\/comments?post=1291"}],"version-history":[{"count":6,"href":"https:\/\/romarglobalcare.com\/pt\/wp-json\/wp\/v2\/pages\/1291\/revisions"}],"predecessor-version":[{"id":3769,"href":"https:\/\/romarglobalcare.com\/pt\/wp-json\/wp\/v2\/pages\/1291\/revisions\/3769"}],"wp:featuredmedia":[{"embeddable":true,"href":"https:\/\/romarglobalcare.com\/pt\/wp-json\/wp\/v2\/media\/3529"}],"wp:attachment":[{"href":"https:\/\/romarglobalcare.com\/pt\/wp-json\/wp\/v2\/media?parent=1291"}],"curies":[{"name":"wp","href":"https:\/\/api.w.org\/{rel}","templated":true}]}}