{"id":1289,"date":"2024-04-16T17:36:07","date_gmt":"2024-04-16T15:36:07","guid":{"rendered":"https:\/\/pruebasfit.xyz\/?page_id=1289"},"modified":"2025-01-13T18:28:00","modified_gmt":"2025-01-13T17:28:00","slug":"codigo-de-conducta","status":"publish","type":"page","link":"https:\/\/romarglobalcare.com\/pt\/codigo-de-conducta\/","title":{"rendered":"C\u00f3digo de conduta"},"content":{"rendered":"<div data-elementor-type=\"wp-page\" data-elementor-id=\"1289\" class=\"elementor elementor-1289\" data-elementor-post-type=\"page\">\n\t\t\t\t<div class=\"elementor-element elementor-element-f0079d6 e-flex e-con-boxed e-con e-parent\" data-id=\"f0079d6\" data-element_type=\"container\" data-e-type=\"container\" data-settings=\"{&quot;jet_parallax_layout_list&quot;:[]}\">\n\t\t\t\t\t<div class=\"e-con-inner\">\n\t\t\t\t<div class=\"elementor-element elementor-element-46ef46d elementor-widget__width-inherit elementor-widget elementor-widget-heading\" data-id=\"46ef46d\" data-element_type=\"widget\" data-e-type=\"widget\" data-widget_type=\"heading.default\">\n\t\t\t\t<div class=\"elementor-widget-container\">\n\t\t\t\t\t<h2 class=\"elementor-heading-title elementor-size-default\">C\u00f3digo de conduta<\/h2>\t\t\t\t<\/div>\n\t\t\t\t<\/div>\n\t\t\t\t<div class=\"elementor-element elementor-element-3eea8b0 elementor-widget elementor-widget-text-editor\" data-id=\"3eea8b0\" data-element_type=\"widget\" data-e-type=\"widget\" data-widget_type=\"text-editor.default\">\n\t\t\t\t<div class=\"elementor-widget-container\">\n\t\t\t\t\t\t\t\t\t<p>No \u00e2mbito dos requisitos da regulamenta\u00e7\u00e3o em vigor, para atingir os seus objetivos e metas,\u00a0<a href=\"\/pt\/quienes-somos\/\" target=\"_blank\" rel=\"noreferrer noopener\"><strong>Romar Global Care (RGC)<\/strong><\/a>\u00a0estabelece as bases da sua organiza\u00e7\u00e3o em\u00a0<strong>conformidade e respeito pela legisla\u00e7\u00e3o vigente<\/strong>, bem como, no desenvolvimento e aplica\u00e7\u00e3o de uma s\u00e9rie de princ\u00edpios e valores \u00e9ticos, de acordo com m\u00e9todos e comportamentos que promovam comportamentos eticamente corretos e transparentes.<\/p><p>A RGC assume, como um dos valores informativos da sua atividade, o compromisso de cumprimento do quadro legal vigente. Isto implica uma\u00a0<strong>grau de \u201ctoler\u00e2ncia 0\u201d com esses comportamentos<\/strong>\u00a0que, realizado dentro da Companhia, ou por pessoas ou empresas a ela vinculadas,\u00a0<strong>envolva qualquer viola\u00e7\u00e3o da ordem jur\u00eddica pr\u00e9-estabelecida e da regulamenta\u00e7\u00e3o de todas as atividades nele desenvolvidas.<\/strong><\/p><p>Fruto do esfor\u00e7o constante para alcan\u00e7ar o m\u00e1ximo grau de conformidade em todas as mat\u00e9rias que afectam o RGC,<strong>\u00a0o C\u00f3digo de Conduta da empresa,<\/strong>\u00a0implementado desde 2017 pelo Conselho de Administra\u00e7\u00e3o e atualizado em 2023,\u00a0<strong>constitui uma ferramenta b\u00e1sica do Modelo de Preven\u00e7\u00e3o de Riscos Criminais da RGC<\/strong>, implementada em cumprimento \u00e0s obriga\u00e7\u00f5es decorrentes da LO 1\/2015, bem como da Diretiva UE 2019\/1937 e que cont\u00e9m o cat\u00e1logo de princ\u00edpios e normas de conduta que devem reger a atua\u00e7\u00e3o de todos aqueles que est\u00e3o vinculados, no exerc\u00edcio de suas atividade, com ele.<\/p><p>Atrav\u00e9s destes princ\u00edpios e valores, a RGC est\u00e1 comprometida em\u00a0<strong>garantir transpar\u00eancia e corre\u00e7\u00e3o em todas as suas atividades, de forma \u00e9tica e respons\u00e1vel<\/strong>, concebendo as suas pol\u00edticas de acordo com o respeito pelos m\u00e9todos de atua\u00e7\u00e3o que devem inspirar a conduta de todos os colaboradores e dirigentes da entidade, bem como de qualquer pessoa singular ou coletiva que a represente.<\/p><p>Assim, o C\u00f3digo de Conduta da RGC constitui um ponto de refer\u00eancia para a atua\u00e7\u00e3o de todos aqueles que est\u00e3o ligados, no exerc\u00edcio da sua atividade, direta ou indiretamente, \u00e0 RGC, prestando especial aten\u00e7\u00e3o ao\u00a0<strong>conformidade e respeito pela legisla\u00e7\u00e3o vigente<\/strong>.<\/p><p>Com efeito, o nosso compromisso assenta na convic\u00e7\u00e3o de que uma atua\u00e7\u00e3o transparente e respons\u00e1vel s\u00f3 pode ser alcan\u00e7ada aplicando o m\u00e1ximo de acerto na concretiza\u00e7\u00e3o dos objetivos propostos por todos aqueles que se relacionam com a RGC. S\u00f3 assim podemos garantir o respeito e o cumprimento do conjunto de valores e princ\u00edpios \u00e9ticos que constituem a cultura empresarial e social da RGC e que constituem, em \u00faltima inst\u00e2ncia, a sua raz\u00e3o de ser.<\/p>\t\t\t\t\t\t\t\t<\/div>\n\t\t\t\t<\/div>\n\t\t\t\t<div class=\"elementor-element elementor-element-44ce3e7 elementor-align-center elementor-widget elementor-widget-button\" data-id=\"44ce3e7\" data-element_type=\"widget\" data-e-type=\"widget\" data-widget_type=\"button.default\">\n\t\t\t\t<div class=\"elementor-widget-container\">\n\t\t\t\t\t\t\t\t\t<div class=\"elementor-button-wrapper\">\n\t\t\t\t\t<a class=\"elementor-button elementor-button-link elementor-size-sm\" href=\"https:\/\/romarglobalcare.com\/wp-content\/uploads\/2024\/06\/CODIGO-DE-CONDUCTA-RGC.pdf\">\n\t\t\t\t\t\t<span class=\"elementor-button-content-wrapper\">\n\t\t\t\t\t\t\t\t\t<span class=\"elementor-button-text\">Baixe o c\u00f3digo de conduta<\/span>\n\t\t\t\t\t<\/span>\n\t\t\t\t\t<\/a>\n\t\t\t\t<\/div>\n\t\t\t\t\t\t\t\t<\/div>\n\t\t\t\t<\/div>\n\t\t\t\t\t<\/div>\n\t\t\t\t<\/div>\n\t\t\t\t<\/div>","protected":false},"excerpt":{"rendered":"<p>C\u00f3digo de Conduta No \u00e2mbito das exig\u00eancias da regulamenta\u00e7\u00e3o em vigor, para atingir os seus objetivos [\u2026]<\/p>","protected":false},"author":1,"featured_media":3529,"parent":0,"menu_order":0,"comment_status":"closed","ping_status":"closed","template":"","meta":{"_acf_changed":false,"_eb_attr":"","site-sidebar-layout":"no-sidebar","site-content-layout":"","ast-site-content-layout":"full-width-container","site-content-style":"default","site-sidebar-style":"default","ast-global-header-display":"","ast-banner-title-visibility":"","ast-main-header-display":"","ast-hfb-above-header-display":"","ast-hfb-below-header-display":"","ast-hfb-mobile-header-display":"","site-post-title":"disabled","ast-breadcrumbs-content":"","ast-featured-img":"disabled","footer-sml-layout":"","ast-disable-related-posts":"","theme-transparent-header-meta":"","adv-header-id-meta":"","stick-header-meta":"","header-above-stick-meta":"","header-main-stick-meta":"","header-below-stick-meta":"","astra-migrate-meta-layouts":"default","ast-page-background-enabled":"default","ast-page-background-meta":{"desktop":{"background-color":"var(--ast-global-color-4)","background-image":"","background-repeat":"repeat","background-position":"center center","background-size":"auto","background-attachment":"scroll","background-type":"","background-media":"","overlay-type":"","overlay-color":"","overlay-opacity":"","overlay-gradient":""},"tablet":{"background-color":"","background-image":"","background-repeat":"repeat","background-position":"center center","background-size":"auto","background-attachment":"scroll","background-type":"","background-media":"","overlay-type":"","overlay-color":"","overlay-opacity":"","overlay-gradient":""},"mobile":{"background-color":"","background-image":"","background-repeat":"repeat","background-position":"center center","background-size":"auto","background-attachment":"scroll","background-type":"","background-media":"","overlay-type":"","overlay-color":"","overlay-opacity":"","overlay-gradient":""}},"ast-content-background-meta":{"desktop":{"background-color":"var(--ast-global-color-5)","background-image":"","background-repeat":"repeat","background-position":"center center","background-size":"auto","background-attachment":"scroll","background-type":"","background-media":"","overlay-type":"","overlay-color":"","overlay-opacity":"","overlay-gradient":""},"tablet":{"background-color":"var(--ast-global-color-5)","background-image":"","background-repeat":"repeat","background-position":"center center","background-size":"auto","background-attachment":"scroll","background-type":"","background-media":"","overlay-type":"","overlay-color":"","overlay-opacity":"","overlay-gradient":""},"mobile":{"background-color":"var(--ast-global-color-5)","background-image":"","background-repeat":"repeat","background-position":"center center","background-size":"auto","background-attachment":"scroll","background-type":"","background-media":"","overlay-type":"","overlay-color":"","overlay-opacity":"","overlay-gradient":""}},"footnotes":""},"class_list":["post-1289","page","type-page","status-publish","has-post-thumbnail","hentry"],"acf":[],"yoast_head":"<!-- This site is optimized with the Yoast SEO plugin v27.2 - https:\/\/yoast.com\/product\/yoast-seo-wordpress\/ -->\n<title>C\u00f3digo de conducta - Romar Global Care<\/title>\n<meta name=\"robots\" content=\"noindex, nofollow\" \/>\n<meta property=\"og:locale\" content=\"pt_PT\" \/>\n<meta property=\"og:type\" content=\"article\" \/>\n<meta property=\"og:title\" content=\"C\u00f3digo de conducta - Romar Global Care\" \/>\n<meta property=\"og:description\" content=\"C\u00f3digo de conducta En el marco de las exigencias de la normativa actual, con el fin de alcanzar sus objetivos [&hellip;]\" \/>\n<meta property=\"og:url\" content=\"https:\/\/romarglobalcare.com\/pt\/codigo-de-conducta\/\" \/>\n<meta property=\"og:site_name\" content=\"Romar Global Care\" \/>\n<meta property=\"article:modified_time\" content=\"2025-01-13T17:28:00+00:00\" \/>\n<meta property=\"og:image\" content=\"https:\/\/romarglobalcare.com\/wp-content\/uploads\/2024\/06\/RGC-RomarGlobalCare-pantone7470C.png\" \/>\n\t<meta property=\"og:image:width\" content=\"886\" \/>\n\t<meta property=\"og:image:height\" content=\"886\" \/>\n\t<meta property=\"og:image:type\" content=\"image\/png\" \/>\n<meta name=\"twitter:card\" content=\"summary_large_image\" \/>\n<meta name=\"twitter:label1\" content=\"Tempo estimado de leitura\" \/>\n\t<meta name=\"twitter:data1\" content=\"2 minutos\" \/>\n<script type=\"application\/ld+json\" class=\"yoast-schema-graph\">{\"@context\":\"https:\/\/schema.org\",\"@graph\":[{\"@type\":\"WebPage\",\"@id\":\"https:\/\/romarglobalcare.com\/codigo-de-conducta\/\",\"url\":\"https:\/\/romarglobalcare.com\/codigo-de-conducta\/\",\"name\":\"C\u00f3digo de conducta - Romar Global Care\",\"isPartOf\":{\"@id\":\"https:\/\/romarglobalcare.com\/#website\"},\"primaryImageOfPage\":{\"@id\":\"https:\/\/romarglobalcare.com\/codigo-de-conducta\/#primaryimage\"},\"image\":{\"@id\":\"https:\/\/romarglobalcare.com\/codigo-de-conducta\/#primaryimage\"},\"thumbnailUrl\":\"https:\/\/romarglobalcare.com\/wp-content\/uploads\/2024\/06\/RGC-RomarGlobalCare-pantone7470C.png\",\"datePublished\":\"2024-04-16T15:36:07+00:00\",\"dateModified\":\"2025-01-13T17:28:00+00:00\",\"breadcrumb\":{\"@id\":\"https:\/\/romarglobalcare.com\/codigo-de-conducta\/#breadcrumb\"},\"inLanguage\":\"pt-PT\",\"potentialAction\":[{\"@type\":\"ReadAction\",\"target\":[\"https:\/\/romarglobalcare.com\/codigo-de-conducta\/\"]}]},{\"@type\":\"ImageObject\",\"inLanguage\":\"pt-PT\",\"@id\":\"https:\/\/romarglobalcare.com\/codigo-de-conducta\/#primaryimage\",\"url\":\"https:\/\/romarglobalcare.com\/wp-content\/uploads\/2024\/06\/RGC-RomarGlobalCare-pantone7470C.png\",\"contentUrl\":\"https:\/\/romarglobalcare.com\/wp-content\/uploads\/2024\/06\/RGC-RomarGlobalCare-pantone7470C.png\",\"width\":886,\"height\":886},{\"@type\":\"BreadcrumbList\",\"@id\":\"https:\/\/romarglobalcare.com\/codigo-de-conducta\/#breadcrumb\",\"itemListElement\":[{\"@type\":\"ListItem\",\"position\":1,\"name\":\"Portada\",\"item\":\"https:\/\/romarglobalcare.com\/\"},{\"@type\":\"ListItem\",\"position\":2,\"name\":\"C\u00f3digo de conducta\"}]},{\"@type\":\"WebSite\",\"@id\":\"https:\/\/romarglobalcare.com\/#website\",\"url\":\"https:\/\/romarglobalcare.com\/\",\"name\":\"Romar Global Care\",\"description\":\"\",\"publisher\":{\"@id\":\"https:\/\/romarglobalcare.com\/#organization\"},\"potentialAction\":[{\"@type\":\"SearchAction\",\"target\":{\"@type\":\"EntryPoint\",\"urlTemplate\":\"https:\/\/romarglobalcare.com\/?s={search_term_string}\"},\"query-input\":{\"@type\":\"PropertyValueSpecification\",\"valueRequired\":true,\"valueName\":\"search_term_string\"}}],\"inLanguage\":\"pt-PT\"},{\"@type\":\"Organization\",\"@id\":\"https:\/\/romarglobalcare.com\/#organization\",\"name\":\"Romar Global Care\",\"url\":\"https:\/\/romarglobalcare.com\/\",\"logo\":{\"@type\":\"ImageObject\",\"inLanguage\":\"pt-PT\",\"@id\":\"https:\/\/romarglobalcare.com\/#\/schema\/logo\/image\/\",\"url\":\"https:\/\/romarglobalcare.com\/wp-content\/uploads\/2024\/06\/cropped-logo-footer-1.png\",\"contentUrl\":\"https:\/\/romarglobalcare.com\/wp-content\/uploads\/2024\/06\/cropped-logo-footer-1.png\",\"width\":512,\"height\":512,\"caption\":\"Romar Global Care\"},\"image\":{\"@id\":\"https:\/\/romarglobalcare.com\/#\/schema\/logo\/image\/\"}}]}<\/script>\n<!-- \/ Yoast SEO plugin. -->","yoast_head_json":{"title":"C\u00f3digo de conducta - Romar Global Care","robots":{"index":"noindex","follow":"nofollow"},"og_locale":"pt_PT","og_type":"article","og_title":"C\u00f3digo de conducta - Romar Global Care","og_description":"C\u00f3digo de conducta En el marco de las exigencias de la normativa actual, con el fin de alcanzar sus objetivos [&hellip;]","og_url":"https:\/\/romarglobalcare.com\/pt\/codigo-de-conducta\/","og_site_name":"Romar Global Care","article_modified_time":"2025-01-13T17:28:00+00:00","og_image":[{"width":886,"height":886,"url":"https:\/\/romarglobalcare.com\/wp-content\/uploads\/2024\/06\/RGC-RomarGlobalCare-pantone7470C.png","type":"image\/png"}],"twitter_card":"summary_large_image","twitter_misc":{"Tempo estimado de leitura":"2 minutos"},"schema":{"@context":"https:\/\/schema.org","@graph":[{"@type":"WebPage","@id":"https:\/\/romarglobalcare.com\/codigo-de-conducta\/","url":"https:\/\/romarglobalcare.com\/codigo-de-conducta\/","name":"C\u00f3digo de conducta - Romar Global Care","isPartOf":{"@id":"https:\/\/romarglobalcare.com\/#website"},"primaryImageOfPage":{"@id":"https:\/\/romarglobalcare.com\/codigo-de-conducta\/#primaryimage"},"image":{"@id":"https:\/\/romarglobalcare.com\/codigo-de-conducta\/#primaryimage"},"thumbnailUrl":"https:\/\/romarglobalcare.com\/wp-content\/uploads\/2024\/06\/RGC-RomarGlobalCare-pantone7470C.png","datePublished":"2024-04-16T15:36:07+00:00","dateModified":"2025-01-13T17:28:00+00:00","breadcrumb":{"@id":"https:\/\/romarglobalcare.com\/codigo-de-conducta\/#breadcrumb"},"inLanguage":"pt-PT","potentialAction":[{"@type":"ReadAction","target":["https:\/\/romarglobalcare.com\/codigo-de-conducta\/"]}]},{"@type":"ImageObject","inLanguage":"pt-PT","@id":"https:\/\/romarglobalcare.com\/codigo-de-conducta\/#primaryimage","url":"https:\/\/romarglobalcare.com\/wp-content\/uploads\/2024\/06\/RGC-RomarGlobalCare-pantone7470C.png","contentUrl":"https:\/\/romarglobalcare.com\/wp-content\/uploads\/2024\/06\/RGC-RomarGlobalCare-pantone7470C.png","width":886,"height":886},{"@type":"BreadcrumbList","@id":"https:\/\/romarglobalcare.com\/codigo-de-conducta\/#breadcrumb","itemListElement":[{"@type":"ListItem","position":1,"name":"Portada","item":"https:\/\/romarglobalcare.com\/"},{"@type":"ListItem","position":2,"name":"C\u00f3digo de conducta"}]},{"@type":"WebSite","@id":"https:\/\/romarglobalcare.com\/#website","url":"https:\/\/romarglobalcare.com\/","name":"Romar Global Care","description":"","publisher":{"@id":"https:\/\/romarglobalcare.com\/#organization"},"potentialAction":[{"@type":"SearchAction","target":{"@type":"EntryPoint","urlTemplate":"https:\/\/romarglobalcare.com\/?s={search_term_string}"},"query-input":{"@type":"PropertyValueSpecification","valueRequired":true,"valueName":"search_term_string"}}],"inLanguage":"pt-PT"},{"@type":"Organization","@id":"https:\/\/romarglobalcare.com\/#organization","name":"Romar Global Care","url":"https:\/\/romarglobalcare.com\/","logo":{"@type":"ImageObject","inLanguage":"pt-PT","@id":"https:\/\/romarglobalcare.com\/#\/schema\/logo\/image\/","url":"https:\/\/romarglobalcare.com\/wp-content\/uploads\/2024\/06\/cropped-logo-footer-1.png","contentUrl":"https:\/\/romarglobalcare.com\/wp-content\/uploads\/2024\/06\/cropped-logo-footer-1.png","width":512,"height":512,"caption":"Romar Global Care"},"image":{"@id":"https:\/\/romarglobalcare.com\/#\/schema\/logo\/image\/"}}]}},"_links":{"self":[{"href":"https:\/\/romarglobalcare.com\/pt\/wp-json\/wp\/v2\/pages\/1289","targetHints":{"allow":["GET"]}}],"collection":[{"href":"https:\/\/romarglobalcare.com\/pt\/wp-json\/wp\/v2\/pages"}],"about":[{"href":"https:\/\/romarglobalcare.com\/pt\/wp-json\/wp\/v2\/types\/page"}],"author":[{"embeddable":true,"href":"https:\/\/romarglobalcare.com\/pt\/wp-json\/wp\/v2\/users\/1"}],"replies":[{"embeddable":true,"href":"https:\/\/romarglobalcare.com\/pt\/wp-json\/wp\/v2\/comments?post=1289"}],"version-history":[{"count":5,"href":"https:\/\/romarglobalcare.com\/pt\/wp-json\/wp\/v2\/pages\/1289\/revisions"}],"predecessor-version":[{"id":4444,"href":"https:\/\/romarglobalcare.com\/pt\/wp-json\/wp\/v2\/pages\/1289\/revisions\/4444"}],"wp:featuredmedia":[{"embeddable":true,"href":"https:\/\/romarglobalcare.com\/pt\/wp-json\/wp\/v2\/media\/3529"}],"wp:attachment":[{"href":"https:\/\/romarglobalcare.com\/pt\/wp-json\/wp\/v2\/media?parent=1289"}],"curies":[{"name":"wp","href":"https:\/\/api.w.org\/{rel}","templated":true}]}}