{"id":6432,"date":"2025-09-25T11:53:57","date_gmt":"2025-09-25T09:53:57","guid":{"rendered":"https:\/\/romarglobalcare.com\/?page_id=6432"},"modified":"2026-01-30T12:10:46","modified_gmt":"2026-01-30T11:10:46","slug":"calidad","status":"publish","type":"page","link":"https:\/\/romarglobalcare.com\/it\/calidad\/","title":{"rendered":"Qualit\u00e0"},"content":{"rendered":"<div data-elementor-type=\"wp-page\" data-elementor-id=\"6432\" class=\"elementor elementor-6432\" data-elementor-post-type=\"page\">\n\t\t\t\t<div class=\"elementor-element elementor-element-2e7df47 e-flex e-con-boxed e-con e-parent\" data-id=\"2e7df47\" data-element_type=\"container\" data-e-type=\"container\" data-settings=\"{&quot;background_background&quot;:&quot;video&quot;,&quot;background_video_link&quot;:&quot;https:\\\/\\\/romarglobalcare.com\\\/wp-content\\\/uploads\\\/2025\\\/07\\\/Quienes-somos-revision.mp4&quot;,&quot;jet_parallax_layout_list&quot;:[]}\">\n\t\t\t\t\t<div class=\"e-con-inner\">\n\t\t<div class=\"elementor-background-video-container elementor-hidden-mobile\">\n\t\t\t\t\t\t\t<video class=\"elementor-background-video-hosted\" role=\"presentation\" autoplay muted playsinline loop><\/video>\n\t\t\t\t\t<\/div>\t\t<div class=\"elementor-element elementor-element-b166044 elementor-widget elementor-widget-heading\" data-id=\"b166044\" data-element_type=\"widget\" data-e-type=\"widget\" data-widget_type=\"heading.default\">\n\t\t\t\t<div class=\"elementor-widget-container\">\n\t\t\t\t\t<h2 class=\"elementor-heading-title elementor-size-default\">Qualit\u00e0 RGC<\/h2>\t\t\t\t<\/div>\n\t\t\t\t<\/div>\n\t\t\t\t\t<\/div>\n\t\t\t\t<\/div>\n\t\t<div class=\"elementor-element elementor-element-44a3840 e-flex e-con-boxed e-con e-parent\" data-id=\"44a3840\" data-element_type=\"container\" data-e-type=\"container\" data-settings=\"{&quot;background_background&quot;:&quot;classic&quot;,&quot;jet_parallax_layout_list&quot;:[]}\">\n\t\t\t\t\t<div class=\"e-con-inner\">\n\t\t<div class=\"elementor-element elementor-element-abb28cc e-con-full e-flex e-con e-child\" data-id=\"abb28cc\" data-element_type=\"container\" data-e-type=\"container\" data-settings=\"{&quot;jet_parallax_layout_list&quot;:[]}\">\n\t\t\t\t<div class=\"elementor-element elementor-element-f019cf8 elementor-widget elementor-widget-image\" data-id=\"f019cf8\" data-element_type=\"widget\" data-e-type=\"widget\" data-widget_type=\"image.default\">\n\t\t\t\t<div class=\"elementor-widget-container\">\n\t\t\t\t\t\t\t\t\t\t\t\t\t\t\t\t<a href=\"https:\/\/romarglobalcare.com\/wp-content\/uploads\/2026\/01\/RC-2025-IFS-HPC-C737406-exp06032027.pdf\">\n\t\t\t\t\t\t\t<img fetchpriority=\"high\" decoding=\"async\" width=\"795\" height=\"778\" src=\"https:\/\/romarglobalcare.com\/wp-content\/uploads\/2025\/10\/IFS_Logo.webp\" class=\"attachment-large size-large wp-image-6503\" alt=\"\" srcset=\"https:\/\/romarglobalcare.com\/wp-content\/uploads\/2025\/10\/IFS_Logo.webp 795w, https:\/\/romarglobalcare.com\/wp-content\/uploads\/2025\/10\/IFS_Logo-300x294.webp 300w, https:\/\/romarglobalcare.com\/wp-content\/uploads\/2025\/10\/IFS_Logo-768x752.webp 768w, https:\/\/romarglobalcare.com\/wp-content\/uploads\/2025\/10\/IFS_Logo-12x12.webp 12w\" sizes=\"(max-width: 795px) 100vw, 795px\" \/>\t\t\t\t\t\t\t\t<\/a>\n\t\t\t\t\t\t\t\t\t\t\t\t\t\t\t<\/div>\n\t\t\t\t<\/div>\n\t\t\t\t<\/div>\n\t\t<div class=\"elementor-element elementor-element-613a058 e-con-full e-flex e-con e-child\" data-id=\"613a058\" data-element_type=\"container\" data-e-type=\"container\" data-settings=\"{&quot;jet_parallax_layout_list&quot;:[]}\">\n\t\t\t\t<div class=\"elementor-element elementor-element-c2050b0 elementor-widget elementor-widget-heading\" data-id=\"c2050b0\" data-element_type=\"widget\" data-e-type=\"widget\" data-widget_type=\"heading.default\">\n\t\t\t\t<div class=\"elementor-widget-container\">\n\t\t\t\t\t<span class=\"elementor-heading-title elementor-size-default\">IFS-HPC<\/span>\t\t\t\t<\/div>\n\t\t\t\t<\/div>\n\t\t\t\t<div class=\"elementor-element elementor-element-416aaa8 elementor-widget elementor-widget-text-editor\" data-id=\"416aaa8\" data-element_type=\"widget\" data-e-type=\"widget\" data-widget_type=\"text-editor.default\">\n\t\t\t\t<div class=\"elementor-widget-container\">\n\t\t\t\t\t\t\t\t\t<p>Questo standard, basato sugli standard di sicurezza e qualit\u00e0 alimentare, e<br \/>applicazione per tutti i nostri prodotti cosmetici e per la pulizia della casa, \u00e8 un passo<br \/>avanti nella nostra missione di fornire prodotti affidabili ai nostri consumatori e<br \/>segna una nuova pietra miliare nel nostro impegno nel soddisfare le esigenze dei nostri clienti<br \/>attraverso la nostra catena di fornitura.<br \/>Con un approccio basato sul rischio, lavoriamo per la piena trasparenza e comparabilit\u00e0 in<br \/>tutte le fasi della filiera produttiva, dalla concezione di nuovi prodotti alla<br \/>i loro possibili utilizzi finali, ottenendo prodotti sicuri e di qualit\u00e0 in linea con le<br \/>aspettative del mercato.<\/p>\t\t\t\t\t\t\t\t<\/div>\n\t\t\t\t<\/div>\n\t\t\t\t<\/div>\n\t\t\t\t\t<\/div>\n\t\t\t\t<\/div>\n\t\t<div class=\"elementor-element elementor-element-34c545c e-flex e-con-boxed e-con e-parent\" data-id=\"34c545c\" data-element_type=\"container\" data-e-type=\"container\" data-settings=\"{&quot;background_background&quot;:&quot;classic&quot;,&quot;jet_parallax_layout_list&quot;:[]}\">\n\t\t\t\t\t<div class=\"e-con-inner\">\n\t\t<div class=\"elementor-element elementor-element-d8bb58d e-con-full e-flex e-con e-child\" data-id=\"d8bb58d\" data-element_type=\"container\" data-e-type=\"container\" data-settings=\"{&quot;jet_parallax_layout_list&quot;:[]}\">\n\t\t\t\t<div class=\"elementor-element elementor-element-c6ba6c1 elementor-widget elementor-widget-image\" data-id=\"c6ba6c1\" data-element_type=\"widget\" data-e-type=\"widget\" data-widget_type=\"image.default\">\n\t\t\t\t<div class=\"elementor-widget-container\">\n\t\t\t\t\t\t\t\t\t\t\t\t\t\t\t\t<a href=\"https:\/\/www.sgs.com\/en-es\/certified-clients-and-products\/certified-client-directory\">\n\t\t\t\t\t\t\t<img decoding=\"async\" width=\"830\" height=\"780\" src=\"https:\/\/romarglobalcare.com\/wp-content\/uploads\/2025\/09\/logo-9001-_3_.webp\" class=\"attachment-large size-large wp-image-6497\" alt=\"\" srcset=\"https:\/\/romarglobalcare.com\/wp-content\/uploads\/2025\/09\/logo-9001-_3_.webp 830w, https:\/\/romarglobalcare.com\/wp-content\/uploads\/2025\/09\/logo-9001-_3_-300x282.webp 300w, https:\/\/romarglobalcare.com\/wp-content\/uploads\/2025\/09\/logo-9001-_3_-768x722.webp 768w, https:\/\/romarglobalcare.com\/wp-content\/uploads\/2025\/09\/logo-9001-_3_-13x12.webp 13w\" sizes=\"(max-width: 830px) 100vw, 830px\" \/>\t\t\t\t\t\t\t\t<\/a>\n\t\t\t\t\t\t\t\t\t\t\t\t\t\t\t<\/div>\n\t\t\t\t<\/div>\n\t\t<div class=\"elementor-element elementor-element-27c1daf e-con-full e-flex e-con e-child\" data-id=\"27c1daf\" data-element_type=\"container\" data-e-type=\"container\" data-settings=\"{&quot;jet_parallax_layout_list&quot;:[]}\">\n\t\t\t\t<div class=\"elementor-element elementor-element-d5fd735 elementor-widget elementor-widget-heading\" data-id=\"d5fd735\" data-element_type=\"widget\" data-e-type=\"widget\" data-widget_type=\"heading.default\">\n\t\t\t\t<div class=\"elementor-widget-container\">\n\t\t\t\t\t<h2 class=\"elementor-heading-title elementor-size-default\">ISO 9001<\/h2>\t\t\t\t<\/div>\n\t\t\t\t<\/div>\n\t\t\t\t<div class=\"elementor-element elementor-element-6de7cb6 elementor-widget elementor-widget-text-editor\" data-id=\"6de7cb6\" data-element_type=\"widget\" data-e-type=\"widget\" data-widget_type=\"text-editor.default\">\n\t\t\t\t<div class=\"elementor-widget-container\">\n\t\t\t\t\t\t\t\t\tCertificata dal 2014, RGC ha sempre dimostrato il suo pieno impegno nel rispetto di questa norma, che certifica il nostro Sistema di Gestione della Qualit\u00e0 e il cui obiettivo finale \u00e8 la soddisfazione del cliente. Attraverso azioni volte al miglioramento continuo, alla conformit\u00e0 normativa, alla formazione completa dei dipendenti, all&#039;impegno per l&#039;innovazione e ai pi\u00f9 elevati standard per i nostri fornitori, continuiamo a lavorare per soddisfare tutte le esigenze e le aspettative del mercato e dei nostri clienti.\t\t\t\t\t\t\t\t<\/div>\n\t\t\t\t<\/div>\n\t\t\t\t<\/div>\n\t\t\t\t<\/div>\n\t\t<div class=\"elementor-element elementor-element-9a2bc0b e-con-full e-flex e-con e-child\" data-id=\"9a2bc0b\" data-element_type=\"container\" data-e-type=\"container\" data-settings=\"{&quot;jet_parallax_layout_list&quot;:[]}\">\n\t\t\t\t<div class=\"elementor-element elementor-element-1772d90 elementor-widget elementor-widget-image\" data-id=\"1772d90\" data-element_type=\"widget\" data-e-type=\"widget\" data-widget_type=\"image.default\">\n\t\t\t\t<div class=\"elementor-widget-container\">\n\t\t\t\t\t\t\t\t\t\t\t\t\t\t\t\t<a href=\"https:\/\/www.sgs.com\/en-es\/certified-clients-and-products\/certified-client-directory\">\n\t\t\t\t\t\t\t<img decoding=\"async\" width=\"335\" height=\"330\" src=\"https:\/\/romarglobalcare.com\/wp-content\/uploads\/2025\/09\/logo-iso.webp\" class=\"attachment-large size-large wp-image-6482\" alt=\"\" srcset=\"https:\/\/romarglobalcare.com\/wp-content\/uploads\/2025\/09\/logo-iso.webp 335w, https:\/\/romarglobalcare.com\/wp-content\/uploads\/2025\/09\/logo-iso-300x296.webp 300w, https:\/\/romarglobalcare.com\/wp-content\/uploads\/2025\/09\/logo-iso-12x12.webp 12w\" sizes=\"(max-width: 335px) 100vw, 335px\" \/>\t\t\t\t\t\t\t\t<\/a>\n\t\t\t\t\t\t\t\t\t\t\t\t\t\t\t<\/div>\n\t\t\t\t<\/div>\n\t\t<div class=\"elementor-element elementor-element-61de5b9 e-con-full e-flex e-con e-child\" data-id=\"61de5b9\" data-element_type=\"container\" data-e-type=\"container\" data-settings=\"{&quot;jet_parallax_layout_list&quot;:[]}\">\n\t\t\t\t<div class=\"elementor-element elementor-element-a8787a6 elementor-widget elementor-widget-heading\" data-id=\"a8787a6\" data-element_type=\"widget\" data-e-type=\"widget\" data-widget_type=\"heading.default\">\n\t\t\t\t<div class=\"elementor-widget-container\">\n\t\t\t\t\t<h2 class=\"elementor-heading-title elementor-size-default\">ISO 22716<\/h2>\t\t\t\t<\/div>\n\t\t\t\t<\/div>\n\t\t\t\t<div class=\"elementor-element elementor-element-e87e446 elementor-widget elementor-widget-text-editor\" data-id=\"e87e446\" data-element_type=\"widget\" data-e-type=\"widget\" data-widget_type=\"text-editor.default\">\n\t\t\t\t<div class=\"elementor-widget-container\">\n\t\t\t\t\t\t\t\t\t<p>Certificato dal 2017, RCG \u00e8 regolamentato da questo standard sulle Buone Pratiche di Fabbricazione per qualsiasi formato dei nostri prodotti cosmetici, il che contribuisce a mantenere e migliorare il nostro impegno per la legalit\u00e0 e a soddisfare una crescente esigenza del mercato e degli stakeholder. I suoi elevati standard in tutti i controlli correlati, sia di processo che di prodotto, ci consentono di ottenere la massima garanzia per i nostri cosmetici.<br \/>conformit\u00e0 al Regolamento n. 1223\/2009, il quadro legislativo che regola la fabbricazione, la commercializzazione e la sicurezza dei prodotti cosmetici nell&#039;Unione Europea (UE).<\/p>\t\t\t\t\t\t\t\t<\/div>\n\t\t\t\t<\/div>\n\t\t\t\t<\/div>\n\t\t\t\t<\/div>\n\t\t\t\t\t<\/div>\n\t\t\t\t<\/div>\n\t\t\t\t<\/div>","protected":false},"excerpt":{"rendered":"<p>Qualit\u00e0 RGC IFS-HPC Questo standard, basato su norme di sicurezza e qualit\u00e0 alimentare, si applica a tutti i nostri prodotti [\u2026]<\/p>","protected":false},"author":9,"featured_media":0,"parent":0,"menu_order":0,"comment_status":"closed","ping_status":"closed","template":"","meta":{"_acf_changed":false,"_eb_attr":"","site-sidebar-layout":"no-sidebar","site-content-layout":"","ast-site-content-layout":"full-width-container","site-content-style":"default","site-sidebar-style":"default","ast-global-header-display":"","ast-banner-title-visibility":"","ast-main-header-display":"","ast-hfb-above-header-display":"","ast-hfb-below-header-display":"","ast-hfb-mobile-header-display":"","site-post-title":"disabled","ast-breadcrumbs-content":"","ast-featured-img":"disabled","footer-sml-layout":"","ast-disable-related-posts":"","theme-transparent-header-meta":"","adv-header-id-meta":"","stick-header-meta":"","header-above-stick-meta":"","header-main-stick-meta":"","header-below-stick-meta":"","astra-migrate-meta-layouts":"default","ast-page-background-enabled":"default","ast-page-background-meta":{"desktop":{"background-color":"var(--ast-global-color-4)","background-image":"","background-repeat":"repeat","background-position":"center center","background-size":"auto","background-attachment":"scroll","background-type":"","background-media":"","overlay-type":"","overlay-color":"","overlay-opacity":"","overlay-gradient":""},"tablet":{"background-color":"","background-image":"","background-repeat":"repeat","background-position":"center center","background-size":"auto","background-attachment":"scroll","background-type":"","background-media":"","overlay-type":"","overlay-color":"","overlay-opacity":"","overlay-gradient":""},"mobile":{"background-color":"","background-image":"","background-repeat":"repeat","background-position":"center center","background-size":"auto","background-attachment":"scroll","background-type":"","background-media":"","overlay-type":"","overlay-color":"","overlay-opacity":"","overlay-gradient":""}},"ast-content-background-meta":{"desktop":{"background-color":"var(--ast-global-color-5)","background-image":"","background-repeat":"repeat","background-position":"center center","background-size":"auto","background-attachment":"scroll","background-type":"","background-media":"","overlay-type":"","overlay-color":"","overlay-opacity":"","overlay-gradient":""},"tablet":{"background-color":"var(--ast-global-color-5)","background-image":"","background-repeat":"repeat","background-position":"center center","background-size":"auto","background-attachment":"scroll","background-type":"","background-media":"","overlay-type":"","overlay-color":"","overlay-opacity":"","overlay-gradient":""},"mobile":{"background-color":"var(--ast-global-color-5)","background-image":"","background-repeat":"repeat","background-position":"center center","background-size":"auto","background-attachment":"scroll","background-type":"","background-media":"","overlay-type":"","overlay-color":"","overlay-opacity":"","overlay-gradient":""}},"footnotes":""},"class_list":["post-6432","page","type-page","status-publish","hentry"],"acf":[],"yoast_head":"<!-- This site is optimized with the Yoast SEO plugin v27.2 - https:\/\/yoast.com\/product\/yoast-seo-wordpress\/ -->\n<title>Calidad - Romar Global Care<\/title>\n<meta name=\"robots\" content=\"index, follow, max-snippet:-1, max-image-preview:large, max-video-preview:-1\" \/>\n<link rel=\"canonical\" href=\"https:\/\/romarglobalcare.com\/it\/calidad\/\" \/>\n<meta property=\"og:locale\" content=\"it_IT\" \/>\n<meta property=\"og:type\" content=\"article\" \/>\n<meta property=\"og:title\" content=\"Calidad - Romar Global Care\" \/>\n<meta property=\"og:description\" content=\"Calidad RGC IFS-HPC Esta norma, fundamentada en los est\u00e1ndares de seguridad y calidad alimentaria, y deaplicaci\u00f3n para todos nuestros productos [&hellip;]\" \/>\n<meta property=\"og:url\" content=\"https:\/\/romarglobalcare.com\/it\/calidad\/\" \/>\n<meta property=\"og:site_name\" content=\"Romar Global Care\" \/>\n<meta property=\"article:modified_time\" content=\"2026-01-30T11:10:46+00:00\" \/>\n<meta property=\"og:image\" content=\"https:\/\/romarglobalcare.com\/wp-content\/uploads\/2025\/10\/IFS_Logo.webp\" \/>\n\t<meta property=\"og:image:width\" content=\"795\" \/>\n\t<meta property=\"og:image:height\" content=\"778\" \/>\n\t<meta property=\"og:image:type\" content=\"image\/webp\" \/>\n<meta name=\"twitter:card\" content=\"summary_large_image\" \/>\n<meta name=\"twitter:label1\" content=\"Tempo di lettura stimato\" \/>\n\t<meta name=\"twitter:data1\" content=\"2 minuti\" \/>\n<script type=\"application\/ld+json\" class=\"yoast-schema-graph\">{\"@context\":\"https:\/\/schema.org\",\"@graph\":[{\"@type\":\"WebPage\",\"@id\":\"https:\/\/romarglobalcare.com\/calidad\/\",\"url\":\"https:\/\/romarglobalcare.com\/calidad\/\",\"name\":\"Calidad - Romar Global Care\",\"isPartOf\":{\"@id\":\"https:\/\/romarglobalcare.com\/#website\"},\"primaryImageOfPage\":{\"@id\":\"https:\/\/romarglobalcare.com\/calidad\/#primaryimage\"},\"image\":{\"@id\":\"https:\/\/romarglobalcare.com\/calidad\/#primaryimage\"},\"thumbnailUrl\":\"https:\/\/romarglobalcare.com\/wp-content\/uploads\/2025\/10\/IFS_Logo.webp\",\"datePublished\":\"2025-09-25T09:53:57+00:00\",\"dateModified\":\"2026-01-30T11:10:46+00:00\",\"breadcrumb\":{\"@id\":\"https:\/\/romarglobalcare.com\/calidad\/#breadcrumb\"},\"inLanguage\":\"it-IT\",\"potentialAction\":[{\"@type\":\"ReadAction\",\"target\":[\"https:\/\/romarglobalcare.com\/calidad\/\"]}]},{\"@type\":\"ImageObject\",\"inLanguage\":\"it-IT\",\"@id\":\"https:\/\/romarglobalcare.com\/calidad\/#primaryimage\",\"url\":\"https:\/\/romarglobalcare.com\/wp-content\/uploads\/2025\/10\/IFS_Logo.webp\",\"contentUrl\":\"https:\/\/romarglobalcare.com\/wp-content\/uploads\/2025\/10\/IFS_Logo.webp\"},{\"@type\":\"BreadcrumbList\",\"@id\":\"https:\/\/romarglobalcare.com\/calidad\/#breadcrumb\",\"itemListElement\":[{\"@type\":\"ListItem\",\"position\":1,\"name\":\"Portada\",\"item\":\"https:\/\/romarglobalcare.com\/\"},{\"@type\":\"ListItem\",\"position\":2,\"name\":\"Calidad\"}]},{\"@type\":\"WebSite\",\"@id\":\"https:\/\/romarglobalcare.com\/#website\",\"url\":\"https:\/\/romarglobalcare.com\/\",\"name\":\"Romar Global Care\",\"description\":\"\",\"publisher\":{\"@id\":\"https:\/\/romarglobalcare.com\/#organization\"},\"potentialAction\":[{\"@type\":\"SearchAction\",\"target\":{\"@type\":\"EntryPoint\",\"urlTemplate\":\"https:\/\/romarglobalcare.com\/?s={search_term_string}\"},\"query-input\":{\"@type\":\"PropertyValueSpecification\",\"valueRequired\":true,\"valueName\":\"search_term_string\"}}],\"inLanguage\":\"it-IT\"},{\"@type\":\"Organization\",\"@id\":\"https:\/\/romarglobalcare.com\/#organization\",\"name\":\"Romar Global Care\",\"url\":\"https:\/\/romarglobalcare.com\/\",\"logo\":{\"@type\":\"ImageObject\",\"inLanguage\":\"it-IT\",\"@id\":\"https:\/\/romarglobalcare.com\/#\/schema\/logo\/image\/\",\"url\":\"https:\/\/romarglobalcare.com\/wp-content\/uploads\/2024\/06\/cropped-logo-footer-1.png\",\"contentUrl\":\"https:\/\/romarglobalcare.com\/wp-content\/uploads\/2024\/06\/cropped-logo-footer-1.png\",\"width\":512,\"height\":512,\"caption\":\"Romar Global Care\"},\"image\":{\"@id\":\"https:\/\/romarglobalcare.com\/#\/schema\/logo\/image\/\"}}]}<\/script>\n<!-- \/ Yoast SEO plugin. -->","yoast_head_json":{"title":"Qualit\u00e0 - Romar Global Care","robots":{"index":"index","follow":"follow","max-snippet":"max-snippet:-1","max-image-preview":"max-image-preview:large","max-video-preview":"max-video-preview:-1"},"canonical":"https:\/\/romarglobalcare.com\/it\/calidad\/","og_locale":"it_IT","og_type":"article","og_title":"Calidad - Romar Global Care","og_description":"Calidad RGC IFS-HPC Esta norma, fundamentada en los est\u00e1ndares de seguridad y calidad alimentaria, y deaplicaci\u00f3n para todos nuestros productos [&hellip;]","og_url":"https:\/\/romarglobalcare.com\/it\/calidad\/","og_site_name":"Romar Global Care","article_modified_time":"2026-01-30T11:10:46+00:00","og_image":[{"width":795,"height":778,"url":"https:\/\/romarglobalcare.com\/wp-content\/uploads\/2025\/10\/IFS_Logo.webp","type":"image\/webp"}],"twitter_card":"summary_large_image","twitter_misc":{"Tempo di lettura stimato":"2 minuti"},"schema":{"@context":"https:\/\/schema.org","@graph":[{"@type":"WebPage","@id":"https:\/\/romarglobalcare.com\/calidad\/","url":"https:\/\/romarglobalcare.com\/calidad\/","name":"Qualit\u00e0 - Romar Global Care","isPartOf":{"@id":"https:\/\/romarglobalcare.com\/#website"},"primaryImageOfPage":{"@id":"https:\/\/romarglobalcare.com\/calidad\/#primaryimage"},"image":{"@id":"https:\/\/romarglobalcare.com\/calidad\/#primaryimage"},"thumbnailUrl":"https:\/\/romarglobalcare.com\/wp-content\/uploads\/2025\/10\/IFS_Logo.webp","datePublished":"2025-09-25T09:53:57+00:00","dateModified":"2026-01-30T11:10:46+00:00","breadcrumb":{"@id":"https:\/\/romarglobalcare.com\/calidad\/#breadcrumb"},"inLanguage":"it-IT","potentialAction":[{"@type":"ReadAction","target":["https:\/\/romarglobalcare.com\/calidad\/"]}]},{"@type":"ImageObject","inLanguage":"it-IT","@id":"https:\/\/romarglobalcare.com\/calidad\/#primaryimage","url":"https:\/\/romarglobalcare.com\/wp-content\/uploads\/2025\/10\/IFS_Logo.webp","contentUrl":"https:\/\/romarglobalcare.com\/wp-content\/uploads\/2025\/10\/IFS_Logo.webp"},{"@type":"BreadcrumbList","@id":"https:\/\/romarglobalcare.com\/calidad\/#breadcrumb","itemListElement":[{"@type":"ListItem","position":1,"name":"Portada","item":"https:\/\/romarglobalcare.com\/"},{"@type":"ListItem","position":2,"name":"Calidad"}]},{"@type":"WebSite","@id":"https:\/\/romarglobalcare.com\/#website","url":"https:\/\/romarglobalcare.com\/","name":"Romar Global Care","description":"","publisher":{"@id":"https:\/\/romarglobalcare.com\/#organization"},"potentialAction":[{"@type":"SearchAction","target":{"@type":"EntryPoint","urlTemplate":"https:\/\/romarglobalcare.com\/?s={search_term_string}"},"query-input":{"@type":"PropertyValueSpecification","valueRequired":true,"valueName":"search_term_string"}}],"inLanguage":"it-IT"},{"@type":"Organization","@id":"https:\/\/romarglobalcare.com\/#organization","name":"Romar Global Care","url":"https:\/\/romarglobalcare.com\/","logo":{"@type":"ImageObject","inLanguage":"it-IT","@id":"https:\/\/romarglobalcare.com\/#\/schema\/logo\/image\/","url":"https:\/\/romarglobalcare.com\/wp-content\/uploads\/2024\/06\/cropped-logo-footer-1.png","contentUrl":"https:\/\/romarglobalcare.com\/wp-content\/uploads\/2024\/06\/cropped-logo-footer-1.png","width":512,"height":512,"caption":"Romar Global Care"},"image":{"@id":"https:\/\/romarglobalcare.com\/#\/schema\/logo\/image\/"}}]}},"_links":{"self":[{"href":"https:\/\/romarglobalcare.com\/it\/wp-json\/wp\/v2\/pages\/6432","targetHints":{"allow":["GET"]}}],"collection":[{"href":"https:\/\/romarglobalcare.com\/it\/wp-json\/wp\/v2\/pages"}],"about":[{"href":"https:\/\/romarglobalcare.com\/it\/wp-json\/wp\/v2\/types\/page"}],"author":[{"embeddable":true,"href":"https:\/\/romarglobalcare.com\/it\/wp-json\/wp\/v2\/users\/9"}],"replies":[{"embeddable":true,"href":"https:\/\/romarglobalcare.com\/it\/wp-json\/wp\/v2\/comments?post=6432"}],"version-history":[{"count":38,"href":"https:\/\/romarglobalcare.com\/it\/wp-json\/wp\/v2\/pages\/6432\/revisions"}],"predecessor-version":[{"id":6540,"href":"https:\/\/romarglobalcare.com\/it\/wp-json\/wp\/v2\/pages\/6432\/revisions\/6540"}],"wp:attachment":[{"href":"https:\/\/romarglobalcare.com\/it\/wp-json\/wp\/v2\/media?parent=6432"}],"curies":[{"name":"parola chiave","href":"https:\/\/api.w.org\/{rel}","templated":true}]}}