{"id":482,"date":"2024-04-02T10:47:28","date_gmt":"2024-04-02T08:47:28","guid":{"rendered":"https:\/\/pruebasfit.xyz\/?page_id=482"},"modified":"2025-06-10T13:22:56","modified_gmt":"2025-06-10T11:22:56","slug":"aviso-legal","status":"publish","type":"page","link":"https:\/\/romarglobalcare.com\/it\/aviso-legal\/","title":{"rendered":"Avviso legale"},"content":{"rendered":"<div data-elementor-type=\"wp-page\" data-elementor-id=\"482\" class=\"elementor elementor-482\" data-elementor-post-type=\"page\">\n\t\t\t\t<div class=\"elementor-element elementor-element-49f0d22 e-flex e-con-boxed e-con e-parent\" data-id=\"49f0d22\" data-element_type=\"container\" data-e-type=\"container\" data-settings=\"{&quot;jet_parallax_layout_list&quot;:[]}\">\n\t\t\t\t\t<div class=\"e-con-inner\">\n\t\t\t\t<div class=\"elementor-element elementor-element-5226d37 elementor-widget__width-inherit elementor-widget elementor-widget-heading\" data-id=\"5226d37\" data-element_type=\"widget\" data-e-type=\"widget\" data-widget_type=\"heading.default\">\n\t\t\t\t<div class=\"elementor-widget-container\">\n\t\t\t\t\t<h2 class=\"elementor-heading-title elementor-size-default\">Avviso legale<\/h2>\t\t\t\t<\/div>\n\t\t\t\t<\/div>\n\t\t\t\t<div class=\"elementor-element elementor-element-cefe5da elementor-widget elementor-widget-text-editor\" data-id=\"cefe5da\" data-element_type=\"widget\" data-e-type=\"widget\" data-widget_type=\"text-editor.default\">\n\t\t\t\t<div class=\"elementor-widget-container\">\n\t\t\t\t\t\t\t\t\t<div class=\"wp-block-group is-layout-constrained wp-block-group-is-layout-constrained\"><div class=\"wp-block-group__inner-container\"><p><strong>AVVISO LEGALE<\/strong><\/p><p><span style=\"font-weight: 400;\">QUIMI ROMAR SLU si riserva il diritto di modificare qualsiasi tipo di informazione presente sul sito web, senza alcun obbligo di notifica o informazione degli utenti. Resta inteso che la pubblicazione sul sito web di QUIMI ROMAR SLU \u00e8 sufficiente.<\/span><\/p><p><span style=\"font-weight: 400;\">In ottemperanza all&#039;articolo 10 della Legge 34\/2002, dell&#039;11 luglio, sui Servizi della Societ\u00e0 dell&#039;Informazione e del Commercio Elettronico, di seguito si riportano i dati identificativi dell&#039;azienda titolare del dominio.<a href=\"https:\/\/romarglobalcare.com\/it\/\"><strong> www.romarglobalcare.com<\/strong><\/a>:<\/span><\/p><ol><li><span style=\"font-weight: 400;\"> Dati identificativi:<\/span><\/li><\/ol><p><span style=\"font-weight: 400;\">\u2013 Nome di dominio: <a href=\"https:\/\/romarglobalcare.com\/it\/\">www.romarglobalcare.com<\/a><\/span><\/p><p><span style=\"font-weight: 400;\">\u2013 Ragione sociale: QUIMI ROMAR SLU<\/span><\/p><p><span style=\"font-weight: 400;\">\u2013 Codice fiscale: B46660502<\/span><\/p><p><span style=\"font-weight: 400;\">\u2013 Sede legale: Carrer Isaac Newton, 2, 46520 Sagunto, Valencia <\/span><\/p><p><span style=\"font-weight: 400;\">- Telefono: <a href=\"tel:961399826\">961399826<\/a><\/span><\/p><p><span style=\"font-weight: 400;\">\u2013 E-mail: <a href=\"mailto:info@quimiromar.com\">info@quimiromar.com<\/a><\/span><\/p><p><span style=\"font-weight: 400;\">\u2013 Dati di registrazione: Registro delle Imprese di Valencia. Volume 2726, Sezione Generale 44 del Libro delle Imprese, Foglio 95, Pagina n. V-680, Iscrizione<\/span><\/p><p><span style=\"font-weight: 400;\">\u00a0\u00a0\u00a0\u00a0<\/span><\/p><ol start=\"2\"><li><span style=\"font-weight: 400;\"> Diritti di propriet\u00e0 intellettuale e industriale:<\/span><\/li><\/ol><p><span style=\"font-weight: 400;\">Il sito web, compresi, a titolo esemplificativo ma non esaustivo, la sua programmazione, modifica, compilazione e altri elementi necessari al suo funzionamento, i design, i loghi, il testo e\/o la grafica, sono di propriet\u00e0 del titolare del trattamento o, ove applicabile, sono stati espressamente concessi in licenza o autorizzati dagli autori.\u00a0<\/span><\/p><p><span style=\"font-weight: 400;\">Tutti i contenuti del sito web sono debitamente protetti dalle normative sulla propriet\u00e0 intellettuale e industriale e iscritti nei relativi registri pubblici. Indipendentemente dalla finalit\u00e0, qualsiasi riproduzione, utilizzo, sfruttamento, distribuzione e commercializzazione, totale o parziale, richiede sempre la previa autorizzazione scritta del titolare del trattamento. Qualsiasi utilizzo non autorizzato costituisce una grave violazione dei diritti di propriet\u00e0 intellettuale o industriale dell&#039;autore. Qualsiasi design, logo, testo e\/o grafica non appartenenti al titolare del trattamento e presenti sul sito web appartengono ai rispettivi proprietari, che sono responsabili per qualsiasi controversia che dovesse sorgere in merito.\u00a0<\/span><\/p><p><span style=\"font-weight: 400;\">Il Titolare del trattamento riconosce i corrispondenti diritti di propriet\u00e0 intellettuale e industriale ai rispettivi titolari. La loro semplice menzione o apparizione sul sito web non implica l&#039;esistenza di alcun diritto o responsabilit\u00e0 su di essi, n\u00e9 implica alcuna approvazione, sponsorizzazione o raccomandazione da parte del Titolare del trattamento.<\/span><\/p><p><span style=\"font-weight: 400;\">Per qualsiasi tipo di segnalazione relativa a possibili violazioni dei diritti di propriet\u00e0 intellettuale o industriale, nonch\u00e9 a qualsiasi contenuto del sito web, \u00e8 possibile inviare un&#039;e-mail all&#039;indirizzo info@quimiromar.com o al seguente indirizzo postale: CRTA. MONCADA A NAQUERA CV 315, KM 11.2, \u2013 46119 NAQUERA (Val\u00e8ncia). Email: info@quimiromar.com.<\/span><\/p><p><span style=\"font-weight: 400;\">\u00a0\u00a0\u00a0\u00a0\u00a0\u00a0\u00a0\u00a0\u00a0\u00a0<\/span><\/p><ol start=\"3\"><li><span style=\"font-weight: 400;\"> Navigazione, accesso e sicurezza:<\/span><\/li><\/ol><p><span style=\"font-weight: 400;\">L&#039;accesso, la navigazione e l&#039;utilizzo di questo sito web implicano l&#039;accettazione espressa e incondizionata di tutti i termini della presente Informativa sulla privacy e sulla protezione dei dati, che ha la stessa validit\u00e0 ed efficacia di qualsiasi contratto scritto e firmato. In tal senso, per Utente si intende qualsiasi persona che accede, naviga, utilizza o partecipa ai servizi e alle attivit\u00e0, gratuiti o a pagamento, offerti sul Sito Web.\u00a0<\/span><\/p><p><span style=\"font-weight: 400;\">L&#039;accesso, la navigazione e l&#039;utilizzo di questo Sito Web implicano l&#039;accettazione espressa e incondizionata di tutte le avvertenze legali, le condizioni e i termini d&#039;uso contenuti nella presente Informativa sulla privacy e sulla protezione dei dati. QUIMI ROMAR SLU si impegna a garantire che la navigazione avvenga nelle migliori condizioni e a evitare qualsiasi danno che possa verificarsi. QUIMI ROMAR SLU non \u00e8 responsabile n\u00e9 garantisce che l&#039;accesso a questo Sito Web sar\u00e0 ininterrotto o privo di errori. Inoltre, non si assume la responsabilit\u00e0 n\u00e9 garantisce che i contenuti o il software a cui si pu\u00f2 accedere tramite questo Sito Web siano privi di errori o causino danni. In nessun caso QUIMI ROMAR SLU sar\u00e0 responsabile per eventuali perdite, danni o pregiudizi di qualsiasi tipo derivanti dall&#039;accesso e dall&#039;utilizzo del Sito Web, inclusi, a titolo esemplificativo ma non esaustivo, danni ai sistemi informatici o causati dall&#039;introduzione di virus, n\u00e9 sar\u00e0 responsabile per eventuali danni che possano essere causati agli utenti a causa di un utilizzo improprio di questo Sito Web. I servizi offerti su questo Sito Web possono essere utilizzati correttamente solo se vengono rispettate le specifiche tecniche per le quali sono stati progettati.<\/span><\/p><p><span style=\"font-weight: 400;\">L&#039;accesso a questo Sito Web da parte di minori di et\u00e0 inferiore a 14 anni \u00e8 vietato, salvo espressa autorizzazione preventiva dei genitori, tutori o rappresentanti legali. Genitori, tutori o rappresentanti legali saranno ritenuti responsabili delle azioni dei minori di cui sono a carico, in conformit\u00e0 con la normativa vigente. In ogni caso, si presumer\u00e0 che qualsiasi accesso al Sito Web da parte di un minore sia stato concesso con l&#039;espressa autorizzazione preventiva dei genitori, tutori o rappresentanti legali.<\/span><\/p><p><span style=\"font-weight: 400;\">\u00a0\u00a0\u00a0\u00a0<\/span><\/p><ol start=\"4\"><li><span style=\"font-weight: 400;\"> Esclusione di responsabilit\u00e0 del responsabile:<\/span>\u00a0\u00a0<\/li><\/ol><p><span style=\"font-weight: 400;\">Il Titolare del Trattamento declina ogni responsabilit\u00e0 derivante dalle informazioni pubblicate sul proprio sito web, a condizione che tali informazioni siano state manipolate o introdotte da terzi. La politica del Titolare del Trattamento sui link dal sito web potrebbe reindirizzare a contenuti di siti web di terzi. Poich\u00e9 il Titolare del Trattamento non pu\u00f2 sempre controllare i contenuti introdotti da terzi sui rispettivi siti web, non si assume alcuna responsabilit\u00e0 per tali contenuti. In ogni caso, rimuover\u00e0 immediatamente qualsiasi contenuto che possa violare la legislazione nazionale o internazionale, la morale o l&#039;ordine pubblico, e rimuover\u00e0 immediatamente il reindirizzamento a tale sito web e informer\u00e0 le autorit\u00e0 competenti del contenuto in questione. Il Titolare del Trattamento non \u00e8 responsabile delle informazioni e dei contenuti memorizzati, inclusi, a titolo esemplificativo ma non esaustivo, forum, chat, generatori di blog, commenti, social network o qualsiasi altro mezzo che consenta a terzi di pubblicare contenuti in modo indipendente sul sito web del Titolare del Trattamento. Tuttavia, e in conformit\u00e0 con quanto disposto dagli articoli 11 e 16 della LSSICE (Legge spagnola sulla protezione dei dati personali), viene messo a disposizione di tutti gli utenti, autorit\u00e0 e forze dell&#039;ordine, collaborando attivamente alla rimozione o, se del caso, al blocco di tutti i contenuti che possano ledere o contravvenire alla legislazione nazionale o internazionale, ai diritti di terzi, alla morale e all&#039;ordine pubblico.\u00a0<\/span><\/p><p><span style=\"font-weight: 400;\">Se l&#039;utente ritiene che sul sito web siano presenti contenuti classificabili come tali, \u00e8 pregato di avvisare immediatamente l&#039;amministratore del sito web. Questo sito web \u00e8 stato esaminato e testato per garantirne il corretto funzionamento. In linea di principio, il suo corretto funzionamento pu\u00f2 essere garantito 365 giorni all&#039;anno, 24 ore su 24. Tuttavia, il titolare del trattamento non esclude la possibilit\u00e0 di errori di programmazione o il verificarsi di cause di forza maggiore, calamit\u00e0 naturali, scioperi o circostanze simili che rendano impossibile l&#039;accesso al sito web.<\/span><\/p><p><span style=\"font-weight: 400;\">\u00a0\u00a0\u00a0\u00a0<\/span><\/p><ol start=\"5\"><li><span style=\"font-weight: 400;\"> Condizioni aggiuntive:<\/span><\/li><\/ol><p><span style=\"font-weight: 400;\">L&#039;utente che inserisce i dati \u00e8 l&#039;unico e ultimo responsabile dell&#039;accuratezza delle informazioni fornite nel servizio e di eventuali modifiche apportate alle stesse fino alla cessazione del servizio.<\/span><\/p><p><span style=\"font-weight: 400;\">\u00a0\u00a0\u00a0\u00a0<\/span><\/p><ol start=\"6\"><li><span style=\"font-weight: 400;\"> Aggiornamento e modifica delle informazioni:<\/span><\/li><\/ol><p><span style=\"font-weight: 400;\">Le informazioni contenute in questo sito web sono aggiornate alla data del loro ultimo aggiornamento. QUIMI ROMAR SLU si riserva il diritto di aggiornare, modificare o eliminare le informazioni contenute in questo sito web e pu\u00f2 limitarne o negarne l&#039;accesso. Questo sito web non pu\u00f2 essere alterato, cambiato, modificato o adattato. Tuttavia, QUIMI ROMAR SLU si riserva il diritto di apportare in qualsiasi momento i cambiamenti e le modifiche che riterr\u00e0 opportuni e pu\u00f2 esercitare tale diritto in qualsiasi momento e senza preavviso.<\/span><\/p><p><span style=\"font-weight: 400;\">\u00a0\u00a0\u00a0\u00a0<\/span><\/p><ol start=\"7\"><li><span style=\"font-weight: 400;\"> Legge applicabile e giurisdizione:<\/span><\/li><\/ol><p><span style=\"font-weight: 400;\">I presenti Termini e Condizioni sono regolati e interpretati in conformit\u00e0 con la legge spagnola. Per qualsiasi questione relativa all&#039;interpretazione, all&#039;adempimento, alla risoluzione o alla risoluzione dei presenti Termini e Condizioni Generali, le Parti si sottopongono alla giurisdizione e al foro competente dei Tribunali della sede legale del Titolare del Sito Web. Fatto salvo quanto precede, in conformit\u00e0 con la legge spagnola, per qualsiasi questione relativa ai presenti Termini e Condizioni Generali, saranno competenti i Tribunali del domicilio applicabile, ai sensi dell&#039;articolo 52 del Codice di Procedura Civile o di qualsiasi legge sostitutiva applicabile.\u00a0<\/span><\/p><p><span style=\"font-weight: 400;\">Avviso legale redatto e fornito da PROTECTION REPORT S, SL, societ\u00e0 GDPR che si riserva il diritto di intraprendere azioni legali contro chiunque copi e utilizzi illegalmente i contenuti.<\/span><\/p><\/div><\/div>\t\t\t\t\t\t\t\t<\/div>\n\t\t\t\t<\/div>\n\t\t\t\t\t<\/div>\n\t\t\t\t<\/div>\n\t\t\t\t<\/div>","protected":false},"excerpt":{"rendered":"<p>Note legali QUIMI ROMAR SLU si riserva il diritto di modificare qualsiasi informazione che possa apparire [\u2026]<\/p>","protected":false},"author":1,"featured_media":3529,"parent":0,"menu_order":0,"comment_status":"closed","ping_status":"closed","template":"","meta":{"_acf_changed":false,"_eb_attr":"","site-sidebar-layout":"no-sidebar","site-content-layout":"","ast-site-content-layout":"full-width-container","site-content-style":"default","site-sidebar-style":"default","ast-global-header-display":"","ast-banner-title-visibility":"","ast-main-header-display":"","ast-hfb-above-header-display":"","ast-hfb-below-header-display":"","ast-hfb-mobile-header-display":"","site-post-title":"disabled","ast-breadcrumbs-content":"","ast-featured-img":"disabled","footer-sml-layout":"","ast-disable-related-posts":"","theme-transparent-header-meta":"","adv-header-id-meta":"","stick-header-meta":"","header-above-stick-meta":"","header-main-stick-meta":"","header-below-stick-meta":"","astra-migrate-meta-layouts":"default","ast-page-background-enabled":"default","ast-page-background-meta":{"desktop":{"background-color":"var(--ast-global-color-4)","background-image":"","background-repeat":"repeat","background-position":"center center","background-size":"auto","background-attachment":"scroll","background-type":"","background-media":"","overlay-type":"","overlay-color":"","overlay-opacity":"","overlay-gradient":""},"tablet":{"background-color":"","background-image":"","background-repeat":"repeat","background-position":"center center","background-size":"auto","background-attachment":"scroll","background-type":"","background-media":"","overlay-type":"","overlay-color":"","overlay-opacity":"","overlay-gradient":""},"mobile":{"background-color":"","background-image":"","background-repeat":"repeat","background-position":"center center","background-size":"auto","background-attachment":"scroll","background-type":"","background-media":"","overlay-type":"","overlay-color":"","overlay-opacity":"","overlay-gradient":""}},"ast-content-background-meta":{"desktop":{"background-color":"var(--ast-global-color-5)","background-image":"","background-repeat":"repeat","background-position":"center center","background-size":"auto","background-attachment":"scroll","background-type":"","background-media":"","overlay-type":"","overlay-color":"","overlay-opacity":"","overlay-gradient":""},"tablet":{"background-color":"var(--ast-global-color-5)","background-image":"","background-repeat":"repeat","background-position":"center center","background-size":"auto","background-attachment":"scroll","background-type":"","background-media":"","overlay-type":"","overlay-color":"","overlay-opacity":"","overlay-gradient":""},"mobile":{"background-color":"var(--ast-global-color-5)","background-image":"","background-repeat":"repeat","background-position":"center center","background-size":"auto","background-attachment":"scroll","background-type":"","background-media":"","overlay-type":"","overlay-color":"","overlay-opacity":"","overlay-gradient":""}},"footnotes":""},"class_list":["post-482","page","type-page","status-publish","has-post-thumbnail","hentry"],"acf":[],"yoast_head":"<!-- This site is optimized with the Yoast SEO plugin v27.2 - https:\/\/yoast.com\/product\/yoast-seo-wordpress\/ -->\n<title>Aviso Legal - Romar Global Care<\/title>\n<meta name=\"robots\" content=\"noindex, nofollow\" \/>\n<meta property=\"og:locale\" content=\"it_IT\" \/>\n<meta property=\"og:type\" content=\"article\" \/>\n<meta property=\"og:title\" content=\"Aviso Legal - Romar Global Care\" \/>\n<meta property=\"og:description\" content=\"Aviso legal AVISO LEGAL QUIMI ROMAR S.L.U. se reserva el derecho de modificar cualquier tipo de informaci\u00f3n que pudiera aparecer [&hellip;]\" \/>\n<meta property=\"og:url\" content=\"https:\/\/romarglobalcare.com\/it\/aviso-legal\/\" \/>\n<meta property=\"og:site_name\" content=\"Romar Global Care\" \/>\n<meta property=\"article:modified_time\" content=\"2025-06-10T11:22:56+00:00\" \/>\n<meta property=\"og:image\" content=\"https:\/\/romarglobalcare.com\/wp-content\/uploads\/2024\/06\/RGC-RomarGlobalCare-pantone7470C.png\" \/>\n\t<meta property=\"og:image:width\" content=\"886\" \/>\n\t<meta property=\"og:image:height\" content=\"886\" \/>\n\t<meta property=\"og:image:type\" content=\"image\/png\" \/>\n<meta name=\"twitter:card\" content=\"summary_large_image\" \/>\n<meta name=\"twitter:label1\" content=\"Tempo di lettura stimato\" \/>\n\t<meta name=\"twitter:data1\" content=\"7 minuti\" \/>\n<script type=\"application\/ld+json\" class=\"yoast-schema-graph\">{\"@context\":\"https:\/\/schema.org\",\"@graph\":[{\"@type\":\"WebPage\",\"@id\":\"https:\/\/romarglobalcare.com\/aviso-legal\/\",\"url\":\"https:\/\/romarglobalcare.com\/aviso-legal\/\",\"name\":\"Aviso Legal - Romar Global Care\",\"isPartOf\":{\"@id\":\"https:\/\/romarglobalcare.com\/#website\"},\"primaryImageOfPage\":{\"@id\":\"https:\/\/romarglobalcare.com\/aviso-legal\/#primaryimage\"},\"image\":{\"@id\":\"https:\/\/romarglobalcare.com\/aviso-legal\/#primaryimage\"},\"thumbnailUrl\":\"https:\/\/romarglobalcare.com\/wp-content\/uploads\/2024\/06\/RGC-RomarGlobalCare-pantone7470C.png\",\"datePublished\":\"2024-04-02T08:47:28+00:00\",\"dateModified\":\"2025-06-10T11:22:56+00:00\",\"breadcrumb\":{\"@id\":\"https:\/\/romarglobalcare.com\/aviso-legal\/#breadcrumb\"},\"inLanguage\":\"it-IT\",\"potentialAction\":[{\"@type\":\"ReadAction\",\"target\":[\"https:\/\/romarglobalcare.com\/aviso-legal\/\"]}]},{\"@type\":\"ImageObject\",\"inLanguage\":\"it-IT\",\"@id\":\"https:\/\/romarglobalcare.com\/aviso-legal\/#primaryimage\",\"url\":\"https:\/\/romarglobalcare.com\/wp-content\/uploads\/2024\/06\/RGC-RomarGlobalCare-pantone7470C.png\",\"contentUrl\":\"https:\/\/romarglobalcare.com\/wp-content\/uploads\/2024\/06\/RGC-RomarGlobalCare-pantone7470C.png\",\"width\":886,\"height\":886},{\"@type\":\"BreadcrumbList\",\"@id\":\"https:\/\/romarglobalcare.com\/aviso-legal\/#breadcrumb\",\"itemListElement\":[{\"@type\":\"ListItem\",\"position\":1,\"name\":\"Portada\",\"item\":\"https:\/\/romarglobalcare.com\/\"},{\"@type\":\"ListItem\",\"position\":2,\"name\":\"Aviso Legal\"}]},{\"@type\":\"WebSite\",\"@id\":\"https:\/\/romarglobalcare.com\/#website\",\"url\":\"https:\/\/romarglobalcare.com\/\",\"name\":\"Romar Global Care\",\"description\":\"\",\"publisher\":{\"@id\":\"https:\/\/romarglobalcare.com\/#organization\"},\"potentialAction\":[{\"@type\":\"SearchAction\",\"target\":{\"@type\":\"EntryPoint\",\"urlTemplate\":\"https:\/\/romarglobalcare.com\/?s={search_term_string}\"},\"query-input\":{\"@type\":\"PropertyValueSpecification\",\"valueRequired\":true,\"valueName\":\"search_term_string\"}}],\"inLanguage\":\"it-IT\"},{\"@type\":\"Organization\",\"@id\":\"https:\/\/romarglobalcare.com\/#organization\",\"name\":\"Romar Global Care\",\"url\":\"https:\/\/romarglobalcare.com\/\",\"logo\":{\"@type\":\"ImageObject\",\"inLanguage\":\"it-IT\",\"@id\":\"https:\/\/romarglobalcare.com\/#\/schema\/logo\/image\/\",\"url\":\"https:\/\/romarglobalcare.com\/wp-content\/uploads\/2024\/06\/cropped-logo-footer-1.png\",\"contentUrl\":\"https:\/\/romarglobalcare.com\/wp-content\/uploads\/2024\/06\/cropped-logo-footer-1.png\",\"width\":512,\"height\":512,\"caption\":\"Romar Global Care\"},\"image\":{\"@id\":\"https:\/\/romarglobalcare.com\/#\/schema\/logo\/image\/\"}}]}<\/script>\n<!-- \/ Yoast SEO plugin. -->","yoast_head_json":{"title":"Aviso Legal - Romar Global Care","robots":{"index":"noindex","follow":"nofollow"},"og_locale":"it_IT","og_type":"article","og_title":"Aviso Legal - Romar Global Care","og_description":"Aviso legal AVISO LEGAL QUIMI ROMAR S.L.U. se reserva el derecho de modificar cualquier tipo de informaci\u00f3n que pudiera aparecer [&hellip;]","og_url":"https:\/\/romarglobalcare.com\/it\/aviso-legal\/","og_site_name":"Romar Global Care","article_modified_time":"2025-06-10T11:22:56+00:00","og_image":[{"width":886,"height":886,"url":"https:\/\/romarglobalcare.com\/wp-content\/uploads\/2024\/06\/RGC-RomarGlobalCare-pantone7470C.png","type":"image\/png"}],"twitter_card":"summary_large_image","twitter_misc":{"Tempo di lettura stimato":"7 minuti"},"schema":{"@context":"https:\/\/schema.org","@graph":[{"@type":"WebPage","@id":"https:\/\/romarglobalcare.com\/aviso-legal\/","url":"https:\/\/romarglobalcare.com\/aviso-legal\/","name":"Aviso Legal - Romar Global Care","isPartOf":{"@id":"https:\/\/romarglobalcare.com\/#website"},"primaryImageOfPage":{"@id":"https:\/\/romarglobalcare.com\/aviso-legal\/#primaryimage"},"image":{"@id":"https:\/\/romarglobalcare.com\/aviso-legal\/#primaryimage"},"thumbnailUrl":"https:\/\/romarglobalcare.com\/wp-content\/uploads\/2024\/06\/RGC-RomarGlobalCare-pantone7470C.png","datePublished":"2024-04-02T08:47:28+00:00","dateModified":"2025-06-10T11:22:56+00:00","breadcrumb":{"@id":"https:\/\/romarglobalcare.com\/aviso-legal\/#breadcrumb"},"inLanguage":"it-IT","potentialAction":[{"@type":"ReadAction","target":["https:\/\/romarglobalcare.com\/aviso-legal\/"]}]},{"@type":"ImageObject","inLanguage":"it-IT","@id":"https:\/\/romarglobalcare.com\/aviso-legal\/#primaryimage","url":"https:\/\/romarglobalcare.com\/wp-content\/uploads\/2024\/06\/RGC-RomarGlobalCare-pantone7470C.png","contentUrl":"https:\/\/romarglobalcare.com\/wp-content\/uploads\/2024\/06\/RGC-RomarGlobalCare-pantone7470C.png","width":886,"height":886},{"@type":"BreadcrumbList","@id":"https:\/\/romarglobalcare.com\/aviso-legal\/#breadcrumb","itemListElement":[{"@type":"ListItem","position":1,"name":"Portada","item":"https:\/\/romarglobalcare.com\/"},{"@type":"ListItem","position":2,"name":"Aviso Legal"}]},{"@type":"WebSite","@id":"https:\/\/romarglobalcare.com\/#website","url":"https:\/\/romarglobalcare.com\/","name":"Romar Global Care","description":"","publisher":{"@id":"https:\/\/romarglobalcare.com\/#organization"},"potentialAction":[{"@type":"SearchAction","target":{"@type":"EntryPoint","urlTemplate":"https:\/\/romarglobalcare.com\/?s={search_term_string}"},"query-input":{"@type":"PropertyValueSpecification","valueRequired":true,"valueName":"search_term_string"}}],"inLanguage":"it-IT"},{"@type":"Organization","@id":"https:\/\/romarglobalcare.com\/#organization","name":"Romar Global Care","url":"https:\/\/romarglobalcare.com\/","logo":{"@type":"ImageObject","inLanguage":"it-IT","@id":"https:\/\/romarglobalcare.com\/#\/schema\/logo\/image\/","url":"https:\/\/romarglobalcare.com\/wp-content\/uploads\/2024\/06\/cropped-logo-footer-1.png","contentUrl":"https:\/\/romarglobalcare.com\/wp-content\/uploads\/2024\/06\/cropped-logo-footer-1.png","width":512,"height":512,"caption":"Romar Global Care"},"image":{"@id":"https:\/\/romarglobalcare.com\/#\/schema\/logo\/image\/"}}]}},"_links":{"self":[{"href":"https:\/\/romarglobalcare.com\/it\/wp-json\/wp\/v2\/pages\/482","targetHints":{"allow":["GET"]}}],"collection":[{"href":"https:\/\/romarglobalcare.com\/it\/wp-json\/wp\/v2\/pages"}],"about":[{"href":"https:\/\/romarglobalcare.com\/it\/wp-json\/wp\/v2\/types\/page"}],"author":[{"embeddable":true,"href":"https:\/\/romarglobalcare.com\/it\/wp-json\/wp\/v2\/users\/1"}],"replies":[{"embeddable":true,"href":"https:\/\/romarglobalcare.com\/it\/wp-json\/wp\/v2\/comments?post=482"}],"version-history":[{"count":11,"href":"https:\/\/romarglobalcare.com\/it\/wp-json\/wp\/v2\/pages\/482\/revisions"}],"predecessor-version":[{"id":5728,"href":"https:\/\/romarglobalcare.com\/it\/wp-json\/wp\/v2\/pages\/482\/revisions\/5728"}],"wp:featuredmedia":[{"embeddable":true,"href":"https:\/\/romarglobalcare.com\/it\/wp-json\/wp\/v2\/media\/3529"}],"wp:attachment":[{"href":"https:\/\/romarglobalcare.com\/it\/wp-json\/wp\/v2\/media?parent=482"}],"curies":[{"name":"parola chiave","href":"https:\/\/api.w.org\/{rel}","templated":true}]}}