{"id":6432,"date":"2025-09-25T11:53:57","date_gmt":"2025-09-25T09:53:57","guid":{"rendered":"https:\/\/romarglobalcare.com\/?page_id=6432"},"modified":"2026-01-30T12:10:46","modified_gmt":"2026-01-30T11:10:46","slug":"calidad","status":"publish","type":"page","link":"https:\/\/romarglobalcare.com\/fr\/calidad\/","title":{"rendered":"Qualit\u00e9"},"content":{"rendered":"<div data-elementor-type=\"wp-page\" data-elementor-id=\"6432\" class=\"elementor elementor-6432\" data-elementor-post-type=\"page\">\n\t\t\t\t<div class=\"elementor-element elementor-element-2e7df47 e-flex e-con-boxed e-con e-parent\" data-id=\"2e7df47\" data-element_type=\"container\" data-e-type=\"container\" data-settings=\"{&quot;background_background&quot;:&quot;video&quot;,&quot;background_video_link&quot;:&quot;https:\\\/\\\/romarglobalcare.com\\\/wp-content\\\/uploads\\\/2025\\\/07\\\/Quienes-somos-revision.mp4&quot;,&quot;jet_parallax_layout_list&quot;:[]}\">\n\t\t\t\t\t<div class=\"e-con-inner\">\n\t\t<div class=\"elementor-background-video-container elementor-hidden-mobile\">\n\t\t\t\t\t\t\t<video class=\"elementor-background-video-hosted\" role=\"presentation\" autoplay muted playsinline loop><\/video>\n\t\t\t\t\t<\/div>\t\t<div class=\"elementor-element elementor-element-b166044 elementor-widget elementor-widget-heading\" data-id=\"b166044\" data-element_type=\"widget\" data-e-type=\"widget\" data-widget_type=\"heading.default\">\n\t\t\t\t<div class=\"elementor-widget-container\">\n\t\t\t\t\t<h2 class=\"elementor-heading-title elementor-size-default\">Qualit\u00e9 RGC<\/h2>\t\t\t\t<\/div>\n\t\t\t\t<\/div>\n\t\t\t\t\t<\/div>\n\t\t\t\t<\/div>\n\t\t<div class=\"elementor-element elementor-element-44a3840 e-flex e-con-boxed e-con e-parent\" data-id=\"44a3840\" data-element_type=\"container\" data-e-type=\"container\" data-settings=\"{&quot;background_background&quot;:&quot;classic&quot;,&quot;jet_parallax_layout_list&quot;:[]}\">\n\t\t\t\t\t<div class=\"e-con-inner\">\n\t\t<div class=\"elementor-element elementor-element-abb28cc e-con-full e-flex e-con e-child\" data-id=\"abb28cc\" data-element_type=\"container\" data-e-type=\"container\" data-settings=\"{&quot;jet_parallax_layout_list&quot;:[]}\">\n\t\t\t\t<div class=\"elementor-element elementor-element-f019cf8 elementor-widget elementor-widget-image\" data-id=\"f019cf8\" data-element_type=\"widget\" data-e-type=\"widget\" data-widget_type=\"image.default\">\n\t\t\t\t<div class=\"elementor-widget-container\">\n\t\t\t\t\t\t\t\t\t\t\t\t\t\t\t\t<a href=\"https:\/\/romarglobalcare.com\/wp-content\/uploads\/2026\/01\/RC-2025-IFS-HPC-C737406-exp06032027.pdf\">\n\t\t\t\t\t\t\t<img fetchpriority=\"high\" decoding=\"async\" width=\"795\" height=\"778\" src=\"https:\/\/romarglobalcare.com\/wp-content\/uploads\/2025\/10\/IFS_Logo.webp\" class=\"attachment-large size-large wp-image-6503\" alt=\"\" srcset=\"https:\/\/romarglobalcare.com\/wp-content\/uploads\/2025\/10\/IFS_Logo.webp 795w, https:\/\/romarglobalcare.com\/wp-content\/uploads\/2025\/10\/IFS_Logo-300x294.webp 300w, https:\/\/romarglobalcare.com\/wp-content\/uploads\/2025\/10\/IFS_Logo-768x752.webp 768w, https:\/\/romarglobalcare.com\/wp-content\/uploads\/2025\/10\/IFS_Logo-12x12.webp 12w\" sizes=\"(max-width: 795px) 100vw, 795px\" \/>\t\t\t\t\t\t\t\t<\/a>\n\t\t\t\t\t\t\t\t\t\t\t\t\t\t\t<\/div>\n\t\t\t\t<\/div>\n\t\t\t\t<\/div>\n\t\t<div class=\"elementor-element elementor-element-613a058 e-con-full e-flex e-con e-child\" data-id=\"613a058\" data-element_type=\"container\" data-e-type=\"container\" data-settings=\"{&quot;jet_parallax_layout_list&quot;:[]}\">\n\t\t\t\t<div class=\"elementor-element elementor-element-c2050b0 elementor-widget elementor-widget-heading\" data-id=\"c2050b0\" data-element_type=\"widget\" data-e-type=\"widget\" data-widget_type=\"heading.default\">\n\t\t\t\t<div class=\"elementor-widget-container\">\n\t\t\t\t\t<span class=\"elementor-heading-title elementor-size-default\">IFS-HPC<\/span>\t\t\t\t<\/div>\n\t\t\t\t<\/div>\n\t\t\t\t<div class=\"elementor-element elementor-element-416aaa8 elementor-widget elementor-widget-text-editor\" data-id=\"416aaa8\" data-element_type=\"widget\" data-e-type=\"widget\" data-widget_type=\"text-editor.default\">\n\t\t\t\t<div class=\"elementor-widget-container\">\n\t\t\t\t\t\t\t\t\t<p>Cette norme, bas\u00e9e sur les normes de s\u00e9curit\u00e9 et de qualit\u00e9 des aliments, et<br \/>application pour tous nos produits cosm\u00e9tiques et d&#039;entretien m\u00e9nager, est une \u00e9tape<br \/>en avant dans notre mission de fournir des produits de confiance \u00e0 nos consommateurs et<br \/>marque une nouvelle \u00e9tape dans notre engagement \u00e0 r\u00e9pondre aux besoins de nos clients<br \/>\u00e0 travers notre cha\u00eene d&#039;approvisionnement.<br \/>Avec une approche bas\u00e9e sur les risques, nous travaillons sur une transparence et une comparabilit\u00e9 totales<br \/>toutes les \u00e9tapes de la cha\u00eene de production depuis la conception de nouveaux produits jusqu&#039;\u00e0<br \/>leurs utilisations finales possibles, en obtenant des produits s\u00fbrs et de qualit\u00e9 conformes aux<br \/>attentes du march\u00e9.<\/p>\t\t\t\t\t\t\t\t<\/div>\n\t\t\t\t<\/div>\n\t\t\t\t<\/div>\n\t\t\t\t\t<\/div>\n\t\t\t\t<\/div>\n\t\t<div class=\"elementor-element elementor-element-34c545c e-flex e-con-boxed e-con e-parent\" data-id=\"34c545c\" data-element_type=\"container\" data-e-type=\"container\" data-settings=\"{&quot;background_background&quot;:&quot;classic&quot;,&quot;jet_parallax_layout_list&quot;:[]}\">\n\t\t\t\t\t<div class=\"e-con-inner\">\n\t\t<div class=\"elementor-element elementor-element-d8bb58d e-con-full e-flex e-con e-child\" data-id=\"d8bb58d\" data-element_type=\"container\" data-e-type=\"container\" data-settings=\"{&quot;jet_parallax_layout_list&quot;:[]}\">\n\t\t\t\t<div class=\"elementor-element elementor-element-c6ba6c1 elementor-widget elementor-widget-image\" data-id=\"c6ba6c1\" data-element_type=\"widget\" data-e-type=\"widget\" data-widget_type=\"image.default\">\n\t\t\t\t<div class=\"elementor-widget-container\">\n\t\t\t\t\t\t\t\t\t\t\t\t\t\t\t\t<a href=\"https:\/\/www.sgs.com\/en-es\/certified-clients-and-products\/certified-client-directory\">\n\t\t\t\t\t\t\t<img decoding=\"async\" width=\"830\" height=\"780\" src=\"https:\/\/romarglobalcare.com\/wp-content\/uploads\/2025\/09\/logo-9001-_3_.webp\" class=\"attachment-large size-large wp-image-6497\" alt=\"\" srcset=\"https:\/\/romarglobalcare.com\/wp-content\/uploads\/2025\/09\/logo-9001-_3_.webp 830w, https:\/\/romarglobalcare.com\/wp-content\/uploads\/2025\/09\/logo-9001-_3_-300x282.webp 300w, https:\/\/romarglobalcare.com\/wp-content\/uploads\/2025\/09\/logo-9001-_3_-768x722.webp 768w, https:\/\/romarglobalcare.com\/wp-content\/uploads\/2025\/09\/logo-9001-_3_-13x12.webp 13w\" sizes=\"(max-width: 830px) 100vw, 830px\" \/>\t\t\t\t\t\t\t\t<\/a>\n\t\t\t\t\t\t\t\t\t\t\t\t\t\t\t<\/div>\n\t\t\t\t<\/div>\n\t\t<div class=\"elementor-element elementor-element-27c1daf e-con-full e-flex e-con e-child\" data-id=\"27c1daf\" data-element_type=\"container\" data-e-type=\"container\" data-settings=\"{&quot;jet_parallax_layout_list&quot;:[]}\">\n\t\t\t\t<div class=\"elementor-element elementor-element-d5fd735 elementor-widget elementor-widget-heading\" data-id=\"d5fd735\" data-element_type=\"widget\" data-e-type=\"widget\" data-widget_type=\"heading.default\">\n\t\t\t\t<div class=\"elementor-widget-container\">\n\t\t\t\t\t<h2 class=\"elementor-heading-title elementor-size-default\">ISO 9001<\/h2>\t\t\t\t<\/div>\n\t\t\t\t<\/div>\n\t\t\t\t<div class=\"elementor-element elementor-element-6de7cb6 elementor-widget elementor-widget-text-editor\" data-id=\"6de7cb6\" data-element_type=\"widget\" data-e-type=\"widget\" data-widget_type=\"text-editor.default\">\n\t\t\t\t<div class=\"elementor-widget-container\">\n\t\t\t\t\t\t\t\t\tCertifi\u00e9 depuis 2014, RGC a toujours d\u00e9montr\u00e9 son engagement total \u00e0 respecter cette norme, qui certifie notre syst\u00e8me de gestion de la qualit\u00e9 et dont l&#039;objectif ultime est la satisfaction client. Gr\u00e2ce \u00e0 des actions d&#039;am\u00e9lioration continue, au respect de la r\u00e9glementation, \u00e0 une formation compl\u00e8te de nos employ\u00e9s, \u00e0 notre engagement envers l&#039;innovation et aux normes les plus strictes envers nos fournisseurs, nous continuons \u00e0 \u0153uvrer pour r\u00e9pondre \u00e0 tous les besoins et attentes du march\u00e9 et de nos clients.\t\t\t\t\t\t\t\t<\/div>\n\t\t\t\t<\/div>\n\t\t\t\t<\/div>\n\t\t\t\t<\/div>\n\t\t<div class=\"elementor-element elementor-element-9a2bc0b e-con-full e-flex e-con e-child\" data-id=\"9a2bc0b\" data-element_type=\"container\" data-e-type=\"container\" data-settings=\"{&quot;jet_parallax_layout_list&quot;:[]}\">\n\t\t\t\t<div class=\"elementor-element elementor-element-1772d90 elementor-widget elementor-widget-image\" data-id=\"1772d90\" data-element_type=\"widget\" data-e-type=\"widget\" data-widget_type=\"image.default\">\n\t\t\t\t<div class=\"elementor-widget-container\">\n\t\t\t\t\t\t\t\t\t\t\t\t\t\t\t\t<a href=\"https:\/\/www.sgs.com\/en-es\/certified-clients-and-products\/certified-client-directory\">\n\t\t\t\t\t\t\t<img decoding=\"async\" width=\"335\" height=\"330\" src=\"https:\/\/romarglobalcare.com\/wp-content\/uploads\/2025\/09\/logo-iso.webp\" class=\"attachment-large size-large wp-image-6482\" alt=\"\" srcset=\"https:\/\/romarglobalcare.com\/wp-content\/uploads\/2025\/09\/logo-iso.webp 335w, https:\/\/romarglobalcare.com\/wp-content\/uploads\/2025\/09\/logo-iso-300x296.webp 300w, https:\/\/romarglobalcare.com\/wp-content\/uploads\/2025\/09\/logo-iso-12x12.webp 12w\" sizes=\"(max-width: 335px) 100vw, 335px\" \/>\t\t\t\t\t\t\t\t<\/a>\n\t\t\t\t\t\t\t\t\t\t\t\t\t\t\t<\/div>\n\t\t\t\t<\/div>\n\t\t<div class=\"elementor-element elementor-element-61de5b9 e-con-full e-flex e-con e-child\" data-id=\"61de5b9\" data-element_type=\"container\" data-e-type=\"container\" data-settings=\"{&quot;jet_parallax_layout_list&quot;:[]}\">\n\t\t\t\t<div class=\"elementor-element elementor-element-a8787a6 elementor-widget elementor-widget-heading\" data-id=\"a8787a6\" data-element_type=\"widget\" data-e-type=\"widget\" data-widget_type=\"heading.default\">\n\t\t\t\t<div class=\"elementor-widget-container\">\n\t\t\t\t\t<h2 class=\"elementor-heading-title elementor-size-default\">ISO 22716<\/h2>\t\t\t\t<\/div>\n\t\t\t\t<\/div>\n\t\t\t\t<div class=\"elementor-element elementor-element-e87e446 elementor-widget elementor-widget-text-editor\" data-id=\"e87e446\" data-element_type=\"widget\" data-e-type=\"widget\" data-widget_type=\"text-editor.default\">\n\t\t\t\t<div class=\"elementor-widget-container\">\n\t\t\t\t\t\t\t\t\t<p>Certifi\u00e9 depuis 2017, RCG est r\u00e9gi par cette norme relative aux Bonnes Pratiques de Fabrication pour tous ses produits cosm\u00e9tiques, quel que soit leur format. Cela contribue \u00e0 maintenir et \u00e0 renforcer notre engagement en faveur de la l\u00e9galit\u00e9 et \u00e0 r\u00e9pondre aux besoins croissants du march\u00e9 et des parties prenantes. Ses exigences \u00e9lev\u00e9es en mati\u00e8re de contr\u00f4les, tant au niveau du proc\u00e9d\u00e9 que du produit, nous permettent d&#039;obtenir une garantie maximale pour nos cosm\u00e9tiques.<br \/>conformit\u00e9 avec le r\u00e8glement n\u00b0 1223\/2009, le cadre l\u00e9gislatif qui r\u00e9git la fabrication, la commercialisation et la s\u00e9curit\u00e9 des produits cosm\u00e9tiques dans l&#039;Union europ\u00e9enne (UE).<\/p>\t\t\t\t\t\t\t\t<\/div>\n\t\t\t\t<\/div>\n\t\t\t\t<\/div>\n\t\t\t\t<\/div>\n\t\t\t\t\t<\/div>\n\t\t\t\t<\/div>\n\t\t\t\t<\/div>","protected":false},"excerpt":{"rendered":"<p>Calidad RGC IFS-HPC Esta norma, fundamentada en los est\u00e1ndares de seguridad y calidad alimentaria, y deaplicaci\u00f3n para todos nuestros productos [&hellip;]<\/p>","protected":false},"author":9,"featured_media":0,"parent":0,"menu_order":0,"comment_status":"closed","ping_status":"closed","template":"","meta":{"_acf_changed":false,"_eb_attr":"","site-sidebar-layout":"no-sidebar","site-content-layout":"","ast-site-content-layout":"full-width-container","site-content-style":"default","site-sidebar-style":"default","ast-global-header-display":"","ast-banner-title-visibility":"","ast-main-header-display":"","ast-hfb-above-header-display":"","ast-hfb-below-header-display":"","ast-hfb-mobile-header-display":"","site-post-title":"disabled","ast-breadcrumbs-content":"","ast-featured-img":"disabled","footer-sml-layout":"","ast-disable-related-posts":"","theme-transparent-header-meta":"","adv-header-id-meta":"","stick-header-meta":"","header-above-stick-meta":"","header-main-stick-meta":"","header-below-stick-meta":"","astra-migrate-meta-layouts":"default","ast-page-background-enabled":"default","ast-page-background-meta":{"desktop":{"background-color":"var(--ast-global-color-4)","background-image":"","background-repeat":"repeat","background-position":"center center","background-size":"auto","background-attachment":"scroll","background-type":"","background-media":"","overlay-type":"","overlay-color":"","overlay-opacity":"","overlay-gradient":""},"tablet":{"background-color":"","background-image":"","background-repeat":"repeat","background-position":"center center","background-size":"auto","background-attachment":"scroll","background-type":"","background-media":"","overlay-type":"","overlay-color":"","overlay-opacity":"","overlay-gradient":""},"mobile":{"background-color":"","background-image":"","background-repeat":"repeat","background-position":"center center","background-size":"auto","background-attachment":"scroll","background-type":"","background-media":"","overlay-type":"","overlay-color":"","overlay-opacity":"","overlay-gradient":""}},"ast-content-background-meta":{"desktop":{"background-color":"var(--ast-global-color-5)","background-image":"","background-repeat":"repeat","background-position":"center center","background-size":"auto","background-attachment":"scroll","background-type":"","background-media":"","overlay-type":"","overlay-color":"","overlay-opacity":"","overlay-gradient":""},"tablet":{"background-color":"var(--ast-global-color-5)","background-image":"","background-repeat":"repeat","background-position":"center center","background-size":"auto","background-attachment":"scroll","background-type":"","background-media":"","overlay-type":"","overlay-color":"","overlay-opacity":"","overlay-gradient":""},"mobile":{"background-color":"var(--ast-global-color-5)","background-image":"","background-repeat":"repeat","background-position":"center center","background-size":"auto","background-attachment":"scroll","background-type":"","background-media":"","overlay-type":"","overlay-color":"","overlay-opacity":"","overlay-gradient":""}},"footnotes":""},"class_list":["post-6432","page","type-page","status-publish","hentry"],"acf":[],"yoast_head":"<!-- This site is optimized with the Yoast SEO plugin v27.2 - https:\/\/yoast.com\/product\/yoast-seo-wordpress\/ -->\n<title>Calidad - Romar Global Care<\/title>\n<meta name=\"robots\" content=\"index, follow, max-snippet:-1, max-image-preview:large, max-video-preview:-1\" \/>\n<link rel=\"canonical\" href=\"https:\/\/romarglobalcare.com\/fr\/calidad\/\" \/>\n<meta property=\"og:locale\" content=\"fr_FR\" \/>\n<meta property=\"og:type\" content=\"article\" \/>\n<meta property=\"og:title\" content=\"Calidad - Romar Global Care\" \/>\n<meta property=\"og:description\" content=\"Calidad RGC IFS-HPC Esta norma, fundamentada en los est\u00e1ndares de seguridad y calidad alimentaria, y deaplicaci\u00f3n para todos nuestros productos [&hellip;]\" \/>\n<meta property=\"og:url\" content=\"https:\/\/romarglobalcare.com\/fr\/calidad\/\" \/>\n<meta property=\"og:site_name\" content=\"Romar Global Care\" \/>\n<meta property=\"article:modified_time\" content=\"2026-01-30T11:10:46+00:00\" \/>\n<meta property=\"og:image\" content=\"https:\/\/romarglobalcare.com\/wp-content\/uploads\/2025\/10\/IFS_Logo.webp\" \/>\n\t<meta property=\"og:image:width\" content=\"795\" \/>\n\t<meta property=\"og:image:height\" content=\"778\" \/>\n\t<meta property=\"og:image:type\" content=\"image\/webp\" \/>\n<meta name=\"twitter:card\" content=\"summary_large_image\" \/>\n<meta name=\"twitter:label1\" content=\"Dur\u00e9e de lecture estim\u00e9e\" \/>\n\t<meta name=\"twitter:data1\" content=\"2 minutes\" \/>\n<script type=\"application\/ld+json\" class=\"yoast-schema-graph\">{\"@context\":\"https:\/\/schema.org\",\"@graph\":[{\"@type\":\"WebPage\",\"@id\":\"https:\/\/romarglobalcare.com\/calidad\/\",\"url\":\"https:\/\/romarglobalcare.com\/calidad\/\",\"name\":\"Calidad - Romar Global Care\",\"isPartOf\":{\"@id\":\"https:\/\/romarglobalcare.com\/#website\"},\"primaryImageOfPage\":{\"@id\":\"https:\/\/romarglobalcare.com\/calidad\/#primaryimage\"},\"image\":{\"@id\":\"https:\/\/romarglobalcare.com\/calidad\/#primaryimage\"},\"thumbnailUrl\":\"https:\/\/romarglobalcare.com\/wp-content\/uploads\/2025\/10\/IFS_Logo.webp\",\"datePublished\":\"2025-09-25T09:53:57+00:00\",\"dateModified\":\"2026-01-30T11:10:46+00:00\",\"breadcrumb\":{\"@id\":\"https:\/\/romarglobalcare.com\/calidad\/#breadcrumb\"},\"inLanguage\":\"fr-FR\",\"potentialAction\":[{\"@type\":\"ReadAction\",\"target\":[\"https:\/\/romarglobalcare.com\/calidad\/\"]}]},{\"@type\":\"ImageObject\",\"inLanguage\":\"fr-FR\",\"@id\":\"https:\/\/romarglobalcare.com\/calidad\/#primaryimage\",\"url\":\"https:\/\/romarglobalcare.com\/wp-content\/uploads\/2025\/10\/IFS_Logo.webp\",\"contentUrl\":\"https:\/\/romarglobalcare.com\/wp-content\/uploads\/2025\/10\/IFS_Logo.webp\"},{\"@type\":\"BreadcrumbList\",\"@id\":\"https:\/\/romarglobalcare.com\/calidad\/#breadcrumb\",\"itemListElement\":[{\"@type\":\"ListItem\",\"position\":1,\"name\":\"Portada\",\"item\":\"https:\/\/romarglobalcare.com\/\"},{\"@type\":\"ListItem\",\"position\":2,\"name\":\"Calidad\"}]},{\"@type\":\"WebSite\",\"@id\":\"https:\/\/romarglobalcare.com\/#website\",\"url\":\"https:\/\/romarglobalcare.com\/\",\"name\":\"Romar Global Care\",\"description\":\"\",\"publisher\":{\"@id\":\"https:\/\/romarglobalcare.com\/#organization\"},\"potentialAction\":[{\"@type\":\"SearchAction\",\"target\":{\"@type\":\"EntryPoint\",\"urlTemplate\":\"https:\/\/romarglobalcare.com\/?s={search_term_string}\"},\"query-input\":{\"@type\":\"PropertyValueSpecification\",\"valueRequired\":true,\"valueName\":\"search_term_string\"}}],\"inLanguage\":\"fr-FR\"},{\"@type\":\"Organization\",\"@id\":\"https:\/\/romarglobalcare.com\/#organization\",\"name\":\"Romar Global Care\",\"url\":\"https:\/\/romarglobalcare.com\/\",\"logo\":{\"@type\":\"ImageObject\",\"inLanguage\":\"fr-FR\",\"@id\":\"https:\/\/romarglobalcare.com\/#\/schema\/logo\/image\/\",\"url\":\"https:\/\/romarglobalcare.com\/wp-content\/uploads\/2024\/06\/cropped-logo-footer-1.png\",\"contentUrl\":\"https:\/\/romarglobalcare.com\/wp-content\/uploads\/2024\/06\/cropped-logo-footer-1.png\",\"width\":512,\"height\":512,\"caption\":\"Romar Global Care\"},\"image\":{\"@id\":\"https:\/\/romarglobalcare.com\/#\/schema\/logo\/image\/\"}}]}<\/script>\n<!-- \/ Yoast SEO plugin. -->","yoast_head_json":{"title":"Calidad - Romar Global Care","robots":{"index":"index","follow":"follow","max-snippet":"max-snippet:-1","max-image-preview":"max-image-preview:large","max-video-preview":"max-video-preview:-1"},"canonical":"https:\/\/romarglobalcare.com\/fr\/calidad\/","og_locale":"fr_FR","og_type":"article","og_title":"Calidad - Romar Global Care","og_description":"Calidad RGC IFS-HPC Esta norma, fundamentada en los est\u00e1ndares de seguridad y calidad alimentaria, y deaplicaci\u00f3n para todos nuestros productos [&hellip;]","og_url":"https:\/\/romarglobalcare.com\/fr\/calidad\/","og_site_name":"Romar Global Care","article_modified_time":"2026-01-30T11:10:46+00:00","og_image":[{"width":795,"height":778,"url":"https:\/\/romarglobalcare.com\/wp-content\/uploads\/2025\/10\/IFS_Logo.webp","type":"image\/webp"}],"twitter_card":"summary_large_image","twitter_misc":{"Dur\u00e9e de lecture estim\u00e9e":"2 minutes"},"schema":{"@context":"https:\/\/schema.org","@graph":[{"@type":"WebPage","@id":"https:\/\/romarglobalcare.com\/calidad\/","url":"https:\/\/romarglobalcare.com\/calidad\/","name":"Calidad - Romar Global Care","isPartOf":{"@id":"https:\/\/romarglobalcare.com\/#website"},"primaryImageOfPage":{"@id":"https:\/\/romarglobalcare.com\/calidad\/#primaryimage"},"image":{"@id":"https:\/\/romarglobalcare.com\/calidad\/#primaryimage"},"thumbnailUrl":"https:\/\/romarglobalcare.com\/wp-content\/uploads\/2025\/10\/IFS_Logo.webp","datePublished":"2025-09-25T09:53:57+00:00","dateModified":"2026-01-30T11:10:46+00:00","breadcrumb":{"@id":"https:\/\/romarglobalcare.com\/calidad\/#breadcrumb"},"inLanguage":"fr-FR","potentialAction":[{"@type":"ReadAction","target":["https:\/\/romarglobalcare.com\/calidad\/"]}]},{"@type":"ImageObject","inLanguage":"fr-FR","@id":"https:\/\/romarglobalcare.com\/calidad\/#primaryimage","url":"https:\/\/romarglobalcare.com\/wp-content\/uploads\/2025\/10\/IFS_Logo.webp","contentUrl":"https:\/\/romarglobalcare.com\/wp-content\/uploads\/2025\/10\/IFS_Logo.webp"},{"@type":"BreadcrumbList","@id":"https:\/\/romarglobalcare.com\/calidad\/#breadcrumb","itemListElement":[{"@type":"ListItem","position":1,"name":"Portada","item":"https:\/\/romarglobalcare.com\/"},{"@type":"ListItem","position":2,"name":"Calidad"}]},{"@type":"WebSite","@id":"https:\/\/romarglobalcare.com\/#website","url":"https:\/\/romarglobalcare.com\/","name":"Romar Global Care","description":"","publisher":{"@id":"https:\/\/romarglobalcare.com\/#organization"},"potentialAction":[{"@type":"SearchAction","target":{"@type":"EntryPoint","urlTemplate":"https:\/\/romarglobalcare.com\/?s={search_term_string}"},"query-input":{"@type":"PropertyValueSpecification","valueRequired":true,"valueName":"search_term_string"}}],"inLanguage":"fr-FR"},{"@type":"Organization","@id":"https:\/\/romarglobalcare.com\/#organization","name":"Romar Global Care","url":"https:\/\/romarglobalcare.com\/","logo":{"@type":"ImageObject","inLanguage":"fr-FR","@id":"https:\/\/romarglobalcare.com\/#\/schema\/logo\/image\/","url":"https:\/\/romarglobalcare.com\/wp-content\/uploads\/2024\/06\/cropped-logo-footer-1.png","contentUrl":"https:\/\/romarglobalcare.com\/wp-content\/uploads\/2024\/06\/cropped-logo-footer-1.png","width":512,"height":512,"caption":"Romar Global Care"},"image":{"@id":"https:\/\/romarglobalcare.com\/#\/schema\/logo\/image\/"}}]}},"_links":{"self":[{"href":"https:\/\/romarglobalcare.com\/fr\/wp-json\/wp\/v2\/pages\/6432","targetHints":{"allow":["GET"]}}],"collection":[{"href":"https:\/\/romarglobalcare.com\/fr\/wp-json\/wp\/v2\/pages"}],"about":[{"href":"https:\/\/romarglobalcare.com\/fr\/wp-json\/wp\/v2\/types\/page"}],"author":[{"embeddable":true,"href":"https:\/\/romarglobalcare.com\/fr\/wp-json\/wp\/v2\/users\/9"}],"replies":[{"embeddable":true,"href":"https:\/\/romarglobalcare.com\/fr\/wp-json\/wp\/v2\/comments?post=6432"}],"version-history":[{"count":38,"href":"https:\/\/romarglobalcare.com\/fr\/wp-json\/wp\/v2\/pages\/6432\/revisions"}],"predecessor-version":[{"id":6540,"href":"https:\/\/romarglobalcare.com\/fr\/wp-json\/wp\/v2\/pages\/6432\/revisions\/6540"}],"wp:attachment":[{"href":"https:\/\/romarglobalcare.com\/fr\/wp-json\/wp\/v2\/media?parent=6432"}],"curies":[{"name":"wp","href":"https:\/\/api.w.org\/{rel}","templated":true}]}}