{"id":620,"date":"2024-04-03T17:42:15","date_gmt":"2024-04-03T15:42:15","guid":{"rendered":"https:\/\/pruebasfit.xyz\/?page_id=620"},"modified":"2024-08-19T16:15:52","modified_gmt":"2024-08-19T14:15:52","slug":"la-fiesta","status":"publish","type":"page","link":"https:\/\/romarglobalcare.com\/fr\/la-fiesta\/","title":{"rendered":"La fiesta"},"content":{"rendered":"<div data-elementor-type=\"wp-page\" data-elementor-id=\"620\" class=\"elementor elementor-620\" data-elementor-post-type=\"page\">\n\t\t\t\t<div class=\"elementor-element elementor-element-cfe6084 e-flex e-con-boxed e-con e-parent\" data-id=\"cfe6084\" data-element_type=\"container\" data-e-type=\"container\" data-settings=\"{&quot;background_background&quot;:&quot;classic&quot;,&quot;jet_parallax_layout_list&quot;:[]}\">\n\t\t\t\t\t<div class=\"e-con-inner\">\n\t\t<div class=\"elementor-element elementor-element-06b979d e-con-full e-flex e-con e-child\" data-id=\"06b979d\" data-element_type=\"container\" data-e-type=\"container\" data-settings=\"{&quot;jet_parallax_layout_list&quot;:[]}\">\n\t\t\t\t<div class=\"elementor-element elementor-element-50f3be0 elementor-widget__width-initial elementor-widget-mobile__width-inherit elementor-widget elementor-widget-heading\" data-id=\"50f3be0\" data-element_type=\"widget\" data-e-type=\"widget\" data-widget_type=\"heading.default\">\n\t\t\t\t<div class=\"elementor-widget-container\">\n\t\t\t\t\t<h1 class=\"elementor-heading-title elementor-size-default\">La Fiesta<\/h1>\t\t\t\t<\/div>\n\t\t\t\t<\/div>\n\t\t\t\t<div class=\"elementor-element elementor-element-4f914af elementor-widget elementor-widget-heading\" data-id=\"4f914af\" data-element_type=\"widget\" data-e-type=\"widget\" data-widget_type=\"heading.default\">\n\t\t\t\t<div class=\"elementor-widget-container\">\n\t\t\t\t\t<h2 class=\"elementor-heading-title elementor-size-default\">Objets pour la f\u00eate<\/h2>\t\t\t\t<\/div>\n\t\t\t\t<\/div>\n\t\t\t\t<\/div>\n\t\t<div class=\"elementor-element elementor-element-7a79236 e-con-full elementor-hidden-mobile e-flex e-con e-child\" data-id=\"7a79236\" data-element_type=\"container\" data-e-type=\"container\" data-settings=\"{&quot;jet_parallax_layout_list&quot;:[]}\">\n\t\t\t\t<\/div>\n\t\t\t\t\t<\/div>\n\t\t\t\t<\/div>\n\t\t<div class=\"elementor-element elementor-element-d3ba2e4 e-flex e-con-boxed e-con e-parent\" data-id=\"d3ba2e4\" data-element_type=\"container\" data-e-type=\"container\" data-settings=\"{&quot;jet_parallax_layout_list&quot;:[]}\">\n\t\t\t\t\t<div class=\"e-con-inner\">\n\t\t<div class=\"elementor-element elementor-element-67abaa9 e-con-full e-flex e-con e-child\" data-id=\"67abaa9\" data-element_type=\"container\" data-e-type=\"container\" data-settings=\"{&quot;jet_parallax_layout_list&quot;:[]}\">\n\t\t<div class=\"elementor-element elementor-element-b8170a1 e-con-full e-flex e-con e-child\" data-id=\"b8170a1\" data-element_type=\"container\" data-e-type=\"container\" data-settings=\"{&quot;jet_parallax_layout_list&quot;:[]}\">\n\t\t<div class=\"elementor-element elementor-element-9327049 e-con-full e-flex e-con e-child\" data-id=\"9327049\" data-element_type=\"container\" data-e-type=\"container\" data-settings=\"{&quot;background_background&quot;:&quot;classic&quot;,&quot;jet_parallax_layout_list&quot;:[]}\">\n\t\t\t\t<\/div>\n\t\t<div class=\"elementor-element elementor-element-5727eaf e-con-full e-flex e-con e-child\" data-id=\"5727eaf\" data-element_type=\"container\" data-e-type=\"container\" data-settings=\"{&quot;jet_parallax_layout_list&quot;:[]}\">\n\t\t<div class=\"elementor-element elementor-element-d12b962 e-flex e-con-boxed e-con e-child\" data-id=\"d12b962\" data-element_type=\"container\" data-e-type=\"container\" data-settings=\"{&quot;background_background&quot;:&quot;classic&quot;,&quot;jet_parallax_layout_list&quot;:[]}\">\n\t\t\t\t\t<div class=\"e-con-inner\">\n\t\t\t\t\t<\/div>\n\t\t\t\t<\/div>\n\t\t<div class=\"elementor-element elementor-element-dcc75eb e-flex e-con-boxed e-con e-child\" data-id=\"dcc75eb\" data-element_type=\"container\" data-e-type=\"container\" data-settings=\"{&quot;background_background&quot;:&quot;classic&quot;,&quot;jet_parallax_layout_list&quot;:[]}\">\n\t\t\t\t\t<div class=\"e-con-inner\">\n\t\t\t\t\t<\/div>\n\t\t\t\t<\/div>\n\t\t\t\t<\/div>\n\t\t\t\t<\/div>\n\t\t<div class=\"elementor-element elementor-element-9e82892 e-con-full e-flex e-con e-child\" data-id=\"9e82892\" data-element_type=\"container\" data-e-type=\"container\" data-settings=\"{&quot;jet_parallax_layout_list&quot;:[]}\">\n\t\t\t\t<div class=\"elementor-element elementor-element-4fec241 elementor-widget elementor-widget-image\" data-id=\"4fec241\" data-element_type=\"widget\" data-e-type=\"widget\" data-widget_type=\"image.default\">\n\t\t\t\t<div class=\"elementor-widget-container\">\n\t\t\t\t\t\t\t\t\t\t\t\t\t\t\t<img decoding=\"async\" width=\"143\" height=\"66\" src=\"https:\/\/romarglobalcare.com\/wp-content\/uploads\/2024\/08\/Logo-la-Fiesta.webp\" class=\"attachment-large size-large wp-image-3965\" alt=\"Logo la Fiesta\" srcset=\"https:\/\/romarglobalcare.com\/wp-content\/uploads\/2024\/08\/Logo-la-Fiesta.webp 143w, https:\/\/romarglobalcare.com\/wp-content\/uploads\/2024\/08\/Logo-la-Fiesta-18x8.webp 18w\" sizes=\"(max-width: 143px) 100vw, 143px\" \/>\t\t\t\t\t\t\t\t\t\t\t\t\t\t\t<\/div>\n\t\t\t\t<\/div>\n\t\t\t\t<div class=\"elementor-element elementor-element-840932a elementor-widget__width-inherit elementor-widget-mobile__width-inherit elementor-widget elementor-widget-text-editor\" data-id=\"840932a\" data-element_type=\"widget\" data-e-type=\"widget\" data-widget_type=\"text-editor.default\">\n\t\t\t\t<div class=\"elementor-widget-container\">\n\t\t\t\t\t\t\t\t\tLa Fiesta se caract\u00e9rise par \u00eatre l&#039;une des marques pionni\u00e8res dans la fabrication de produits, principalement en a\u00e9rosol, destin\u00e9s \u00e0 des c\u00e9l\u00e9brations et festivit\u00e9s tr\u00e8s vari\u00e9es. Nous sommes sp\u00e9cialis\u00e9s dans l\u2019offre d\u2019une large gamme d\u2019articles qui rendent chaque occasion de c\u00e9l\u00e9bration inoubliable. Des produits tels que des sprays de coloration pour cheveux, des sprays de neige ou des flocons, des banderoles ou des barres de couleur caract\u00e9risent La Fiesta. D\u00e9couvrez le plaisir de chaque produit et laissez vos \u00e9v\u00e9nements briller avec style et joie. La Fiesta est le choix parfait pour faire de chaque c\u00e9l\u00e9bration un moment m\u00e9morable et plein de bonheur.\t\t\t\t\t\t\t\t<\/div>\n\t\t\t\t<\/div>\n\t\t\t\t<div class=\"elementor-element elementor-element-cbe1280 elementor-align-left elementor-widget elementor-widget-button\" data-id=\"cbe1280\" data-element_type=\"widget\" data-e-type=\"widget\" data-widget_type=\"button.default\">\n\t\t\t\t<div class=\"elementor-widget-container\">\n\t\t\t\t\t\t\t\t\t<div class=\"elementor-button-wrapper\">\n\t\t\t\t\t<a class=\"elementor-button elementor-button-link elementor-size-sm\" href=\"https:\/\/quimiromar.com\/fiesta\/\">\n\t\t\t\t\t\t<span class=\"elementor-button-content-wrapper\">\n\t\t\t\t\t\t<span class=\"elementor-button-icon\">\n\t\t\t\t<svg aria-hidden=\"true\" class=\"e-font-icon-svg e-fas-arrow-right\" viewbox=\"0 0 448 512\" xmlns=\"http:\/\/www.w3.org\/2000\/svg\"><path d=\"M190.5 66.9l22.2-22.2c9.4-9.4 24.6-9.4 33.9 0L441 239c9.4 9.4 9.4 24.6 0 33.9L246.6 467.3c-9.4 9.4-24.6 9.4-33.9 0l-22.2-22.2c-9.5-9.5-9.3-25 .4-34.3L311.4 296H24c-13.3 0-24-10.7-24-24v-32c0-13.3 10.7-24 24-24h287.4L190.9 101.2c-9.8-9.3-10-24.8-.4-34.3z\"><\/path><\/svg>\t\t\t<\/span>\n\t\t\t\t\t\t\t\t\t<span class=\"elementor-button-text\">Voir les produits<\/span>\n\t\t\t\t\t<\/span>\n\t\t\t\t\t<\/a>\n\t\t\t\t<\/div>\n\t\t\t\t\t\t\t\t<\/div>\n\t\t\t\t<\/div>\n\t\t\t\t<\/div>\n\t\t\t\t<\/div>\n\t\t\t\t\t<\/div>\n\t\t\t\t<\/div>\n\t\t\t\t<\/div>","protected":false},"excerpt":{"rendered":"<p>Articles de c\u00e9l\u00e9bration La Fiesta La Fiesta est connue pour \u00eatre l&#039;une des marques pionni\u00e8res dans la fabrication de [\u2026]<\/p>","protected":false},"author":1,"featured_media":919,"parent":0,"menu_order":0,"comment_status":"closed","ping_status":"closed","template":"","meta":{"_acf_changed":false,"_eb_attr":"","site-sidebar-layout":"no-sidebar","site-content-layout":"","ast-site-content-layout":"full-width-container","site-content-style":"default","site-sidebar-style":"default","ast-global-header-display":"","ast-banner-title-visibility":"","ast-main-header-display":"","ast-hfb-above-header-display":"","ast-hfb-below-header-display":"","ast-hfb-mobile-header-display":"","site-post-title":"disabled","ast-breadcrumbs-content":"","ast-featured-img":"disabled","footer-sml-layout":"","ast-disable-related-posts":"","theme-transparent-header-meta":"","adv-header-id-meta":"","stick-header-meta":"","header-above-stick-meta":"","header-main-stick-meta":"","header-below-stick-meta":"","astra-migrate-meta-layouts":"default","ast-page-background-enabled":"default","ast-page-background-meta":{"desktop":{"background-color":"var(--ast-global-color-4)","background-image":"","background-repeat":"repeat","background-position":"center center","background-size":"auto","background-attachment":"scroll","background-type":"","background-media":"","overlay-type":"","overlay-color":"","overlay-opacity":"","overlay-gradient":""},"tablet":{"background-color":"","background-image":"","background-repeat":"repeat","background-position":"center center","background-size":"auto","background-attachment":"scroll","background-type":"","background-media":"","overlay-type":"","overlay-color":"","overlay-opacity":"","overlay-gradient":""},"mobile":{"background-color":"","background-image":"","background-repeat":"repeat","background-position":"center center","background-size":"auto","background-attachment":"scroll","background-type":"","background-media":"","overlay-type":"","overlay-color":"","overlay-opacity":"","overlay-gradient":""}},"ast-content-background-meta":{"desktop":{"background-color":"var(--ast-global-color-5)","background-image":"","background-repeat":"repeat","background-position":"center center","background-size":"auto","background-attachment":"scroll","background-type":"","background-media":"","overlay-type":"","overlay-color":"","overlay-opacity":"","overlay-gradient":""},"tablet":{"background-color":"var(--ast-global-color-5)","background-image":"","background-repeat":"repeat","background-position":"center center","background-size":"auto","background-attachment":"scroll","background-type":"","background-media":"","overlay-type":"","overlay-color":"","overlay-opacity":"","overlay-gradient":""},"mobile":{"background-color":"var(--ast-global-color-5)","background-image":"","background-repeat":"repeat","background-position":"center center","background-size":"auto","background-attachment":"scroll","background-type":"","background-media":"","overlay-type":"","overlay-color":"","overlay-opacity":"","overlay-gradient":""}},"footnotes":""},"class_list":["post-620","page","type-page","status-publish","has-post-thumbnail","hentry"],"acf":[],"yoast_head":"<!-- This site is optimized with the Yoast SEO plugin v27.2 - https:\/\/yoast.com\/product\/yoast-seo-wordpress\/ -->\n<title>Art\u00edculos para celebraci\u00f3n | La fiesta | Romar Global Care<\/title>\n<meta name=\"description\" content=\"La Fiesta: marca de art\u00edculos de fiesta. Ofrecemos lacas de color, nieve en aerosol, serpentinas y m\u00e1s para hacer cada evento inolvidable.\" \/>\n<meta name=\"robots\" content=\"index, follow, max-snippet:-1, max-image-preview:large, max-video-preview:-1\" \/>\n<link rel=\"canonical\" href=\"https:\/\/romarglobalcare.com\/fr\/la-fiesta\/\" \/>\n<meta property=\"og:locale\" content=\"fr_FR\" \/>\n<meta property=\"og:type\" content=\"article\" \/>\n<meta property=\"og:title\" content=\"Art\u00edculos para celebraci\u00f3n | La fiesta | Romar Global Care\" \/>\n<meta property=\"og:description\" content=\"La Fiesta: marca de art\u00edculos de fiesta. Ofrecemos lacas de color, nieve en aerosol, serpentinas y m\u00e1s para hacer cada evento inolvidable.\" \/>\n<meta property=\"og:url\" content=\"https:\/\/romarglobalcare.com\/fr\/la-fiesta\/\" \/>\n<meta property=\"og:site_name\" content=\"Romar Global Care\" \/>\n<meta property=\"article:modified_time\" content=\"2024-08-19T14:15:52+00:00\" \/>\n<meta property=\"og:image\" content=\"https:\/\/romarglobalcare.com\/wp-content\/uploads\/2024\/04\/la-fiesta.jpg\" \/>\n\t<meta property=\"og:image:width\" content=\"430\" \/>\n\t<meta property=\"og:image:height\" content=\"437\" \/>\n\t<meta property=\"og:image:type\" content=\"image\/jpeg\" \/>\n<meta name=\"twitter:card\" content=\"summary_large_image\" \/>\n<meta name=\"twitter:label1\" content=\"Dur\u00e9e de lecture estim\u00e9e\" \/>\n\t<meta name=\"twitter:data1\" content=\"1 minute\" \/>\n<script type=\"application\/ld+json\" class=\"yoast-schema-graph\">{\"@context\":\"https:\/\/schema.org\",\"@graph\":[{\"@type\":\"WebPage\",\"@id\":\"https:\/\/romarglobalcare.com\/la-fiesta\/\",\"url\":\"https:\/\/romarglobalcare.com\/la-fiesta\/\",\"name\":\"Art\u00edculos para celebraci\u00f3n | La fiesta | Romar Global Care\",\"isPartOf\":{\"@id\":\"https:\/\/romarglobalcare.com\/#website\"},\"primaryImageOfPage\":{\"@id\":\"https:\/\/romarglobalcare.com\/la-fiesta\/#primaryimage\"},\"image\":{\"@id\":\"https:\/\/romarglobalcare.com\/la-fiesta\/#primaryimage\"},\"thumbnailUrl\":\"https:\/\/romarglobalcare.com\/wp-content\/uploads\/2024\/04\/la-fiesta.jpg\",\"datePublished\":\"2024-04-03T15:42:15+00:00\",\"dateModified\":\"2024-08-19T14:15:52+00:00\",\"description\":\"La Fiesta: marca de art\u00edculos de fiesta. Ofrecemos lacas de color, nieve en aerosol, serpentinas y m\u00e1s para hacer cada evento inolvidable.\",\"breadcrumb\":{\"@id\":\"https:\/\/romarglobalcare.com\/la-fiesta\/#breadcrumb\"},\"inLanguage\":\"fr-FR\",\"potentialAction\":[{\"@type\":\"ReadAction\",\"target\":[\"https:\/\/romarglobalcare.com\/la-fiesta\/\"]}]},{\"@type\":\"ImageObject\",\"inLanguage\":\"fr-FR\",\"@id\":\"https:\/\/romarglobalcare.com\/la-fiesta\/#primaryimage\",\"url\":\"https:\/\/romarglobalcare.com\/wp-content\/uploads\/2024\/04\/la-fiesta.jpg\",\"contentUrl\":\"https:\/\/romarglobalcare.com\/wp-content\/uploads\/2024\/04\/la-fiesta.jpg\",\"width\":430,\"height\":437,\"caption\":\"la fiesta\"},{\"@type\":\"BreadcrumbList\",\"@id\":\"https:\/\/romarglobalcare.com\/la-fiesta\/#breadcrumb\",\"itemListElement\":[{\"@type\":\"ListItem\",\"position\":1,\"name\":\"Portada\",\"item\":\"https:\/\/romarglobalcare.com\/\"},{\"@type\":\"ListItem\",\"position\":2,\"name\":\"La fiesta\"}]},{\"@type\":\"WebSite\",\"@id\":\"https:\/\/romarglobalcare.com\/#website\",\"url\":\"https:\/\/romarglobalcare.com\/\",\"name\":\"Romar Global Care\",\"description\":\"\",\"publisher\":{\"@id\":\"https:\/\/romarglobalcare.com\/#organization\"},\"potentialAction\":[{\"@type\":\"SearchAction\",\"target\":{\"@type\":\"EntryPoint\",\"urlTemplate\":\"https:\/\/romarglobalcare.com\/?s={search_term_string}\"},\"query-input\":{\"@type\":\"PropertyValueSpecification\",\"valueRequired\":true,\"valueName\":\"search_term_string\"}}],\"inLanguage\":\"fr-FR\"},{\"@type\":\"Organization\",\"@id\":\"https:\/\/romarglobalcare.com\/#organization\",\"name\":\"Romar Global Care\",\"url\":\"https:\/\/romarglobalcare.com\/\",\"logo\":{\"@type\":\"ImageObject\",\"inLanguage\":\"fr-FR\",\"@id\":\"https:\/\/romarglobalcare.com\/#\/schema\/logo\/image\/\",\"url\":\"https:\/\/romarglobalcare.com\/wp-content\/uploads\/2024\/06\/cropped-logo-footer-1.png\",\"contentUrl\":\"https:\/\/romarglobalcare.com\/wp-content\/uploads\/2024\/06\/cropped-logo-footer-1.png\",\"width\":512,\"height\":512,\"caption\":\"Romar Global Care\"},\"image\":{\"@id\":\"https:\/\/romarglobalcare.com\/#\/schema\/logo\/image\/\"}}]}<\/script>\n<!-- \/ Yoast SEO plugin. -->","yoast_head_json":{"title":"Art\u00edculos para celebraci\u00f3n | La fiesta | Romar Global Care","description":"La Fiesta: marca de art\u00edculos de fiesta. Ofrecemos lacas de color, nieve en aerosol, serpentinas y m\u00e1s para hacer cada evento inolvidable.","robots":{"index":"index","follow":"follow","max-snippet":"max-snippet:-1","max-image-preview":"max-image-preview:large","max-video-preview":"max-video-preview:-1"},"canonical":"https:\/\/romarglobalcare.com\/fr\/la-fiesta\/","og_locale":"fr_FR","og_type":"article","og_title":"Art\u00edculos para celebraci\u00f3n | La fiesta | Romar Global Care","og_description":"La Fiesta: marca de art\u00edculos de fiesta. Ofrecemos lacas de color, nieve en aerosol, serpentinas y m\u00e1s para hacer cada evento inolvidable.","og_url":"https:\/\/romarglobalcare.com\/fr\/la-fiesta\/","og_site_name":"Romar Global Care","article_modified_time":"2024-08-19T14:15:52+00:00","og_image":[{"width":430,"height":437,"url":"https:\/\/romarglobalcare.com\/wp-content\/uploads\/2024\/04\/la-fiesta.jpg","type":"image\/jpeg"}],"twitter_card":"summary_large_image","twitter_misc":{"Dur\u00e9e de lecture estim\u00e9e":"1 minute"},"schema":{"@context":"https:\/\/schema.org","@graph":[{"@type":"WebPage","@id":"https:\/\/romarglobalcare.com\/la-fiesta\/","url":"https:\/\/romarglobalcare.com\/la-fiesta\/","name":"Art\u00edculos para celebraci\u00f3n | La fiesta | Romar Global Care","isPartOf":{"@id":"https:\/\/romarglobalcare.com\/#website"},"primaryImageOfPage":{"@id":"https:\/\/romarglobalcare.com\/la-fiesta\/#primaryimage"},"image":{"@id":"https:\/\/romarglobalcare.com\/la-fiesta\/#primaryimage"},"thumbnailUrl":"https:\/\/romarglobalcare.com\/wp-content\/uploads\/2024\/04\/la-fiesta.jpg","datePublished":"2024-04-03T15:42:15+00:00","dateModified":"2024-08-19T14:15:52+00:00","description":"La Fiesta: marca de art\u00edculos de fiesta. Ofrecemos lacas de color, nieve en aerosol, serpentinas y m\u00e1s para hacer cada evento inolvidable.","breadcrumb":{"@id":"https:\/\/romarglobalcare.com\/la-fiesta\/#breadcrumb"},"inLanguage":"fr-FR","potentialAction":[{"@type":"ReadAction","target":["https:\/\/romarglobalcare.com\/la-fiesta\/"]}]},{"@type":"ImageObject","inLanguage":"fr-FR","@id":"https:\/\/romarglobalcare.com\/la-fiesta\/#primaryimage","url":"https:\/\/romarglobalcare.com\/wp-content\/uploads\/2024\/04\/la-fiesta.jpg","contentUrl":"https:\/\/romarglobalcare.com\/wp-content\/uploads\/2024\/04\/la-fiesta.jpg","width":430,"height":437,"caption":"la fiesta"},{"@type":"BreadcrumbList","@id":"https:\/\/romarglobalcare.com\/la-fiesta\/#breadcrumb","itemListElement":[{"@type":"ListItem","position":1,"name":"Portada","item":"https:\/\/romarglobalcare.com\/"},{"@type":"ListItem","position":2,"name":"La fiesta"}]},{"@type":"WebSite","@id":"https:\/\/romarglobalcare.com\/#website","url":"https:\/\/romarglobalcare.com\/","name":"Romar Global Care","description":"","publisher":{"@id":"https:\/\/romarglobalcare.com\/#organization"},"potentialAction":[{"@type":"SearchAction","target":{"@type":"EntryPoint","urlTemplate":"https:\/\/romarglobalcare.com\/?s={search_term_string}"},"query-input":{"@type":"PropertyValueSpecification","valueRequired":true,"valueName":"search_term_string"}}],"inLanguage":"fr-FR"},{"@type":"Organization","@id":"https:\/\/romarglobalcare.com\/#organization","name":"Romar Global Care","url":"https:\/\/romarglobalcare.com\/","logo":{"@type":"ImageObject","inLanguage":"fr-FR","@id":"https:\/\/romarglobalcare.com\/#\/schema\/logo\/image\/","url":"https:\/\/romarglobalcare.com\/wp-content\/uploads\/2024\/06\/cropped-logo-footer-1.png","contentUrl":"https:\/\/romarglobalcare.com\/wp-content\/uploads\/2024\/06\/cropped-logo-footer-1.png","width":512,"height":512,"caption":"Romar Global Care"},"image":{"@id":"https:\/\/romarglobalcare.com\/#\/schema\/logo\/image\/"}}]}},"_links":{"self":[{"href":"https:\/\/romarglobalcare.com\/fr\/wp-json\/wp\/v2\/pages\/620","targetHints":{"allow":["GET"]}}],"collection":[{"href":"https:\/\/romarglobalcare.com\/fr\/wp-json\/wp\/v2\/pages"}],"about":[{"href":"https:\/\/romarglobalcare.com\/fr\/wp-json\/wp\/v2\/types\/page"}],"author":[{"embeddable":true,"href":"https:\/\/romarglobalcare.com\/fr\/wp-json\/wp\/v2\/users\/1"}],"replies":[{"embeddable":true,"href":"https:\/\/romarglobalcare.com\/fr\/wp-json\/wp\/v2\/comments?post=620"}],"version-history":[{"count":5,"href":"https:\/\/romarglobalcare.com\/fr\/wp-json\/wp\/v2\/pages\/620\/revisions"}],"predecessor-version":[{"id":3968,"href":"https:\/\/romarglobalcare.com\/fr\/wp-json\/wp\/v2\/pages\/620\/revisions\/3968"}],"wp:featuredmedia":[{"embeddable":true,"href":"https:\/\/romarglobalcare.com\/fr\/wp-json\/wp\/v2\/media\/919"}],"wp:attachment":[{"href":"https:\/\/romarglobalcare.com\/fr\/wp-json\/wp\/v2\/media?parent=620"}],"curies":[{"name":"wp","href":"https:\/\/api.w.org\/{rel}","templated":true}]}}