{"id":4433,"date":"2025-01-13T17:06:29","date_gmt":"2025-01-13T16:06:29","guid":{"rendered":"https:\/\/romarglobalcare.com\/?page_id=4433"},"modified":"2025-01-29T17:50:13","modified_gmt":"2025-01-29T16:50:13","slug":"display-guideline","status":"publish","type":"page","link":"https:\/\/romarglobalcare.com\/fr\/display-guideline\/","title":{"rendered":"Display guideline"},"content":{"rendered":"<div data-elementor-type=\"wp-page\" data-elementor-id=\"4433\" class=\"elementor elementor-4433\" data-elementor-post-type=\"page\">\n\t\t\t\t<div class=\"elementor-element elementor-element-08cf2d1 e-flex e-con-boxed e-con e-parent\" data-id=\"08cf2d1\" data-element_type=\"container\" data-e-type=\"container\" data-settings=\"{&quot;jet_parallax_layout_list&quot;:[]}\">\n\t\t\t\t\t<div class=\"e-con-inner\">\n\t\t<div class=\"elementor-element elementor-element-9a8f288 e-con-full e-flex e-con e-child\" data-id=\"9a8f288\" data-element_type=\"container\" data-e-type=\"container\" data-settings=\"{&quot;jet_parallax_layout_list&quot;:[]}\">\n\t\t<div class=\"elementor-element elementor-element-7f17d48 e-con-full e-flex e-con e-child\" data-id=\"7f17d48\" data-element_type=\"container\" data-e-type=\"container\" data-settings=\"{&quot;jet_parallax_layout_list&quot;:[]}\">\n\t\t<div class=\"elementor-element elementor-element-9d8e4cf e-con-full e-flex e-con e-child\" data-id=\"9d8e4cf\" data-element_type=\"container\" data-e-type=\"container\" data-settings=\"{&quot;jet_parallax_layout_list&quot;:[]}\">\n\t\t\t\t<div class=\"elementor-element elementor-element-c14e624 elementor-widget elementor-widget-heading\" data-id=\"c14e624\" data-element_type=\"widget\" data-e-type=\"widget\" data-widget_type=\"heading.default\">\n\t\t\t\t<div class=\"elementor-widget-container\">\n\t\t\t\t\t<h2 class=\"elementor-heading-title elementor-size-default\">Instructions de montage et formats recommand\u00e9s sugg\u00e9r\u00e9s par \u00e9tag\u00e8re<\/h2>\t\t\t\t<\/div>\n\t\t\t\t<\/div>\n\t\t\t\t<\/div>\n\t\t<div class=\"elementor-element elementor-element-4b5bbc2 e-con-full e-flex e-con e-child\" data-id=\"4b5bbc2\" data-element_type=\"container\" data-e-type=\"container\" data-settings=\"{&quot;jet_parallax_layout_list&quot;:[]}\">\n\t\t\t\t<div class=\"elementor-element elementor-element-2c2a874 elementor-widget elementor-widget-heading\" data-id=\"2c2a874\" data-element_type=\"widget\" data-e-type=\"widget\" data-widget_type=\"heading.default\">\n\t\t\t\t<div class=\"elementor-widget-container\">\n\t\t\t\t\t<span class=\"elementor-heading-title elementor-size-default\">Instructions de montage et formats recommand\u00e9s par proposition d&#039;\u00e9tag\u00e8re <\/span>\t\t\t\t<\/div>\n\t\t\t\t<\/div>\n\t\t\t\t<div class=\"elementor-element elementor-element-19298cf elementor-widget elementor-widget-heading\" data-id=\"19298cf\" data-element_type=\"widget\" data-e-type=\"widget\" data-widget_type=\"heading.default\">\n\t\t\t\t<div class=\"elementor-widget-container\">\n\t\t\t\t\t<span class=\"elementor-heading-title elementor-size-default\">Instructions de montage et propositions de formats conseill\u00e9s pour le propri\u00e9taire<\/span>\t\t\t\t<\/div>\n\t\t\t\t<\/div>\n\t\t\t\t<div class=\"elementor-element elementor-element-88b2357 elementor-widget elementor-widget-heading\" data-id=\"88b2357\" data-element_type=\"widget\" data-e-type=\"widget\" data-widget_type=\"heading.default\">\n\t\t\t\t<div class=\"elementor-widget-container\">\n\t\t\t\t\t<span class=\"elementor-heading-title elementor-size-default\">Notice de montage et proposition de formats pr\u00e9conis\u00e9s par \u00e9tag\u00e8re.<\/span>\t\t\t\t<\/div>\n\t\t\t\t<\/div>\n\t\t\t\t<div class=\"elementor-element elementor-element-42cdcda elementor-widget elementor-widget-heading\" data-id=\"42cdcda\" data-element_type=\"widget\" data-e-type=\"widget\" data-widget_type=\"heading.default\">\n\t\t\t\t<div class=\"elementor-widget-container\">\n\t\t\t\t\t<span class=\"elementor-heading-title elementor-size-default\">Instructions de montage et formats propos\u00e9s recommand\u00e9s par prateleira<\/span>\t\t\t\t<\/div>\n\t\t\t\t<\/div>\n\t\t\t\t<\/div>\n\t\t\t\t<\/div>\n\t\t<div class=\"elementor-element elementor-element-fe59806 e-con-full e-flex e-con e-child\" data-id=\"fe59806\" data-element_type=\"container\" data-e-type=\"container\" data-settings=\"{&quot;jet_parallax_layout_list&quot;:[]}\">\n\t\t<a class=\"elementor-element elementor-element-a27aac3 e-con-full e-flex e-con e-child\" data-id=\"a27aac3\" data-element_type=\"container\" data-e-type=\"container\" data-settings=\"{&quot;background_background&quot;:&quot;classic&quot;,&quot;jet_parallax_layout_list&quot;:[]}\" href=\"https:\/\/romarglobalcare.com\/fr\/expositor-agrado\/\">\n\t\t\t\t<div class=\"elementor-element elementor-element-364c2ed elementor-widget__width-initial elementor-widget elementor-widget-image\" data-id=\"364c2ed\" data-element_type=\"widget\" data-e-type=\"widget\" data-widget_type=\"image.default\">\n\t\t\t\t<div class=\"elementor-widget-container\">\n\t\t\t\t\t\t\t\t\t\t\t\t\t\t\t<img fetchpriority=\"high\" decoding=\"async\" width=\"375\" height=\"1024\" src=\"https:\/\/romarglobalcare.com\/wp-content\/uploads\/2025\/01\/EXPOSITOR-AGRADO-_1_-375x1024.webp\" class=\"attachment-large size-large wp-image-4445\" alt=\"\" srcset=\"https:\/\/romarglobalcare.com\/wp-content\/uploads\/2025\/01\/EXPOSITOR-AGRADO-_1_-375x1024.webp 375w, https:\/\/romarglobalcare.com\/wp-content\/uploads\/2025\/01\/EXPOSITOR-AGRADO-_1_-110x300.webp 110w, https:\/\/romarglobalcare.com\/wp-content\/uploads\/2025\/01\/EXPOSITOR-AGRADO-_1_-4x12.webp 4w, https:\/\/romarglobalcare.com\/wp-content\/uploads\/2025\/01\/EXPOSITOR-AGRADO-_1_.webp 440w\" sizes=\"(max-width: 375px) 100vw, 375px\" \/>\t\t\t\t\t\t\t\t\t\t\t\t\t\t\t<\/div>\n\t\t\t\t<\/div>\n\t\t\t\t<\/a>\n\t\t<div class=\"elementor-element elementor-element-677261e e-con-full e-flex e-con e-child\" data-id=\"677261e\" data-element_type=\"container\" data-e-type=\"container\" data-settings=\"{&quot;jet_parallax_layout_list&quot;:[]}\">\n\t\t<a class=\"elementor-element elementor-element-d295030 e-con-full e-flex e-con e-child\" data-id=\"d295030\" data-element_type=\"container\" data-e-type=\"container\" data-settings=\"{&quot;background_background&quot;:&quot;classic&quot;,&quot;jet_parallax_layout_list&quot;:[]}\" href=\"https:\/\/romarglobalcare.com\/fr\/expositor-amalfi\/\">\n\t\t\t\t<div class=\"elementor-element elementor-element-9f71dc5 elementor-widget__width-initial elementor-widget elementor-widget-image\" data-id=\"9f71dc5\" data-element_type=\"widget\" data-e-type=\"widget\" data-widget_type=\"image.default\">\n\t\t\t\t<div class=\"elementor-widget-container\">\n\t\t\t\t\t\t\t\t\t\t\t\t\t\t\t<img decoding=\"async\" width=\"365\" height=\"1024\" src=\"https:\/\/romarglobalcare.com\/wp-content\/uploads\/2025\/01\/EXPOSITOR-AMALFI-_1_-365x1024.webp\" class=\"attachment-large size-large wp-image-4447\" alt=\"\" srcset=\"https:\/\/romarglobalcare.com\/wp-content\/uploads\/2025\/01\/EXPOSITOR-AMALFI-_1_-365x1024.webp 365w, https:\/\/romarglobalcare.com\/wp-content\/uploads\/2025\/01\/EXPOSITOR-AMALFI-_1_-107x300.webp 107w, https:\/\/romarglobalcare.com\/wp-content\/uploads\/2025\/01\/EXPOSITOR-AMALFI-_1_-4x12.webp 4w, https:\/\/romarglobalcare.com\/wp-content\/uploads\/2025\/01\/EXPOSITOR-AMALFI-_1_.webp 428w\" sizes=\"(max-width: 365px) 100vw, 365px\" \/>\t\t\t\t\t\t\t\t\t\t\t\t\t\t\t<\/div>\n\t\t\t\t<\/div>\n\t\t\t\t<\/a>\n\t\t\t\t<\/div>\n\t\t<div class=\"elementor-element elementor-element-d03fa33 e-con-full e-flex e-con e-child\" data-id=\"d03fa33\" data-element_type=\"container\" data-e-type=\"container\" data-settings=\"{&quot;jet_parallax_layout_list&quot;:[]}\">\n\t\t<a class=\"elementor-element elementor-element-d2e72d3 e-con-full e-flex e-con e-child\" data-id=\"d2e72d3\" data-element_type=\"container\" data-e-type=\"container\" data-settings=\"{&quot;background_background&quot;:&quot;classic&quot;,&quot;jet_parallax_layout_list&quot;:[]}\" href=\"https:\/\/romarglobalcare.com\/fr\/expositor-mayordomo\/\">\n\t\t\t\t<div class=\"elementor-element elementor-element-c364138 elementor-widget__width-initial elementor-widget elementor-widget-image\" data-id=\"c364138\" data-element_type=\"widget\" data-e-type=\"widget\" data-widget_type=\"image.default\">\n\t\t\t\t<div class=\"elementor-widget-container\">\n\t\t\t\t\t\t\t\t\t\t\t\t\t\t\t<img decoding=\"async\" width=\"416\" height=\"982\" src=\"https:\/\/romarglobalcare.com\/wp-content\/uploads\/2025\/01\/EXPOSITOR-MAYORDOMO-_1_.webp\" class=\"attachment-large size-large wp-image-4448\" alt=\"EXPOSITOR-MAYORDOMO-_1_\" srcset=\"https:\/\/romarglobalcare.com\/wp-content\/uploads\/2025\/01\/EXPOSITOR-MAYORDOMO-_1_.webp 416w, https:\/\/romarglobalcare.com\/wp-content\/uploads\/2025\/01\/EXPOSITOR-MAYORDOMO-_1_-127x300.webp 127w, https:\/\/romarglobalcare.com\/wp-content\/uploads\/2025\/01\/EXPOSITOR-MAYORDOMO-_1_-5x12.webp 5w\" sizes=\"(max-width: 416px) 100vw, 416px\" \/>\t\t\t\t\t\t\t\t\t\t\t\t\t\t\t<\/div>\n\t\t\t\t<\/div>\n\t\t\t\t<\/a>\n\t\t\t\t<\/div>\n\t\t\t\t<\/div>\n\t\t\t\t<\/div>\n\t\t\t\t\t<\/div>\n\t\t\t\t<\/div>\n\t\t\t\t<\/div>","protected":false},"excerpt":{"rendered":"<p>Instrucciones de montaje y propuesta de formatos recomendados por balda Assembly instructions and recommended formats per shelf proposal Istruzioni di [&hellip;]<\/p>","protected":false},"author":1,"featured_media":0,"parent":0,"menu_order":0,"comment_status":"closed","ping_status":"closed","template":"","meta":{"_acf_changed":false,"_eb_attr":"","site-sidebar-layout":"no-sidebar","site-content-layout":"","ast-site-content-layout":"full-width-container","site-content-style":"default","site-sidebar-style":"default","ast-global-header-display":"","ast-banner-title-visibility":"","ast-main-header-display":"","ast-hfb-above-header-display":"","ast-hfb-below-header-display":"","ast-hfb-mobile-header-display":"","site-post-title":"disabled","ast-breadcrumbs-content":"","ast-featured-img":"disabled","footer-sml-layout":"","theme-transparent-header-meta":"","adv-header-id-meta":"","stick-header-meta":"","header-above-stick-meta":"","header-main-stick-meta":"","header-below-stick-meta":"","astra-migrate-meta-layouts":"default","ast-page-background-enabled":"default","ast-page-background-meta":{"desktop":{"background-color":"var(--ast-global-color-4)","background-image":"","background-repeat":"repeat","background-position":"center center","background-size":"auto","background-attachment":"scroll","background-type":"","background-media":"","overlay-type":"","overlay-color":"","overlay-opacity":"","overlay-gradient":""},"tablet":{"background-color":"","background-image":"","background-repeat":"repeat","background-position":"center center","background-size":"auto","background-attachment":"scroll","background-type":"","background-media":"","overlay-type":"","overlay-color":"","overlay-opacity":"","overlay-gradient":""},"mobile":{"background-color":"","background-image":"","background-repeat":"repeat","background-position":"center center","background-size":"auto","background-attachment":"scroll","background-type":"","background-media":"","overlay-type":"","overlay-color":"","overlay-opacity":"","overlay-gradient":""}},"ast-content-background-meta":{"desktop":{"background-color":"var(--ast-global-color-5)","background-image":"","background-repeat":"repeat","background-position":"center center","background-size":"auto","background-attachment":"scroll","background-type":"","background-media":"","overlay-type":"","overlay-color":"","overlay-opacity":"","overlay-gradient":""},"tablet":{"background-color":"var(--ast-global-color-5)","background-image":"","background-repeat":"repeat","background-position":"center center","background-size":"auto","background-attachment":"scroll","background-type":"","background-media":"","overlay-type":"","overlay-color":"","overlay-opacity":"","overlay-gradient":""},"mobile":{"background-color":"var(--ast-global-color-5)","background-image":"","background-repeat":"repeat","background-position":"center center","background-size":"auto","background-attachment":"scroll","background-type":"","background-media":"","overlay-type":"","overlay-color":"","overlay-opacity":"","overlay-gradient":""}},"footnotes":""},"class_list":["post-4433","page","type-page","status-publish","hentry"],"acf":[],"yoast_head":"<!-- This site is optimized with the Yoast SEO plugin v27.2 - https:\/\/yoast.com\/product\/yoast-seo-wordpress\/ -->\n<title>Display guideline - Romar Global Care<\/title>\n<meta name=\"robots\" content=\"index, follow, max-snippet:-1, max-image-preview:large, max-video-preview:-1\" \/>\n<link rel=\"canonical\" href=\"https:\/\/romarglobalcare.com\/fr\/display-guideline\/\" \/>\n<meta property=\"og:locale\" content=\"fr_FR\" \/>\n<meta property=\"og:type\" content=\"article\" \/>\n<meta property=\"og:title\" content=\"Display guideline - Romar Global Care\" \/>\n<meta property=\"og:description\" content=\"Instrucciones de montaje y propuesta de formatos recomendados por balda Assembly instructions and recommended formats per shelf proposal Istruzioni di [&hellip;]\" \/>\n<meta property=\"og:url\" content=\"https:\/\/romarglobalcare.com\/fr\/display-guideline\/\" \/>\n<meta property=\"og:site_name\" content=\"Romar Global Care\" \/>\n<meta property=\"article:modified_time\" content=\"2025-01-29T16:50:13+00:00\" \/>\n<meta property=\"og:image\" content=\"https:\/\/romarglobalcare.com\/wp-content\/uploads\/2025\/01\/EXPOSITOR-AGRADO-_1_-375x1024.webp\" \/>\n<meta name=\"twitter:card\" content=\"summary_large_image\" \/>\n<meta name=\"twitter:label1\" content=\"Dur\u00e9e de lecture estim\u00e9e\" \/>\n\t<meta name=\"twitter:data1\" content=\"1 minute\" \/>\n<script type=\"application\/ld+json\" class=\"yoast-schema-graph\">{\"@context\":\"https:\/\/schema.org\",\"@graph\":[{\"@type\":\"WebPage\",\"@id\":\"https:\/\/romarglobalcare.com\/display-guideline\/\",\"url\":\"https:\/\/romarglobalcare.com\/display-guideline\/\",\"name\":\"Display guideline - Romar Global Care\",\"isPartOf\":{\"@id\":\"https:\/\/romarglobalcare.com\/#website\"},\"primaryImageOfPage\":{\"@id\":\"https:\/\/romarglobalcare.com\/display-guideline\/#primaryimage\"},\"image\":{\"@id\":\"https:\/\/romarglobalcare.com\/display-guideline\/#primaryimage\"},\"thumbnailUrl\":\"https:\/\/romarglobalcare.com\/wp-content\/uploads\/2025\/01\/EXPOSITOR-AGRADO-_1_-375x1024.webp\",\"datePublished\":\"2025-01-13T16:06:29+00:00\",\"dateModified\":\"2025-01-29T16:50:13+00:00\",\"breadcrumb\":{\"@id\":\"https:\/\/romarglobalcare.com\/display-guideline\/#breadcrumb\"},\"inLanguage\":\"fr-FR\",\"potentialAction\":[{\"@type\":\"ReadAction\",\"target\":[\"https:\/\/romarglobalcare.com\/display-guideline\/\"]}]},{\"@type\":\"ImageObject\",\"inLanguage\":\"fr-FR\",\"@id\":\"https:\/\/romarglobalcare.com\/display-guideline\/#primaryimage\",\"url\":\"https:\/\/romarglobalcare.com\/wp-content\/uploads\/2025\/01\/EXPOSITOR-AGRADO-_1_-375x1024.webp\",\"contentUrl\":\"https:\/\/romarglobalcare.com\/wp-content\/uploads\/2025\/01\/EXPOSITOR-AGRADO-_1_-375x1024.webp\"},{\"@type\":\"BreadcrumbList\",\"@id\":\"https:\/\/romarglobalcare.com\/display-guideline\/#breadcrumb\",\"itemListElement\":[{\"@type\":\"ListItem\",\"position\":1,\"name\":\"Portada\",\"item\":\"https:\/\/romarglobalcare.com\/\"},{\"@type\":\"ListItem\",\"position\":2,\"name\":\"Display guideline\"}]},{\"@type\":\"WebSite\",\"@id\":\"https:\/\/romarglobalcare.com\/#website\",\"url\":\"https:\/\/romarglobalcare.com\/\",\"name\":\"Romar Global Care\",\"description\":\"\",\"publisher\":{\"@id\":\"https:\/\/romarglobalcare.com\/#organization\"},\"potentialAction\":[{\"@type\":\"SearchAction\",\"target\":{\"@type\":\"EntryPoint\",\"urlTemplate\":\"https:\/\/romarglobalcare.com\/?s={search_term_string}\"},\"query-input\":{\"@type\":\"PropertyValueSpecification\",\"valueRequired\":true,\"valueName\":\"search_term_string\"}}],\"inLanguage\":\"fr-FR\"},{\"@type\":\"Organization\",\"@id\":\"https:\/\/romarglobalcare.com\/#organization\",\"name\":\"Romar Global Care\",\"url\":\"https:\/\/romarglobalcare.com\/\",\"logo\":{\"@type\":\"ImageObject\",\"inLanguage\":\"fr-FR\",\"@id\":\"https:\/\/romarglobalcare.com\/#\/schema\/logo\/image\/\",\"url\":\"https:\/\/romarglobalcare.com\/wp-content\/uploads\/2024\/06\/cropped-logo-footer-1.png\",\"contentUrl\":\"https:\/\/romarglobalcare.com\/wp-content\/uploads\/2024\/06\/cropped-logo-footer-1.png\",\"width\":512,\"height\":512,\"caption\":\"Romar Global Care\"},\"image\":{\"@id\":\"https:\/\/romarglobalcare.com\/#\/schema\/logo\/image\/\"}}]}<\/script>\n<!-- \/ Yoast SEO plugin. -->","yoast_head_json":{"title":"Display guideline - Romar Global Care","robots":{"index":"index","follow":"follow","max-snippet":"max-snippet:-1","max-image-preview":"max-image-preview:large","max-video-preview":"max-video-preview:-1"},"canonical":"https:\/\/romarglobalcare.com\/fr\/display-guideline\/","og_locale":"fr_FR","og_type":"article","og_title":"Display guideline - Romar Global Care","og_description":"Instrucciones de montaje y propuesta de formatos recomendados por balda Assembly instructions and recommended formats per shelf proposal Istruzioni di [&hellip;]","og_url":"https:\/\/romarglobalcare.com\/fr\/display-guideline\/","og_site_name":"Romar Global Care","article_modified_time":"2025-01-29T16:50:13+00:00","og_image":[{"url":"https:\/\/romarglobalcare.com\/wp-content\/uploads\/2025\/01\/EXPOSITOR-AGRADO-_1_-375x1024.webp","type":"","width":"","height":""}],"twitter_card":"summary_large_image","twitter_misc":{"Dur\u00e9e de lecture estim\u00e9e":"1 minute"},"schema":{"@context":"https:\/\/schema.org","@graph":[{"@type":"WebPage","@id":"https:\/\/romarglobalcare.com\/display-guideline\/","url":"https:\/\/romarglobalcare.com\/display-guideline\/","name":"Display guideline - Romar Global Care","isPartOf":{"@id":"https:\/\/romarglobalcare.com\/#website"},"primaryImageOfPage":{"@id":"https:\/\/romarglobalcare.com\/display-guideline\/#primaryimage"},"image":{"@id":"https:\/\/romarglobalcare.com\/display-guideline\/#primaryimage"},"thumbnailUrl":"https:\/\/romarglobalcare.com\/wp-content\/uploads\/2025\/01\/EXPOSITOR-AGRADO-_1_-375x1024.webp","datePublished":"2025-01-13T16:06:29+00:00","dateModified":"2025-01-29T16:50:13+00:00","breadcrumb":{"@id":"https:\/\/romarglobalcare.com\/display-guideline\/#breadcrumb"},"inLanguage":"fr-FR","potentialAction":[{"@type":"ReadAction","target":["https:\/\/romarglobalcare.com\/display-guideline\/"]}]},{"@type":"ImageObject","inLanguage":"fr-FR","@id":"https:\/\/romarglobalcare.com\/display-guideline\/#primaryimage","url":"https:\/\/romarglobalcare.com\/wp-content\/uploads\/2025\/01\/EXPOSITOR-AGRADO-_1_-375x1024.webp","contentUrl":"https:\/\/romarglobalcare.com\/wp-content\/uploads\/2025\/01\/EXPOSITOR-AGRADO-_1_-375x1024.webp"},{"@type":"BreadcrumbList","@id":"https:\/\/romarglobalcare.com\/display-guideline\/#breadcrumb","itemListElement":[{"@type":"ListItem","position":1,"name":"Portada","item":"https:\/\/romarglobalcare.com\/"},{"@type":"ListItem","position":2,"name":"Display guideline"}]},{"@type":"WebSite","@id":"https:\/\/romarglobalcare.com\/#website","url":"https:\/\/romarglobalcare.com\/","name":"Romar Global Care","description":"","publisher":{"@id":"https:\/\/romarglobalcare.com\/#organization"},"potentialAction":[{"@type":"SearchAction","target":{"@type":"EntryPoint","urlTemplate":"https:\/\/romarglobalcare.com\/?s={search_term_string}"},"query-input":{"@type":"PropertyValueSpecification","valueRequired":true,"valueName":"search_term_string"}}],"inLanguage":"fr-FR"},{"@type":"Organization","@id":"https:\/\/romarglobalcare.com\/#organization","name":"Romar Global Care","url":"https:\/\/romarglobalcare.com\/","logo":{"@type":"ImageObject","inLanguage":"fr-FR","@id":"https:\/\/romarglobalcare.com\/#\/schema\/logo\/image\/","url":"https:\/\/romarglobalcare.com\/wp-content\/uploads\/2024\/06\/cropped-logo-footer-1.png","contentUrl":"https:\/\/romarglobalcare.com\/wp-content\/uploads\/2024\/06\/cropped-logo-footer-1.png","width":512,"height":512,"caption":"Romar Global Care"},"image":{"@id":"https:\/\/romarglobalcare.com\/#\/schema\/logo\/image\/"}}]}},"_links":{"self":[{"href":"https:\/\/romarglobalcare.com\/fr\/wp-json\/wp\/v2\/pages\/4433","targetHints":{"allow":["GET"]}}],"collection":[{"href":"https:\/\/romarglobalcare.com\/fr\/wp-json\/wp\/v2\/pages"}],"about":[{"href":"https:\/\/romarglobalcare.com\/fr\/wp-json\/wp\/v2\/types\/page"}],"author":[{"embeddable":true,"href":"https:\/\/romarglobalcare.com\/fr\/wp-json\/wp\/v2\/users\/1"}],"replies":[{"embeddable":true,"href":"https:\/\/romarglobalcare.com\/fr\/wp-json\/wp\/v2\/comments?post=4433"}],"version-history":[{"count":34,"href":"https:\/\/romarglobalcare.com\/fr\/wp-json\/wp\/v2\/pages\/4433\/revisions"}],"predecessor-version":[{"id":4645,"href":"https:\/\/romarglobalcare.com\/fr\/wp-json\/wp\/v2\/pages\/4433\/revisions\/4645"}],"wp:attachment":[{"href":"https:\/\/romarglobalcare.com\/fr\/wp-json\/wp\/v2\/media?parent=4433"}],"curies":[{"name":"wp","href":"https:\/\/api.w.org\/{rel}","templated":true}]}}