{"id":1289,"date":"2024-04-16T17:36:07","date_gmt":"2024-04-16T15:36:07","guid":{"rendered":"https:\/\/pruebasfit.xyz\/?page_id=1289"},"modified":"2025-01-13T18:28:00","modified_gmt":"2025-01-13T17:28:00","slug":"codigo-de-conducta","status":"publish","type":"page","link":"https:\/\/romarglobalcare.com\/fr\/codigo-de-conducta\/","title":{"rendered":"Code de conduite"},"content":{"rendered":"<div data-elementor-type=\"wp-page\" data-elementor-id=\"1289\" class=\"elementor elementor-1289\" data-elementor-post-type=\"page\">\n\t\t\t\t<div class=\"elementor-element elementor-element-f0079d6 e-flex e-con-boxed e-con e-parent\" data-id=\"f0079d6\" data-element_type=\"container\" data-e-type=\"container\" data-settings=\"{&quot;jet_parallax_layout_list&quot;:[]}\">\n\t\t\t\t\t<div class=\"e-con-inner\">\n\t\t\t\t<div class=\"elementor-element elementor-element-46ef46d elementor-widget__width-inherit elementor-widget elementor-widget-heading\" data-id=\"46ef46d\" data-element_type=\"widget\" data-e-type=\"widget\" data-widget_type=\"heading.default\">\n\t\t\t\t<div class=\"elementor-widget-container\">\n\t\t\t\t\t<h2 class=\"elementor-heading-title elementor-size-default\">Code de conduite<\/h2>\t\t\t\t<\/div>\n\t\t\t\t<\/div>\n\t\t\t\t<div class=\"elementor-element elementor-element-3eea8b0 elementor-widget elementor-widget-text-editor\" data-id=\"3eea8b0\" data-element_type=\"widget\" data-e-type=\"widget\" data-widget_type=\"text-editor.default\">\n\t\t\t\t<div class=\"elementor-widget-container\">\n\t\t\t\t\t\t\t\t\t<p>Dans le cadre des exigences de la r\u00e9glementation en vigueur, afin d&#039;atteindre ses objectifs et ses buts,\u00a0<a href=\"\/fr\/quienes-somos\/\" target=\"_blank\" rel=\"noreferrer noopener\"><strong>Romar Global Care (RGC)<\/strong><\/a>\u00a0pose les bases de votre organisation sur\u00a0<strong>conformit\u00e9 et respect de la l\u00e9gislation en vigueur<\/strong>, ainsi que, dans le d\u00e9veloppement et l&#039;application d&#039;une s\u00e9rie de principes et de valeurs \u00e9thiques, conform\u00e9ment \u00e0 des m\u00e9thodes et des comportements qui favorisent des comportements \u00e9thiquement corrects et transparents.<\/p><p>RGC assume, comme l&#039;une des valeurs fondatrices de son activit\u00e9, l&#039;engagement de respecter le cadre juridique en vigueur. Cela implique un\u00a0<strong>degr\u00e9 de \u00ab tol\u00e9rance 0 \u00bb avec ces comportements<\/strong>\u00a0qui, effectu\u00e9s au sein de la Soci\u00e9t\u00e9, ou par des personnes ou des soci\u00e9t\u00e9s qui lui sont li\u00e9es,\u00a0<strong>impliquent toute violation de l\u2019ordre juridique pr\u00e9\u00e9tabli et de la r\u00e9glementation de toutes les activit\u00e9s exerc\u00e9es en son sein.<\/strong><\/p><p>Gr\u00e2ce aux efforts constants visant \u00e0 atteindre un degr\u00e9 maximum de conformit\u00e9 dans toutes les questions qui touchent RGC,<strong>\u00a0le code de conduite de l&#039;entreprise,<\/strong>\u00a0mis en \u0153uvre depuis 2017 par le Conseil d\u2019Administration et mis \u00e0 jour en 2023,\u00a0<strong>constitue un outil de base du Mod\u00e8le de pr\u00e9vention des risques criminels du RGC<\/strong>, mis en \u0153uvre dans le respect des obligations d\u00e9coulant de la LO 1\/2015, ainsi que de la directive europ\u00e9enne 2019\/1937 et qui contient le catalogue de principes et de normes de conduite qui doivent r\u00e9gir les actions de tous ceux qui sont li\u00e9s, dans l&#039;exercice de leur activit\u00e9, avec elle.<\/p><p>\u00c0 travers ces principes et valeurs, RGC s\u2019engage \u00e0\u00a0<strong>garantir la transparence et l\u2019exactitude dans toutes ses activit\u00e9s, de mani\u00e8re \u00e9thique et responsable<\/strong>, concevant ses politiques dans le respect des m\u00e9thodes d&#039;action qui doivent inspirer la conduite de tous les salari\u00e9s et dirigeants de l&#039;entit\u00e9, ainsi que de toute personne physique ou morale qui la repr\u00e9sente.<\/p><p>Par cons\u00e9quent, le Code de Conduite de RGC constitue un point de r\u00e9f\u00e9rence pour les actions de tous ceux qui sont li\u00e9s, dans l&#039;exercice de leur activit\u00e9, directement ou indirectement, \u00e0 RGC, en accordant une attention particuli\u00e8re \u00e0 la\u00a0<strong>conformit\u00e9 et respect de la l\u00e9gislation en vigueur<\/strong>.<\/p><p>En effet, notre engagement repose sur la conviction qu&#039;une action transparente et responsable ne peut \u00eatre obtenue qu&#039;en appliquant le maximum d&#039;exactitude dans la r\u00e9alisation des objectifs propos\u00e9s par tous ceux qui concernent RGC. Ce n&#039;est qu&#039;ainsi que nous pourrons garantir le respect et le respect de l&#039;ensemble des valeurs et des principes \u00e9thiques qui constituent la culture commerciale et sociale de RGC et qui constituent, en fin de compte, sa raison d&#039;\u00eatre.<\/p>\t\t\t\t\t\t\t\t<\/div>\n\t\t\t\t<\/div>\n\t\t\t\t<div class=\"elementor-element elementor-element-44ce3e7 elementor-align-center elementor-widget elementor-widget-button\" data-id=\"44ce3e7\" data-element_type=\"widget\" data-e-type=\"widget\" data-widget_type=\"button.default\">\n\t\t\t\t<div class=\"elementor-widget-container\">\n\t\t\t\t\t\t\t\t\t<div class=\"elementor-button-wrapper\">\n\t\t\t\t\t<a class=\"elementor-button elementor-button-link elementor-size-sm\" href=\"https:\/\/romarglobalcare.com\/wp-content\/uploads\/2024\/06\/CODIGO-DE-CONDUCTA-RGC.pdf\">\n\t\t\t\t\t\t<span class=\"elementor-button-content-wrapper\">\n\t\t\t\t\t\t\t\t\t<span class=\"elementor-button-text\">T\u00e9l\u00e9charger le code de conduite<\/span>\n\t\t\t\t\t<\/span>\n\t\t\t\t\t<\/a>\n\t\t\t\t<\/div>\n\t\t\t\t\t\t\t\t<\/div>\n\t\t\t\t<\/div>\n\t\t\t\t\t<\/div>\n\t\t\t\t<\/div>\n\t\t\t\t<\/div>","protected":false},"excerpt":{"rendered":"<p>Code de conduite Dans le cadre des exigences de la r\u00e9glementation en vigueur, afin d\u2019atteindre ses objectifs [\u2026]<\/p>","protected":false},"author":1,"featured_media":3529,"parent":0,"menu_order":0,"comment_status":"closed","ping_status":"closed","template":"","meta":{"_acf_changed":false,"_eb_attr":"","site-sidebar-layout":"no-sidebar","site-content-layout":"","ast-site-content-layout":"full-width-container","site-content-style":"default","site-sidebar-style":"default","ast-global-header-display":"","ast-banner-title-visibility":"","ast-main-header-display":"","ast-hfb-above-header-display":"","ast-hfb-below-header-display":"","ast-hfb-mobile-header-display":"","site-post-title":"disabled","ast-breadcrumbs-content":"","ast-featured-img":"disabled","footer-sml-layout":"","ast-disable-related-posts":"","theme-transparent-header-meta":"","adv-header-id-meta":"","stick-header-meta":"","header-above-stick-meta":"","header-main-stick-meta":"","header-below-stick-meta":"","astra-migrate-meta-layouts":"default","ast-page-background-enabled":"default","ast-page-background-meta":{"desktop":{"background-color":"var(--ast-global-color-4)","background-image":"","background-repeat":"repeat","background-position":"center center","background-size":"auto","background-attachment":"scroll","background-type":"","background-media":"","overlay-type":"","overlay-color":"","overlay-opacity":"","overlay-gradient":""},"tablet":{"background-color":"","background-image":"","background-repeat":"repeat","background-position":"center center","background-size":"auto","background-attachment":"scroll","background-type":"","background-media":"","overlay-type":"","overlay-color":"","overlay-opacity":"","overlay-gradient":""},"mobile":{"background-color":"","background-image":"","background-repeat":"repeat","background-position":"center center","background-size":"auto","background-attachment":"scroll","background-type":"","background-media":"","overlay-type":"","overlay-color":"","overlay-opacity":"","overlay-gradient":""}},"ast-content-background-meta":{"desktop":{"background-color":"var(--ast-global-color-5)","background-image":"","background-repeat":"repeat","background-position":"center center","background-size":"auto","background-attachment":"scroll","background-type":"","background-media":"","overlay-type":"","overlay-color":"","overlay-opacity":"","overlay-gradient":""},"tablet":{"background-color":"var(--ast-global-color-5)","background-image":"","background-repeat":"repeat","background-position":"center center","background-size":"auto","background-attachment":"scroll","background-type":"","background-media":"","overlay-type":"","overlay-color":"","overlay-opacity":"","overlay-gradient":""},"mobile":{"background-color":"var(--ast-global-color-5)","background-image":"","background-repeat":"repeat","background-position":"center center","background-size":"auto","background-attachment":"scroll","background-type":"","background-media":"","overlay-type":"","overlay-color":"","overlay-opacity":"","overlay-gradient":""}},"footnotes":""},"class_list":["post-1289","page","type-page","status-publish","has-post-thumbnail","hentry"],"acf":[],"yoast_head":"<!-- This site is optimized with the Yoast SEO plugin v27.2 - https:\/\/yoast.com\/product\/yoast-seo-wordpress\/ -->\n<title>C\u00f3digo de conducta - Romar Global Care<\/title>\n<meta name=\"robots\" content=\"noindex, nofollow\" \/>\n<meta property=\"og:locale\" content=\"fr_FR\" \/>\n<meta property=\"og:type\" content=\"article\" \/>\n<meta property=\"og:title\" content=\"C\u00f3digo de conducta - Romar Global Care\" \/>\n<meta property=\"og:description\" content=\"C\u00f3digo de conducta En el marco de las exigencias de la normativa actual, con el fin de alcanzar sus objetivos [&hellip;]\" \/>\n<meta property=\"og:url\" content=\"https:\/\/romarglobalcare.com\/fr\/codigo-de-conducta\/\" \/>\n<meta property=\"og:site_name\" content=\"Romar Global Care\" \/>\n<meta property=\"article:modified_time\" content=\"2025-01-13T17:28:00+00:00\" \/>\n<meta property=\"og:image\" content=\"https:\/\/romarglobalcare.com\/wp-content\/uploads\/2024\/06\/RGC-RomarGlobalCare-pantone7470C.png\" \/>\n\t<meta property=\"og:image:width\" content=\"886\" \/>\n\t<meta property=\"og:image:height\" content=\"886\" \/>\n\t<meta property=\"og:image:type\" content=\"image\/png\" \/>\n<meta name=\"twitter:card\" content=\"summary_large_image\" \/>\n<meta name=\"twitter:label1\" content=\"Dur\u00e9e de lecture estim\u00e9e\" \/>\n\t<meta name=\"twitter:data1\" content=\"2 minutes\" \/>\n<script type=\"application\/ld+json\" class=\"yoast-schema-graph\">{\"@context\":\"https:\/\/schema.org\",\"@graph\":[{\"@type\":\"WebPage\",\"@id\":\"https:\/\/romarglobalcare.com\/codigo-de-conducta\/\",\"url\":\"https:\/\/romarglobalcare.com\/codigo-de-conducta\/\",\"name\":\"C\u00f3digo de conducta - Romar Global Care\",\"isPartOf\":{\"@id\":\"https:\/\/romarglobalcare.com\/#website\"},\"primaryImageOfPage\":{\"@id\":\"https:\/\/romarglobalcare.com\/codigo-de-conducta\/#primaryimage\"},\"image\":{\"@id\":\"https:\/\/romarglobalcare.com\/codigo-de-conducta\/#primaryimage\"},\"thumbnailUrl\":\"https:\/\/romarglobalcare.com\/wp-content\/uploads\/2024\/06\/RGC-RomarGlobalCare-pantone7470C.png\",\"datePublished\":\"2024-04-16T15:36:07+00:00\",\"dateModified\":\"2025-01-13T17:28:00+00:00\",\"breadcrumb\":{\"@id\":\"https:\/\/romarglobalcare.com\/codigo-de-conducta\/#breadcrumb\"},\"inLanguage\":\"fr-FR\",\"potentialAction\":[{\"@type\":\"ReadAction\",\"target\":[\"https:\/\/romarglobalcare.com\/codigo-de-conducta\/\"]}]},{\"@type\":\"ImageObject\",\"inLanguage\":\"fr-FR\",\"@id\":\"https:\/\/romarglobalcare.com\/codigo-de-conducta\/#primaryimage\",\"url\":\"https:\/\/romarglobalcare.com\/wp-content\/uploads\/2024\/06\/RGC-RomarGlobalCare-pantone7470C.png\",\"contentUrl\":\"https:\/\/romarglobalcare.com\/wp-content\/uploads\/2024\/06\/RGC-RomarGlobalCare-pantone7470C.png\",\"width\":886,\"height\":886},{\"@type\":\"BreadcrumbList\",\"@id\":\"https:\/\/romarglobalcare.com\/codigo-de-conducta\/#breadcrumb\",\"itemListElement\":[{\"@type\":\"ListItem\",\"position\":1,\"name\":\"Portada\",\"item\":\"https:\/\/romarglobalcare.com\/\"},{\"@type\":\"ListItem\",\"position\":2,\"name\":\"C\u00f3digo de conducta\"}]},{\"@type\":\"WebSite\",\"@id\":\"https:\/\/romarglobalcare.com\/#website\",\"url\":\"https:\/\/romarglobalcare.com\/\",\"name\":\"Romar Global Care\",\"description\":\"\",\"publisher\":{\"@id\":\"https:\/\/romarglobalcare.com\/#organization\"},\"potentialAction\":[{\"@type\":\"SearchAction\",\"target\":{\"@type\":\"EntryPoint\",\"urlTemplate\":\"https:\/\/romarglobalcare.com\/?s={search_term_string}\"},\"query-input\":{\"@type\":\"PropertyValueSpecification\",\"valueRequired\":true,\"valueName\":\"search_term_string\"}}],\"inLanguage\":\"fr-FR\"},{\"@type\":\"Organization\",\"@id\":\"https:\/\/romarglobalcare.com\/#organization\",\"name\":\"Romar Global Care\",\"url\":\"https:\/\/romarglobalcare.com\/\",\"logo\":{\"@type\":\"ImageObject\",\"inLanguage\":\"fr-FR\",\"@id\":\"https:\/\/romarglobalcare.com\/#\/schema\/logo\/image\/\",\"url\":\"https:\/\/romarglobalcare.com\/wp-content\/uploads\/2024\/06\/cropped-logo-footer-1.png\",\"contentUrl\":\"https:\/\/romarglobalcare.com\/wp-content\/uploads\/2024\/06\/cropped-logo-footer-1.png\",\"width\":512,\"height\":512,\"caption\":\"Romar Global Care\"},\"image\":{\"@id\":\"https:\/\/romarglobalcare.com\/#\/schema\/logo\/image\/\"}}]}<\/script>\n<!-- \/ Yoast SEO plugin. -->","yoast_head_json":{"title":"C\u00f3digo de conducta - Romar Global Care","robots":{"index":"noindex","follow":"nofollow"},"og_locale":"fr_FR","og_type":"article","og_title":"C\u00f3digo de conducta - Romar Global Care","og_description":"C\u00f3digo de conducta En el marco de las exigencias de la normativa actual, con el fin de alcanzar sus objetivos [&hellip;]","og_url":"https:\/\/romarglobalcare.com\/fr\/codigo-de-conducta\/","og_site_name":"Romar Global Care","article_modified_time":"2025-01-13T17:28:00+00:00","og_image":[{"width":886,"height":886,"url":"https:\/\/romarglobalcare.com\/wp-content\/uploads\/2024\/06\/RGC-RomarGlobalCare-pantone7470C.png","type":"image\/png"}],"twitter_card":"summary_large_image","twitter_misc":{"Dur\u00e9e de lecture estim\u00e9e":"2 minutes"},"schema":{"@context":"https:\/\/schema.org","@graph":[{"@type":"WebPage","@id":"https:\/\/romarglobalcare.com\/codigo-de-conducta\/","url":"https:\/\/romarglobalcare.com\/codigo-de-conducta\/","name":"C\u00f3digo de conducta - Romar Global Care","isPartOf":{"@id":"https:\/\/romarglobalcare.com\/#website"},"primaryImageOfPage":{"@id":"https:\/\/romarglobalcare.com\/codigo-de-conducta\/#primaryimage"},"image":{"@id":"https:\/\/romarglobalcare.com\/codigo-de-conducta\/#primaryimage"},"thumbnailUrl":"https:\/\/romarglobalcare.com\/wp-content\/uploads\/2024\/06\/RGC-RomarGlobalCare-pantone7470C.png","datePublished":"2024-04-16T15:36:07+00:00","dateModified":"2025-01-13T17:28:00+00:00","breadcrumb":{"@id":"https:\/\/romarglobalcare.com\/codigo-de-conducta\/#breadcrumb"},"inLanguage":"fr-FR","potentialAction":[{"@type":"ReadAction","target":["https:\/\/romarglobalcare.com\/codigo-de-conducta\/"]}]},{"@type":"ImageObject","inLanguage":"fr-FR","@id":"https:\/\/romarglobalcare.com\/codigo-de-conducta\/#primaryimage","url":"https:\/\/romarglobalcare.com\/wp-content\/uploads\/2024\/06\/RGC-RomarGlobalCare-pantone7470C.png","contentUrl":"https:\/\/romarglobalcare.com\/wp-content\/uploads\/2024\/06\/RGC-RomarGlobalCare-pantone7470C.png","width":886,"height":886},{"@type":"BreadcrumbList","@id":"https:\/\/romarglobalcare.com\/codigo-de-conducta\/#breadcrumb","itemListElement":[{"@type":"ListItem","position":1,"name":"Portada","item":"https:\/\/romarglobalcare.com\/"},{"@type":"ListItem","position":2,"name":"C\u00f3digo de conducta"}]},{"@type":"WebSite","@id":"https:\/\/romarglobalcare.com\/#website","url":"https:\/\/romarglobalcare.com\/","name":"Romar Global Care","description":"","publisher":{"@id":"https:\/\/romarglobalcare.com\/#organization"},"potentialAction":[{"@type":"SearchAction","target":{"@type":"EntryPoint","urlTemplate":"https:\/\/romarglobalcare.com\/?s={search_term_string}"},"query-input":{"@type":"PropertyValueSpecification","valueRequired":true,"valueName":"search_term_string"}}],"inLanguage":"fr-FR"},{"@type":"Organization","@id":"https:\/\/romarglobalcare.com\/#organization","name":"Romar Global Care","url":"https:\/\/romarglobalcare.com\/","logo":{"@type":"ImageObject","inLanguage":"fr-FR","@id":"https:\/\/romarglobalcare.com\/#\/schema\/logo\/image\/","url":"https:\/\/romarglobalcare.com\/wp-content\/uploads\/2024\/06\/cropped-logo-footer-1.png","contentUrl":"https:\/\/romarglobalcare.com\/wp-content\/uploads\/2024\/06\/cropped-logo-footer-1.png","width":512,"height":512,"caption":"Romar Global Care"},"image":{"@id":"https:\/\/romarglobalcare.com\/#\/schema\/logo\/image\/"}}]}},"_links":{"self":[{"href":"https:\/\/romarglobalcare.com\/fr\/wp-json\/wp\/v2\/pages\/1289","targetHints":{"allow":["GET"]}}],"collection":[{"href":"https:\/\/romarglobalcare.com\/fr\/wp-json\/wp\/v2\/pages"}],"about":[{"href":"https:\/\/romarglobalcare.com\/fr\/wp-json\/wp\/v2\/types\/page"}],"author":[{"embeddable":true,"href":"https:\/\/romarglobalcare.com\/fr\/wp-json\/wp\/v2\/users\/1"}],"replies":[{"embeddable":true,"href":"https:\/\/romarglobalcare.com\/fr\/wp-json\/wp\/v2\/comments?post=1289"}],"version-history":[{"count":5,"href":"https:\/\/romarglobalcare.com\/fr\/wp-json\/wp\/v2\/pages\/1289\/revisions"}],"predecessor-version":[{"id":4444,"href":"https:\/\/romarglobalcare.com\/fr\/wp-json\/wp\/v2\/pages\/1289\/revisions\/4444"}],"wp:featuredmedia":[{"embeddable":true,"href":"https:\/\/romarglobalcare.com\/fr\/wp-json\/wp\/v2\/media\/3529"}],"wp:attachment":[{"href":"https:\/\/romarglobalcare.com\/fr\/wp-json\/wp\/v2\/media?parent=1289"}],"curies":[{"name":"wp","href":"https:\/\/api.w.org\/{rel}","templated":true}]}}