{"id":485,"date":"2024-04-02T10:48:24","date_gmt":"2024-04-02T08:48:24","guid":{"rendered":"https:\/\/pruebasfit.xyz\/?page_id=485"},"modified":"2024-09-25T12:21:42","modified_gmt":"2024-09-25T10:21:42","slug":"politica-de-cookies","status":"publish","type":"page","link":"https:\/\/romarglobalcare.com\/en\/politica-de-cookies\/","title":{"rendered":"Cookies policy"},"content":{"rendered":"<div data-elementor-type=\"wp-page\" data-elementor-id=\"485\" class=\"elementor elementor-485\" data-elementor-post-type=\"page\">\n\t\t\t\t<div class=\"elementor-element elementor-element-ff854ed e-flex e-con-boxed e-con e-parent\" data-id=\"ff854ed\" data-element_type=\"container\" data-e-type=\"container\" data-settings=\"{&quot;jet_parallax_layout_list&quot;:[]}\">\n\t\t\t\t\t<div class=\"e-con-inner\">\n\t\t\t\t<div class=\"elementor-element elementor-element-dc4822c elementor-widget__width-inherit elementor-widget elementor-widget-heading\" data-id=\"dc4822c\" data-element_type=\"widget\" data-e-type=\"widget\" data-widget_type=\"heading.default\">\n\t\t\t\t<div class=\"elementor-widget-container\">\n\t\t\t\t\t<h2 class=\"elementor-heading-title elementor-size-default\">COOKIES POLICY<\/h2>\t\t\t\t<\/div>\n\t\t\t\t<\/div>\n\t\t\t\t<div class=\"elementor-element elementor-element-5d931af elementor-widget elementor-widget-text-editor\" data-id=\"5d931af\" data-element_type=\"widget\" data-e-type=\"widget\" data-widget_type=\"text-editor.default\">\n\t\t\t\t<div class=\"elementor-widget-container\">\n\t\t\t\t\t\t\t\t\t<p><b>COOKIES POLICY<\/b><\/p><p><b>INFORMATION ABOUT COOKIES<\/b><span style=\"font-weight: 400;\">\u00a0<\/span><\/p><p><span style=\"font-weight: 400;\">In accordance with Law 34\/2002, of July 11, on information society services and electronic commerce (LSSI), in relation to Regulation (EU) 2016\/679 of the European Parliament and of the Council, of April 27, 2016, General Data Protection (GDPR) and Organic Law 3\/2018, of December 5, on Data Protection and Guarantee of Digital Rights (LOPDGDD), it is mandatory to obtain the express consent of the user of all web pages that use dispensable cookies, before browsing them.\u00a0<\/span><\/p><p><b>WHAT ARE COOKIES?<\/b><span style=\"font-weight: 400;\">\u00a0<\/span><\/p><p><span style=\"font-weight: 400;\">The <\/span><i><span style=\"font-weight: 400;\">cookies <\/span><\/i><span style=\"font-weight: 400;\">and other similar technologies such as local shared objects, flash <\/span><i><span style=\"font-weight: 400;\">cookies <\/span><\/i><span style=\"font-weight: 400;\">or pixels, are tools used by Web servers to store and retrieve information about their visitors, as well as to ensure the proper functioning of the site.<\/span><\/p><p><span style=\"font-weight: 400;\">By using these devices, the Web server is able to remember certain data about the user, such as their preferences for viewing pages on that server, their username and password, the products they are most interested in, etc.<\/span><\/p><p><b><i>COOKIES <\/i><\/b><b>AFFECTED BY REGULATIONS AND EXCEPTED COOKIES<\/b><\/p><p><span style=\"font-weight: 400;\">According to the EU directive, <\/span><i><span style=\"font-weight: 400;\">cookies <\/span><\/i><span style=\"font-weight: 400;\">that require informed consent from the user are: <\/span><i><span style=\"font-weight: 400;\">cookies <\/span><\/i><span style=\"font-weight: 400;\">analytics, advertising and affiliation, with the exception of technical cookies and those necessary for the operation of the website or the provision of services expressly requested by the user.<\/span><\/p><p><b>TYPES OF COOKIES<\/b><span style=\"font-weight: 400;\">\u00a0<\/span><\/p><p><b>ACCORDING TO THE PURPOSE<\/b><\/p><ul><li style=\"font-weight: 400;\" aria-level=\"1\"><b><i>Cookies <\/i><\/b><b>technical and functional<\/b><span style=\"font-weight: 400;\">: are those that allow the user to navigate through a website, platform or application and use the different options or services that exist therein<\/span><i><span style=\"font-weight: 400;\">.<\/span><\/i><span style=\"font-weight: 400;\">\u00a0<\/span><\/li><li style=\"font-weight: 400;\" aria-level=\"1\"><b><i>Cookies <\/i><\/b><b>analytics<\/b><span style=\"font-weight: 400;\">: These are those that allow the person responsible for them to monitor and analyze the behavior of the users of the websites to which they are linked. The information collected through this type of <\/span><i><span style=\"font-weight: 400;\">cookies<\/span><\/i><span style=\"font-weight: 400;\"> It is used to measure the activity of websites, applications, or platforms and to create navigation profiles of users of said sites, applications, and platforms, in order to introduce improvements based on the analysis of the usage data made by users of the service.<\/span><\/li><li style=\"font-weight: 400;\" aria-level=\"1\"><b><i>Cookies<\/i><\/b> <b>advertising:<\/b><span style=\"font-weight: 400;\"> These are those that allow the management, in the most efficient way possible, of the advertising spaces that, where appropriate, the editor has included on a website, application or platform from which the requested service is provided based on criteria such as the edited content or the frequency with which the ads are displayed.\u00a0<\/span><\/li><li style=\"font-weight: 400;\" aria-level=\"1\"><b><i>Cookies <\/i><\/b><b>behavioral advertising<\/b><span style=\"font-weight: 400;\">: collect information about the user&#039;s personal preferences and choices (<\/span><i><span style=\"font-weight: 400;\">retargeting<\/span><\/i><span style=\"font-weight: 400;\">) to allow the management, in the most efficient way possible, of the advertising spaces that, where applicable, the publisher has included on a website, application or platform from which the requested service is provided.<\/span><\/li><li style=\"font-weight: 400;\" aria-level=\"1\"><b><i>Cookies <\/i><\/b><b>social<\/b><span style=\"font-weight: 400;\">: These are set by social media platforms on the Services to allow you to share content with your friends and networks. Social media platforms have the ability to track your online activity outside of the Services. This may affect the content and messages you see on other Services you visit.<\/span><\/li><li style=\"font-weight: 400;\" aria-level=\"1\"><b><i>Cookies <\/i><\/b><b>of affiliates<\/b><span style=\"font-weight: 400;\">: These cookies allow tracking of visits from other websites with which the website has an affiliation contract (affiliate companies).<\/span><\/li><li style=\"font-weight: 400;\" aria-level=\"1\"><b><i>Cookies <\/i><\/b><b>security<\/b><span style=\"font-weight: 400;\">: They store encrypted information to prevent the data stored in them from being vulnerable to malicious attacks by third parties.<\/span><\/li><\/ul><p>\u00a0<\/p><p>\u00a0<\/p><p>\u00a0<\/p><p><b>ACCORDING TO THE PROPERTY<\/b><\/p><ul><li style=\"font-weight: 400;\" aria-level=\"1\"><b><i>Cookies<\/i><\/b><b> own<\/b><span style=\"font-weight: 400;\">: These are those sent to the user&#039;s terminal equipment from a computer or domain managed by the publisher itself and from which the service requested by the user is provided.\u00a0<\/span><\/li><li style=\"font-weight: 400;\" aria-level=\"1\"><b><i>Cookies<\/i><\/b> <b>from third parties:<\/b><span style=\"font-weight: 400;\"> These are cookies that are sent to the user&#039;s terminal equipment from a computer or domain that is not managed by the publisher, but by another entity that processes the data obtained through the cookies.<\/span><\/li><\/ul><p><span style=\"font-weight: 400;\"><br \/><\/span><b>ACCORDING TO THE CONSERVATION PERIOD<\/b><\/p><ul><li style=\"font-weight: 400;\" aria-level=\"1\"><b><i>Cookies<\/i><\/b><b> session:<\/b><span style=\"font-weight: 400;\"> They are a type of <\/span><i><span style=\"font-weight: 400;\">cookies<\/span><\/i><span style=\"font-weight: 400;\"> designed to collect and store data while the user accesses a web page.\u00a0<\/span><\/li><li style=\"font-weight: 400;\" aria-level=\"1\"><b><i>Cookies<\/i><\/b><b> persistent:<\/b><span style=\"font-weight: 400;\"> They are a type of cookies in which the data remains stored in the terminal and can be accessed and processed during a period defined by the person responsible for the <\/span><i><span style=\"font-weight: 400;\">cookie<\/span><\/i><span style=\"font-weight: 400;\">, and that can range from a few minutes to several years.<\/span><\/li><\/ul><p><b>PROCESSING OF PERSONAL DATA<\/b><\/p><p><span style=\"font-weight: 400;\">QUIMI ROMAR SLU is the <\/span><b>Data controller<\/b><span style=\"font-weight: 400;\"> of the personal data of the <\/span><b>Interested <\/b><span style=\"font-weight: 400;\">and informs you that these data will be processed in accordance with the provisions of Regulation (EU) 2016\/679 of April 27, 2016 (GDPR), and therefore the following processing information is provided:<\/span><\/p><p><b>Purposes of processing: <\/b><span style=\"font-weight: 400;\">as specified in the section on <\/span><i><span style=\"font-weight: 400;\">cookies <\/span><\/i><span style=\"font-weight: 400;\">that are used on this website.<\/span><\/p><p><b>Legitimation of the treatment<\/b><span style=\"font-weight: 400;\">: except in cases where it is necessary for browsing the website, with the consent of the interested party (art. 6.1.a GDPR).<\/span><\/p><p><b>Data retention criteria<\/b><span style=\"font-weight: 400;\">: as specified in the section on <\/span><i><span style=\"font-weight: 400;\">cookies <\/span><\/i><span style=\"font-weight: 400;\">used on the web.<\/span><\/p><p><b>Communication of data<\/b><span style=\"font-weight: 400;\">: Data will not be communicated to third parties, except in cookies owned by third parties or by legal obligation.<\/span><\/p><p><b>Rights of the Interested Party<\/b><span style=\"font-weight: 400;\">:<\/span><\/p><p><span style=\"font-weight: 400;\">\u2013 Right to withdraw consent at any time.<\/span><span style=\"font-weight: 400;\"><br \/><\/span><span style=\"font-weight: 400;\">\u2013 Right to access, rectify, transfer, and erase your data, as well as to limit or oppose its processing.<\/span><span style=\"font-weight: 400;\"><br \/><\/span><span style=\"font-weight: 400;\">\u2013 The right to file a complaint with the Supervisory Authority (www.aepd.es) if you consider that the processing does not comply with current regulations.<\/span><\/p><p><b>Contact information to exercise your rights:<\/b><\/p><p><span style=\"font-weight: 400;\">QUIMI ROMAR SLU.<\/span> <span style=\"font-weight: 400;\">CRTA. MONCADA A NAQUERA CV 315, KM 11.2, \u2013 46119 NAQUERA (Val\u00e8ncia). Email: info@quimiromar.com<\/span><\/p><p><span style=\"font-weight: 400;\">\u00a0<\/span><\/p><p><span style=\"font-weight: 400;\">\u00a0<\/span><\/p><p><b>COOKIES USED ON THIS WEBSITE<\/b><\/p><p><b>COOKIES CONTROLLED BY THE EDITOR<\/b><\/p><p><b>Techniques and functional<\/b><\/p><table><tbody><tr><td><b>Property<\/b><\/td><td><b>Cookie<\/b><\/td><td><b>Purpose<\/b><\/td><td><b>Term<\/b><\/td><\/tr><tr><td><span style=\"font-weight: 400;\">romanglobalcare.com<\/span><\/td><td><b>cookies-consent<\/b><\/td><td><span style=\"font-weight: 400;\">Cookie necessary for the use of the website&#039;s options and services<\/span><\/td><td><span style=\"font-weight: 400;\">in a year<\/span><\/td><\/tr><\/tbody><\/table><p><b>THIRD-PARTY COOKIES<\/b><\/p><p><span style=\"font-weight: 400;\">Third-party services are beyond the publisher&#039;s control. Providers may modify their terms of service, purpose, and use of cookies at any time.<\/span><\/p><p><b>Third-party providers of this website:<\/b><\/p><p><span style=\"font-weight: 400;\">No cookies controlled by third parties are installed<\/span><\/p><p><b>COOKIE SETTINGS PANEL<\/b><\/p><p><span style=\"font-weight: 400;\">From this panel, you can configure the cookies that the website can install in your browser, except for technical or functional cookies that are necessary for browsing and using the different options or services offered.<\/span><\/p><p><span style=\"font-weight: 400;\">Cookie panel<\/span><\/p><p><b>HOW TO MANAGE COOKIES FROM THE BROWSER<\/b><\/p><table><tbody><tr><td><b>Delete cookies from your device\u00a0<\/b><\/td><td><span style=\"font-weight: 400;\">Cookies already on a device can be deleted by clearing your browser history, which will delete cookies from all visited websites.<\/span><span style=\"font-weight: 400;\"><br \/><\/span><span style=\"font-weight: 400;\">However, some saved information (such as login details or website preferences) may also be lost.<\/span><\/td><\/tr><tr><td><b>Manage site-specific cookies\u00a0<\/b><\/td><td><span style=\"font-weight: 400;\">For more precise control over site-specific cookies, users can adjust their privacy and cookie settings in their browser.<\/span><\/td><\/tr><tr><td><b>Block cookies\u00a0<\/b><\/td><td><span style=\"font-weight: 400;\">Although most modern browsers can be configured to prevent cookies from being installed on your device, this may require you to manually adjust certain preferences each time you visit a site or page. Additionally, some services and features may not function properly (e.g., profile logins).<\/span><\/td><\/tr><\/tbody><\/table><p><b style=\"font-style: inherit;\">HOW TO DELETE COOKIES FROM THE MOST COMMON BROWSERS<\/b><\/p><table><tbody><tr><td><b>Chrome<\/b><\/td><td><a href=\"http:\/\/support.google.com\/chrome\/answer\/95647?hl=es\"><span style=\"font-weight: 400;\">http:\/\/support.google.com\/chrome\/answer\/95647?hl=es<\/span><\/a><\/td><\/tr><tr><td><b>Edge<\/b><\/td><td><a href=\"https:\/\/support.microsoft.com\/es-es\/microsoft-edge\/eliminar-las-cookies-en-microsoft-edge-63947406-40ac-c3b8-57b9-2a946a29ae09\"><span style=\"font-weight: 400;\">https:\/\/support.microsoft.com\/es-es\/microsoft-edge\/eliminar-las-cookies-en-microsoft-edge-63947406-40ac-c3b8-57b9-2a946a29ae09<\/span><\/a><\/td><\/tr><tr><td><b>Explorer<\/b><\/td><td><a href=\"https:\/\/support.microsoft.com\/es-es\/help\/278835\/how-to-delete-cookie-files-in-internet-explorer\"><span style=\"font-weight: 400;\">https:\/\/support.microsoft.com\/es-es\/help\/278835\/how-to-delete-cookie-files-in-internet-explorer<\/span><\/a><\/td><\/tr><tr><td><b>Firefox\u00a0<\/b><\/td><td><a href=\"https:\/\/www.mozilla.org\/es-ES\/privacy\/websites\/#cookies\"><span style=\"font-weight: 400;\">https:\/\/www.mozilla.org\/es-ES\/privacy\/websites\/#cookies<\/span><\/a><\/td><\/tr><tr><td><b>Safari<\/b><\/td><td><a href=\"https:\/\/support.apple.com\/es-es\/guide\/safari\/sfri11471\/mac\"><span style=\"font-weight: 400;\">https:\/\/support.apple.com\/es-es\/guide\/safari\/sfri11471\/mac<\/span><\/a><\/td><\/tr><tr><td><b>Opera<\/b><\/td><td><a href=\"https:\/\/help.opera.com\/en\/latest\/security-and-privacy\/#clearBrowsingData\"><span style=\"font-weight: 400;\">https:\/\/help.opera.com\/en\/latest\/security-and-privacy\/#clearBrowsingData<\/span><\/a><\/td><\/tr><\/tbody><\/table><p>\u00a0<\/p>\t\t\t\t\t\t\t\t<\/div>\n\t\t\t\t<\/div>\n\t\t\t\t\t<\/div>\n\t\t\t\t<\/div>\n\t\t\t\t<\/div>","protected":false},"excerpt":{"rendered":"<p>COOKIE POLICY COOKIE POLICY INFORMATION ABOUT COOKIES In accordance with Law 34\/2002, of July 11, on [\u2026]<\/p>","protected":false},"author":1,"featured_media":3529,"parent":0,"menu_order":0,"comment_status":"closed","ping_status":"closed","template":"","meta":{"_acf_changed":false,"_eb_attr":"","site-sidebar-layout":"no-sidebar","site-content-layout":"","ast-site-content-layout":"full-width-container","site-content-style":"default","site-sidebar-style":"default","ast-global-header-display":"","ast-banner-title-visibility":"","ast-main-header-display":"","ast-hfb-above-header-display":"","ast-hfb-below-header-display":"","ast-hfb-mobile-header-display":"","site-post-title":"disabled","ast-breadcrumbs-content":"","ast-featured-img":"disabled","footer-sml-layout":"","ast-disable-related-posts":"","theme-transparent-header-meta":"","adv-header-id-meta":"","stick-header-meta":"","header-above-stick-meta":"","header-main-stick-meta":"","header-below-stick-meta":"","astra-migrate-meta-layouts":"default","ast-page-background-enabled":"default","ast-page-background-meta":{"desktop":{"background-color":"var(--ast-global-color-4)","background-image":"","background-repeat":"repeat","background-position":"center center","background-size":"auto","background-attachment":"scroll","background-type":"","background-media":"","overlay-type":"","overlay-color":"","overlay-opacity":"","overlay-gradient":""},"tablet":{"background-color":"","background-image":"","background-repeat":"repeat","background-position":"center center","background-size":"auto","background-attachment":"scroll","background-type":"","background-media":"","overlay-type":"","overlay-color":"","overlay-opacity":"","overlay-gradient":""},"mobile":{"background-color":"","background-image":"","background-repeat":"repeat","background-position":"center center","background-size":"auto","background-attachment":"scroll","background-type":"","background-media":"","overlay-type":"","overlay-color":"","overlay-opacity":"","overlay-gradient":""}},"ast-content-background-meta":{"desktop":{"background-color":"var(--ast-global-color-5)","background-image":"","background-repeat":"repeat","background-position":"center center","background-size":"auto","background-attachment":"scroll","background-type":"","background-media":"","overlay-type":"","overlay-color":"","overlay-opacity":"","overlay-gradient":""},"tablet":{"background-color":"var(--ast-global-color-5)","background-image":"","background-repeat":"repeat","background-position":"center center","background-size":"auto","background-attachment":"scroll","background-type":"","background-media":"","overlay-type":"","overlay-color":"","overlay-opacity":"","overlay-gradient":""},"mobile":{"background-color":"var(--ast-global-color-5)","background-image":"","background-repeat":"repeat","background-position":"center center","background-size":"auto","background-attachment":"scroll","background-type":"","background-media":"","overlay-type":"","overlay-color":"","overlay-opacity":"","overlay-gradient":""}},"footnotes":""},"class_list":["post-485","page","type-page","status-publish","has-post-thumbnail","hentry"],"acf":[],"yoast_head":"<!-- This site is optimized with the Yoast SEO plugin v27.2 - https:\/\/yoast.com\/product\/yoast-seo-wordpress\/ -->\n<title>Pol\u00edtica de Cookies - Romar Global Care<\/title>\n<meta name=\"robots\" content=\"noindex, nofollow\" \/>\n<meta property=\"og:locale\" content=\"en_US\" \/>\n<meta property=\"og:type\" content=\"article\" \/>\n<meta property=\"og:title\" content=\"Pol\u00edtica de Cookies - Romar Global Care\" \/>\n<meta property=\"og:description\" content=\"POL\u00cdTICA DE COOKIES POL\u00cdTICA DE COOKIES INFORMACI\u00d3N SOBRE COOKIES\u00a0 Conforme con la Ley 34\/2002, de 11 de julio, de servicios [&hellip;]\" \/>\n<meta property=\"og:url\" content=\"https:\/\/romarglobalcare.com\/en\/politica-de-cookies\/\" \/>\n<meta property=\"og:site_name\" content=\"Romar Global Care\" \/>\n<meta property=\"article:modified_time\" content=\"2024-09-25T10:21:42+00:00\" \/>\n<meta property=\"og:image\" content=\"https:\/\/romarglobalcare.com\/wp-content\/uploads\/2024\/06\/RGC-RomarGlobalCare-pantone7470C.png\" \/>\n\t<meta property=\"og:image:width\" content=\"886\" \/>\n\t<meta property=\"og:image:height\" content=\"886\" \/>\n\t<meta property=\"og:image:type\" content=\"image\/png\" \/>\n<meta name=\"twitter:card\" content=\"summary_large_image\" \/>\n<meta name=\"twitter:label1\" content=\"Est. reading time\" \/>\n\t<meta name=\"twitter:data1\" content=\"6 minutes\" \/>\n<script type=\"application\/ld+json\" class=\"yoast-schema-graph\">{\"@context\":\"https:\/\/schema.org\",\"@graph\":[{\"@type\":\"WebPage\",\"@id\":\"https:\/\/romarglobalcare.com\/politica-de-cookies\/\",\"url\":\"https:\/\/romarglobalcare.com\/politica-de-cookies\/\",\"name\":\"Pol\u00edtica de Cookies - Romar Global Care\",\"isPartOf\":{\"@id\":\"https:\/\/romarglobalcare.com\/#website\"},\"primaryImageOfPage\":{\"@id\":\"https:\/\/romarglobalcare.com\/politica-de-cookies\/#primaryimage\"},\"image\":{\"@id\":\"https:\/\/romarglobalcare.com\/politica-de-cookies\/#primaryimage\"},\"thumbnailUrl\":\"https:\/\/romarglobalcare.com\/wp-content\/uploads\/2024\/06\/RGC-RomarGlobalCare-pantone7470C.png\",\"datePublished\":\"2024-04-02T08:48:24+00:00\",\"dateModified\":\"2024-09-25T10:21:42+00:00\",\"breadcrumb\":{\"@id\":\"https:\/\/romarglobalcare.com\/politica-de-cookies\/#breadcrumb\"},\"inLanguage\":\"en-US\",\"potentialAction\":[{\"@type\":\"ReadAction\",\"target\":[\"https:\/\/romarglobalcare.com\/politica-de-cookies\/\"]}]},{\"@type\":\"ImageObject\",\"inLanguage\":\"en-US\",\"@id\":\"https:\/\/romarglobalcare.com\/politica-de-cookies\/#primaryimage\",\"url\":\"https:\/\/romarglobalcare.com\/wp-content\/uploads\/2024\/06\/RGC-RomarGlobalCare-pantone7470C.png\",\"contentUrl\":\"https:\/\/romarglobalcare.com\/wp-content\/uploads\/2024\/06\/RGC-RomarGlobalCare-pantone7470C.png\",\"width\":886,\"height\":886},{\"@type\":\"BreadcrumbList\",\"@id\":\"https:\/\/romarglobalcare.com\/politica-de-cookies\/#breadcrumb\",\"itemListElement\":[{\"@type\":\"ListItem\",\"position\":1,\"name\":\"Portada\",\"item\":\"https:\/\/romarglobalcare.com\/\"},{\"@type\":\"ListItem\",\"position\":2,\"name\":\"Pol\u00edtica de Cookies\"}]},{\"@type\":\"WebSite\",\"@id\":\"https:\/\/romarglobalcare.com\/#website\",\"url\":\"https:\/\/romarglobalcare.com\/\",\"name\":\"Romar Global Care\",\"description\":\"\",\"publisher\":{\"@id\":\"https:\/\/romarglobalcare.com\/#organization\"},\"potentialAction\":[{\"@type\":\"SearchAction\",\"target\":{\"@type\":\"EntryPoint\",\"urlTemplate\":\"https:\/\/romarglobalcare.com\/?s={search_term_string}\"},\"query-input\":{\"@type\":\"PropertyValueSpecification\",\"valueRequired\":true,\"valueName\":\"search_term_string\"}}],\"inLanguage\":\"en-US\"},{\"@type\":\"Organization\",\"@id\":\"https:\/\/romarglobalcare.com\/#organization\",\"name\":\"Romar Global Care\",\"url\":\"https:\/\/romarglobalcare.com\/\",\"logo\":{\"@type\":\"ImageObject\",\"inLanguage\":\"en-US\",\"@id\":\"https:\/\/romarglobalcare.com\/#\/schema\/logo\/image\/\",\"url\":\"https:\/\/romarglobalcare.com\/wp-content\/uploads\/2024\/06\/cropped-logo-footer-1.png\",\"contentUrl\":\"https:\/\/romarglobalcare.com\/wp-content\/uploads\/2024\/06\/cropped-logo-footer-1.png\",\"width\":512,\"height\":512,\"caption\":\"Romar Global Care\"},\"image\":{\"@id\":\"https:\/\/romarglobalcare.com\/#\/schema\/logo\/image\/\"}}]}<\/script>\n<!-- \/ Yoast SEO plugin. -->","yoast_head_json":{"title":"Pol\u00edtica de Cookies - Romar Global Care","robots":{"index":"noindex","follow":"nofollow"},"og_locale":"en_US","og_type":"article","og_title":"Pol\u00edtica de Cookies - Romar Global Care","og_description":"POL\u00cdTICA DE COOKIES POL\u00cdTICA DE COOKIES INFORMACI\u00d3N SOBRE COOKIES\u00a0 Conforme con la Ley 34\/2002, de 11 de julio, de servicios [&hellip;]","og_url":"https:\/\/romarglobalcare.com\/en\/politica-de-cookies\/","og_site_name":"Romar Global Care","article_modified_time":"2024-09-25T10:21:42+00:00","og_image":[{"width":886,"height":886,"url":"https:\/\/romarglobalcare.com\/wp-content\/uploads\/2024\/06\/RGC-RomarGlobalCare-pantone7470C.png","type":"image\/png"}],"twitter_card":"summary_large_image","twitter_misc":{"Est. reading time":"6 minutes"},"schema":{"@context":"https:\/\/schema.org","@graph":[{"@type":"WebPage","@id":"https:\/\/romarglobalcare.com\/politica-de-cookies\/","url":"https:\/\/romarglobalcare.com\/politica-de-cookies\/","name":"Pol\u00edtica de Cookies - Romar Global Care","isPartOf":{"@id":"https:\/\/romarglobalcare.com\/#website"},"primaryImageOfPage":{"@id":"https:\/\/romarglobalcare.com\/politica-de-cookies\/#primaryimage"},"image":{"@id":"https:\/\/romarglobalcare.com\/politica-de-cookies\/#primaryimage"},"thumbnailUrl":"https:\/\/romarglobalcare.com\/wp-content\/uploads\/2024\/06\/RGC-RomarGlobalCare-pantone7470C.png","datePublished":"2024-04-02T08:48:24+00:00","dateModified":"2024-09-25T10:21:42+00:00","breadcrumb":{"@id":"https:\/\/romarglobalcare.com\/politica-de-cookies\/#breadcrumb"},"inLanguage":"en-US","potentialAction":[{"@type":"ReadAction","target":["https:\/\/romarglobalcare.com\/politica-de-cookies\/"]}]},{"@type":"ImageObject","inLanguage":"en-US","@id":"https:\/\/romarglobalcare.com\/politica-de-cookies\/#primaryimage","url":"https:\/\/romarglobalcare.com\/wp-content\/uploads\/2024\/06\/RGC-RomarGlobalCare-pantone7470C.png","contentUrl":"https:\/\/romarglobalcare.com\/wp-content\/uploads\/2024\/06\/RGC-RomarGlobalCare-pantone7470C.png","width":886,"height":886},{"@type":"BreadcrumbList","@id":"https:\/\/romarglobalcare.com\/politica-de-cookies\/#breadcrumb","itemListElement":[{"@type":"ListItem","position":1,"name":"Portada","item":"https:\/\/romarglobalcare.com\/"},{"@type":"ListItem","position":2,"name":"Pol\u00edtica de Cookies"}]},{"@type":"WebSite","@id":"https:\/\/romarglobalcare.com\/#website","url":"https:\/\/romarglobalcare.com\/","name":"Romar Global Care","description":"","publisher":{"@id":"https:\/\/romarglobalcare.com\/#organization"},"potentialAction":[{"@type":"SearchAction","target":{"@type":"EntryPoint","urlTemplate":"https:\/\/romarglobalcare.com\/?s={search_term_string}"},"query-input":{"@type":"PropertyValueSpecification","valueRequired":true,"valueName":"search_term_string"}}],"inLanguage":"en-US"},{"@type":"Organization","@id":"https:\/\/romarglobalcare.com\/#organization","name":"Romar Global Care","url":"https:\/\/romarglobalcare.com\/","logo":{"@type":"ImageObject","inLanguage":"en-US","@id":"https:\/\/romarglobalcare.com\/#\/schema\/logo\/image\/","url":"https:\/\/romarglobalcare.com\/wp-content\/uploads\/2024\/06\/cropped-logo-footer-1.png","contentUrl":"https:\/\/romarglobalcare.com\/wp-content\/uploads\/2024\/06\/cropped-logo-footer-1.png","width":512,"height":512,"caption":"Romar Global Care"},"image":{"@id":"https:\/\/romarglobalcare.com\/#\/schema\/logo\/image\/"}}]}},"_links":{"self":[{"href":"https:\/\/romarglobalcare.com\/en\/wp-json\/wp\/v2\/pages\/485","targetHints":{"allow":["GET"]}}],"collection":[{"href":"https:\/\/romarglobalcare.com\/en\/wp-json\/wp\/v2\/pages"}],"about":[{"href":"https:\/\/romarglobalcare.com\/en\/wp-json\/wp\/v2\/types\/page"}],"author":[{"embeddable":true,"href":"https:\/\/romarglobalcare.com\/en\/wp-json\/wp\/v2\/users\/1"}],"replies":[{"embeddable":true,"href":"https:\/\/romarglobalcare.com\/en\/wp-json\/wp\/v2\/comments?post=485"}],"version-history":[{"count":5,"href":"https:\/\/romarglobalcare.com\/en\/wp-json\/wp\/v2\/pages\/485\/revisions"}],"predecessor-version":[{"id":4192,"href":"https:\/\/romarglobalcare.com\/en\/wp-json\/wp\/v2\/pages\/485\/revisions\/4192"}],"wp:featuredmedia":[{"embeddable":true,"href":"https:\/\/romarglobalcare.com\/en\/wp-json\/wp\/v2\/media\/3529"}],"wp:attachment":[{"href":"https:\/\/romarglobalcare.com\/en\/wp-json\/wp\/v2\/media?parent=485"}],"curies":[{"name":"wp","href":"https:\/\/api.w.org\/{rel}","templated":true}]}}